
{"id":12994,"date":"2025-06-04T10:30:41","date_gmt":"2025-06-04T08:30:41","guid":{"rendered":"https:\/\/visualiseringscenter.se\/?page_id=12994"},"modified":"2025-06-25T14:11:42","modified_gmt":"2025-06-25T12:11:42","slug":"wisdome-3","status":"publish","type":"page","link":"https:\/\/visualiseringscenter.se\/en\/visit\/summer-at-c-4\/wisdome-3\/","title":{"rendered":"Immersive guided tour"},"content":{"rendered":"<figure class=\"wp-block-post-featured-image\"><img loading=\"lazy\" decoding=\"async\" width=\"2000\" height=\"1163\" src=\"https:\/\/visualiseringscenter.se\/wp-content\/uploads\/2025\/06\/Vetenskapsmysteriet_Sommar_pa_C_2.png\" class=\"attachment-post-thumbnail size-post-thumbnail wp-post-image\" alt=\"\" style=\"object-fit:cover;\" srcset=\"https:\/\/visualiseringscenter.se\/wp-content\/uploads\/2025\/06\/Vetenskapsmysteriet_Sommar_pa_C_2.png 2000w, https:\/\/visualiseringscenter.se\/wp-content\/uploads\/2025\/06\/Vetenskapsmysteriet_Sommar_pa_C_2-300x174.png 300w, https:\/\/visualiseringscenter.se\/wp-content\/uploads\/2025\/06\/Vetenskapsmysteriet_Sommar_pa_C_2-1024x595.png 1024w, https:\/\/visualiseringscenter.se\/wp-content\/uploads\/2025\/06\/Vetenskapsmysteriet_Sommar_pa_C_2-768x447.png 768w, https:\/\/visualiseringscenter.se\/wp-content\/uploads\/2025\/06\/Vetenskapsmysteriet_Sommar_pa_C_2-1536x893.png 1536w, https:\/\/visualiseringscenter.se\/wp-content\/uploads\/2025\/06\/Vetenskapsmysteriet_Sommar_pa_C_2-600x349.png 600w\" sizes=\"auto, (max-width: 2000px) 100vw, 2000px\" \/><\/figure>\n<div class=\"wp-block-group is-style-narrow\"><div class=\"wp-block-group__inner-container is-layout-constrained wp-block-group-is-layout-constrained\">\n<div class=\"wp-block-group is-style-narrow\"><div class=\"wp-block-group__inner-container is-layout-constrained wp-block-group-is-layout-constrained\">\n<div class=\"wp-block-columns is-layout-flex wp-container-core-columns-is-layout-9d6595d7 wp-block-columns-is-layout-flex\">\n<div class=\"wp-block-column is-layout-flow wp-block-column-is-layout-flow\" style=\"flex-basis:75%\"><div class=\"yoast-breadcrumbs\"><span><span><a href=\"https:\/\/visualiseringscenter.se\/en\/visit\/\">Visit<\/a><\/span> <i class=\"fa-light fa-arrow-right\"><\/i> <span><a href=\"https:\/\/visualiseringscenter.se\/en\/visit\/summer-at-c-4\/\">Summer at C<\/a><\/span> <i class=\"fa-light fa-arrow-right\"><\/i> <span class=\"breadcrumb_last\" aria-current=\"page\">Immersive guided tour<\/span><\/span><\/div>\n\n\n<h2 class=\"wp-block-heading\">The Science Mystery<\/h2>\n\n\n\n<p>What secrets lie hidden within a 2,000-year-old mummy? What does it mean to come face to face with a lion?<\/p>\n\n\n\n<p>In The Science Mystery, our knowledgeable educators and guides have selected some of the best stories from our exciting exhibitions. Listen, watch, and experience mysteries, secrets, and encounters that will leave a lasting impression on the whole family.<\/p>\n\n\n\n<p>The Science Mystery is offered once daily and lasts approximately 15\u201320 minutes. Meet at the reception about 5 minutes before the start.<\/p>\n\n\n\n<h5 class=\"wp-block-heading\"><strong data-start=\"577\" data-end=\"619\">Current Science Mysteries this Summer:<\/strong><\/h5>\n\n\n\n<p><strong data-start=\"622\" data-end=\"662\">Discover the Mummy\u2019s Hidden Treasure<\/strong><br data-start=\"662\" data-end=\"665\"\/>For over 2,000 years, the mummy Neswaiu has lain protected in her wrappings, guarding all her secrets. Do you have what it takes to uncover the mummy\u2019s great secret?<\/p>\n\n\n\n<p><strong data-start=\"832\" data-end=\"860\">Face to Face with a Lion<\/strong><br data-start=\"860\" data-end=\"863\"\/>With groundbreaking technology, we get up close to a lion and other dangerous and fascinating animals. Do you have the courage for a close encounter?<\/p>\n<\/div>\n\n\n\n<div class=\"wp-block-column is-style-border has-small-font-size is-layout-flow wp-block-column-is-layout-flow\" style=\"flex-basis:33%\">\n<h3 class=\"wp-block-heading\">Information<\/h3>\n\n\n\n<p><strong data-start=\"1032\" data-end=\"1045\">Location:<\/strong> Our exhibitions<br data-start=\"1061\" data-end=\"1064\"\/><strong data-start=\"1064\" data-end=\"1074\">Price:<\/strong> Free of charge<br data-start=\"1089\" data-end=\"1092\"\/><strong data-start=\"1092\" data-end=\"1112\">Recommended Age:<\/strong> For the whole family<br data-start=\"1133\" data-end=\"1136\"\/><strong data-start=\"1136\" data-end=\"1148\">Booking:<\/strong> Booking is not required. Meet at the reception about 5 minutes before the start.<\/p>\n<\/div>\n<\/div>\n<\/div><\/div>\n<\/div><\/div>\n\n<div class=\"wp-block-group is-style-narrow\"><div class=\"wp-block-group__inner-container is-layout-constrained wp-block-group-is-layout-constrained\">\n<div class=\"wp-block-buttons is-layout-flex wp-block-buttons-is-layout-flex\">\n<div class=\"wp-block-button is-style-simple\"><a class=\"wp-block-button__link wp-element-button\" href=\"https:\/\/visualiseringscenter.se\/en\/visit\/summer-at-c-4\/\">See the full summer program<\/a><\/div>\n<\/div>\n<\/div><\/div>\n","protected":false},"excerpt":{"rendered":"<p>The Science Mystery What secrets lie hidden within a 2,000-year-old mummy? What does it mean to come face to face with a lion? In The Science Mystery, our knowledgeable educators and guides have selected some of the best stories from our exciting exhibitions. Listen, watch, and experience mysteries, secrets, and encounters that will leave a [&hellip;]<\/p>\n","protected":false},"author":4,"featured_media":14641,"parent":16314,"menu_order":0,"comment_status":"closed","ping_status":"closed","template":"","meta":{"_acf_changed":false,"footnotes":""},"class_list":["post-12994","page","type-page","status-publish","has-post-thumbnail","hentry"],"acf":[],"yoast_head":"<!-- This site is optimized with the Yoast SEO plugin v27.1.1 - https:\/\/yoast.com\/product\/yoast-seo-wordpress\/ -->\n<title>Immersive guided tour | Visualiseringscenter C<\/title>\n<meta name=\"description\" content=\"Experience mysteries, secrets, and encounters that leave a lasting impression on the whole family. Welcome to The Science Mystery!\" \/>\n<meta name=\"robots\" content=\"index, follow, max-snippet:-1, max-image-preview:large, max-video-preview:-1\" \/>\n<link rel=\"canonical\" href=\"https:\/\/visualiseringscenter.se\/en\/visit\/summer-at-c-4\/wisdome-3\/\" \/>\n<meta property=\"og:locale\" content=\"en_US\" \/>\n<meta property=\"og:type\" content=\"article\" \/>\n<meta property=\"og:title\" content=\"Immersive guided tour | Visualiseringscenter C\" \/>\n<meta property=\"og:description\" content=\"Experience mysteries, secrets, and encounters that leave a lasting impression on the whole family. Welcome to The Science Mystery!\" \/>\n<meta property=\"og:url\" content=\"https:\/\/visualiseringscenter.se\/en\/visit\/summer-at-c-4\/wisdome-3\/\" \/>\n<meta property=\"og:site_name\" content=\"Visualiseringscenter C\" \/>\n<meta property=\"article:modified_time\" content=\"2025-06-25T12:11:42+00:00\" \/>\n<meta property=\"og:image\" content=\"https:\/\/visualiseringscenter.se\/wp-content\/uploads\/2025\/06\/Vetenskapsmysteriet_Sommar_pa_C_2-1024x595.png\" \/>\n\t<meta property=\"og:image:width\" content=\"1024\" \/>\n\t<meta property=\"og:image:height\" content=\"595\" \/>\n\t<meta property=\"og:image:type\" content=\"image\/png\" \/>\n<meta name=\"twitter:card\" content=\"summary_large_image\" \/>\n<meta name=\"twitter:label1\" content=\"Est. reading time\" \/>\n\t<meta name=\"twitter:data1\" content=\"4 minutes\" \/>\n<script type=\"application\/ld+json\" class=\"yoast-schema-graph\">{\"@context\":\"https:\/\/schema.org\",\"@graph\":[{\"@type\":\"WebPage\",\"@id\":\"https:\/\/visualiseringscenter.se\/en\/visit\/summer-at-c-4\/wisdome-3\/\",\"url\":\"https:\/\/visualiseringscenter.se\/en\/visit\/summer-at-c-4\/wisdome-3\/\",\"name\":\"Immersive guided tour | Visualiseringscenter C\",\"isPartOf\":{\"@id\":\"https:\/\/visualiseringscenter.se\/#website\"},\"primaryImageOfPage\":{\"@id\":\"https:\/\/visualiseringscenter.se\/en\/visit\/summer-at-c-4\/wisdome-3\/#primaryimage\"},\"image\":{\"@id\":\"https:\/\/visualiseringscenter.se\/en\/visit\/summer-at-c-4\/wisdome-3\/#primaryimage\"},\"thumbnailUrl\":\"https:\/\/visualiseringscenter.se\/wp-content\/uploads\/2025\/06\/Vetenskapsmysteriet_Sommar_pa_C_2.png\",\"datePublished\":\"2025-06-04T08:30:41+00:00\",\"dateModified\":\"2025-06-25T12:11:42+00:00\",\"description\":\"Experience mysteries, secrets, and encounters that leave a lasting impression on the whole family. Welcome to The Science Mystery!\",\"breadcrumb\":{\"@id\":\"https:\/\/visualiseringscenter.se\/en\/visit\/summer-at-c-4\/wisdome-3\/#breadcrumb\"},\"inLanguage\":\"en-US\",\"potentialAction\":[{\"@type\":\"ReadAction\",\"target\":[\"https:\/\/visualiseringscenter.se\/en\/visit\/summer-at-c-4\/wisdome-3\/\"]}]},{\"@type\":\"ImageObject\",\"inLanguage\":\"en-US\",\"@id\":\"https:\/\/visualiseringscenter.se\/en\/visit\/summer-at-c-4\/wisdome-3\/#primaryimage\",\"url\":\"https:\/\/visualiseringscenter.se\/wp-content\/uploads\/2025\/06\/Vetenskapsmysteriet_Sommar_pa_C_2.png\",\"contentUrl\":\"https:\/\/visualiseringscenter.se\/wp-content\/uploads\/2025\/06\/Vetenskapsmysteriet_Sommar_pa_C_2.png\",\"width\":2000,\"height\":1163},{\"@type\":\"BreadcrumbList\",\"@id\":\"https:\/\/visualiseringscenter.se\/en\/visit\/summer-at-c-4\/wisdome-3\/#breadcrumb\",\"itemListElement\":[{\"@type\":\"ListItem\",\"position\":1,\"name\":\"Visit\",\"item\":\"https:\/\/visualiseringscenter.se\/en\/visit\/\"},{\"@type\":\"ListItem\",\"position\":2,\"name\":\"Summer at C\",\"item\":\"https:\/\/visualiseringscenter.se\/en\/visit\/summer-at-c-4\/\"},{\"@type\":\"ListItem\",\"position\":3,\"name\":\"Immersive guided tour\"}]},{\"@type\":\"WebSite\",\"@id\":\"https:\/\/visualiseringscenter.se\/#website\",\"url\":\"https:\/\/visualiseringscenter.se\/\",\"name\":\"Visualiceringscenter C\",\"description\":\"En m\u00f6tesplats kring visualisering f\u00f6r forskning, n\u00e4ringsliv, allm\u00e4nhet och skola\",\"publisher\":{\"@id\":\"https:\/\/visualiseringscenter.se\/#organization\"},\"potentialAction\":[{\"@type\":\"SearchAction\",\"target\":{\"@type\":\"EntryPoint\",\"urlTemplate\":\"https:\/\/visualiseringscenter.se\/?s={search_term_string}\"},\"query-input\":{\"@type\":\"PropertyValueSpecification\",\"valueRequired\":true,\"valueName\":\"search_term_string\"}}],\"inLanguage\":\"en-US\"},{\"@type\":\"Organization\",\"@id\":\"https:\/\/visualiseringscenter.se\/#organization\",\"name\":\"Visualiseringscenter C\",\"url\":\"https:\/\/visualiseringscenter.se\/\",\"logo\":{\"@type\":\"ImageObject\",\"inLanguage\":\"en-US\",\"@id\":\"https:\/\/visualiseringscenter.se\/#\/schema\/logo\/image\/\",\"url\":\"https:\/\/visualiseringscenter.se\/wp-content\/uploads\/2024\/03\/logo_small.png\",\"contentUrl\":\"https:\/\/visualiseringscenter.se\/wp-content\/uploads\/2024\/03\/logo_small.png\",\"width\":713,\"height\":735,\"caption\":\"Visualiseringscenter C\"},\"image\":{\"@id\":\"https:\/\/visualiseringscenter.se\/#\/schema\/logo\/image\/\"}}]}<\/script>\n<!-- \/ Yoast SEO plugin. -->","yoast_head_json":{"title":"Immersive guided tour | Visualiseringscenter C","description":"Experience mysteries, secrets, and encounters that leave a lasting impression on the whole family. Welcome to The Science Mystery!","robots":{"index":"index","follow":"follow","max-snippet":"max-snippet:-1","max-image-preview":"max-image-preview:large","max-video-preview":"max-video-preview:-1"},"canonical":"https:\/\/visualiseringscenter.se\/en\/visit\/summer-at-c-4\/wisdome-3\/","og_locale":"en_US","og_type":"article","og_title":"Immersive guided tour | Visualiseringscenter C","og_description":"Experience mysteries, secrets, and encounters that leave a lasting impression on the whole family. Welcome to The Science Mystery!","og_url":"https:\/\/visualiseringscenter.se\/en\/visit\/summer-at-c-4\/wisdome-3\/","og_site_name":"Visualiseringscenter C","article_modified_time":"2025-06-25T12:11:42+00:00","og_image":[{"width":1024,"height":595,"url":"https:\/\/visualiseringscenter.se\/wp-content\/uploads\/2025\/06\/Vetenskapsmysteriet_Sommar_pa_C_2-1024x595.png","type":"image\/png"}],"twitter_card":"summary_large_image","twitter_misc":{"Est. reading time":"4 minutes"},"schema":{"@context":"https:\/\/schema.org","@graph":[{"@type":"WebPage","@id":"https:\/\/visualiseringscenter.se\/en\/visit\/summer-at-c-4\/wisdome-3\/","url":"https:\/\/visualiseringscenter.se\/en\/visit\/summer-at-c-4\/wisdome-3\/","name":"Immersive guided tour | Visualiseringscenter C","isPartOf":{"@id":"https:\/\/visualiseringscenter.se\/#website"},"primaryImageOfPage":{"@id":"https:\/\/visualiseringscenter.se\/en\/visit\/summer-at-c-4\/wisdome-3\/#primaryimage"},"image":{"@id":"https:\/\/visualiseringscenter.se\/en\/visit\/summer-at-c-4\/wisdome-3\/#primaryimage"},"thumbnailUrl":"https:\/\/visualiseringscenter.se\/wp-content\/uploads\/2025\/06\/Vetenskapsmysteriet_Sommar_pa_C_2.png","datePublished":"2025-06-04T08:30:41+00:00","dateModified":"2025-06-25T12:11:42+00:00","description":"Experience mysteries, secrets, and encounters that leave a lasting impression on the whole family. Welcome to The Science Mystery!","breadcrumb":{"@id":"https:\/\/visualiseringscenter.se\/en\/visit\/summer-at-c-4\/wisdome-3\/#breadcrumb"},"inLanguage":"en-US","potentialAction":[{"@type":"ReadAction","target":["https:\/\/visualiseringscenter.se\/en\/visit\/summer-at-c-4\/wisdome-3\/"]}]},{"@type":"ImageObject","inLanguage":"en-US","@id":"https:\/\/visualiseringscenter.se\/en\/visit\/summer-at-c-4\/wisdome-3\/#primaryimage","url":"https:\/\/visualiseringscenter.se\/wp-content\/uploads\/2025\/06\/Vetenskapsmysteriet_Sommar_pa_C_2.png","contentUrl":"https:\/\/visualiseringscenter.se\/wp-content\/uploads\/2025\/06\/Vetenskapsmysteriet_Sommar_pa_C_2.png","width":2000,"height":1163},{"@type":"BreadcrumbList","@id":"https:\/\/visualiseringscenter.se\/en\/visit\/summer-at-c-4\/wisdome-3\/#breadcrumb","itemListElement":[{"@type":"ListItem","position":1,"name":"Visit","item":"https:\/\/visualiseringscenter.se\/en\/visit\/"},{"@type":"ListItem","position":2,"name":"Summer at C","item":"https:\/\/visualiseringscenter.se\/en\/visit\/summer-at-c-4\/"},{"@type":"ListItem","position":3,"name":"Immersive guided tour"}]},{"@type":"WebSite","@id":"https:\/\/visualiseringscenter.se\/#website","url":"https:\/\/visualiseringscenter.se\/","name":"Visualiceringscenter C","description":"En m\u00f6tesplats kring visualisering f\u00f6r forskning, n\u00e4ringsliv, allm\u00e4nhet och skola","publisher":{"@id":"https:\/\/visualiseringscenter.se\/#organization"},"potentialAction":[{"@type":"SearchAction","target":{"@type":"EntryPoint","urlTemplate":"https:\/\/visualiseringscenter.se\/?s={search_term_string}"},"query-input":{"@type":"PropertyValueSpecification","valueRequired":true,"valueName":"search_term_string"}}],"inLanguage":"en-US"},{"@type":"Organization","@id":"https:\/\/visualiseringscenter.se\/#organization","name":"Visualiseringscenter C","url":"https:\/\/visualiseringscenter.se\/","logo":{"@type":"ImageObject","inLanguage":"en-US","@id":"https:\/\/visualiseringscenter.se\/#\/schema\/logo\/image\/","url":"https:\/\/visualiseringscenter.se\/wp-content\/uploads\/2024\/03\/logo_small.png","contentUrl":"https:\/\/visualiseringscenter.se\/wp-content\/uploads\/2024\/03\/logo_small.png","width":713,"height":735,"caption":"Visualiseringscenter C"},"image":{"@id":"https:\/\/visualiseringscenter.se\/#\/schema\/logo\/image\/"}}]}},"_links":{"self":[{"href":"https:\/\/visualiseringscenter.se\/en\/wp-json\/wp\/v2\/pages\/12994","targetHints":{"allow":["GET"]}}],"collection":[{"href":"https:\/\/visualiseringscenter.se\/en\/wp-json\/wp\/v2\/pages"}],"about":[{"href":"https:\/\/visualiseringscenter.se\/en\/wp-json\/wp\/v2\/types\/page"}],"author":[{"embeddable":true,"href":"https:\/\/visualiseringscenter.se\/en\/wp-json\/wp\/v2\/users\/4"}],"replies":[{"embeddable":true,"href":"https:\/\/visualiseringscenter.se\/en\/wp-json\/wp\/v2\/comments?post=12994"}],"version-history":[{"count":6,"href":"https:\/\/visualiseringscenter.se\/en\/wp-json\/wp\/v2\/pages\/12994\/revisions"}],"predecessor-version":[{"id":16563,"href":"https:\/\/visualiseringscenter.se\/en\/wp-json\/wp\/v2\/pages\/12994\/revisions\/16563"}],"up":[{"embeddable":true,"href":"https:\/\/visualiseringscenter.se\/en\/wp-json\/wp\/v2\/pages\/16314"}],"wp:featuredmedia":[{"embeddable":true,"href":"https:\/\/visualiseringscenter.se\/en\/wp-json\/wp\/v2\/media\/14641"}],"wp:attachment":[{"href":"https:\/\/visualiseringscenter.se\/en\/wp-json\/wp\/v2\/media?parent=12994"}],"curies":[{"name":"wp","href":"https:\/\/api.w.org\/{rel}","templated":true}]}}