
{"id":14860,"date":"2025-06-04T11:13:00","date_gmt":"2025-06-04T09:13:00","guid":{"rendered":"https:\/\/visualiseringscenter.se\/openspace-live\/"},"modified":"2025-06-04T13:39:44","modified_gmt":"2025-06-04T11:39:44","slug":"openspace-live","status":"publish","type":"page","link":"https:\/\/visualiseringscenter.se\/en\/openspace-live\/","title":{"rendered":"OpenSpace live"},"content":{"rendered":"<figure class=\"wp-block-post-featured-image\"><img loading=\"lazy\" decoding=\"async\" width=\"2000\" height=\"1163\" src=\"https:\/\/visualiseringscenter.se\/wp-content\/uploads\/2025\/06\/Astronaut.png\" class=\"attachment-post-thumbnail size-post-thumbnail wp-post-image\" alt=\"\" style=\"object-fit:cover;\" srcset=\"https:\/\/visualiseringscenter.se\/wp-content\/uploads\/2025\/06\/Astronaut.png 2000w, https:\/\/visualiseringscenter.se\/wp-content\/uploads\/2025\/06\/Astronaut-300x174.png 300w, https:\/\/visualiseringscenter.se\/wp-content\/uploads\/2025\/06\/Astronaut-1024x595.png 1024w, https:\/\/visualiseringscenter.se\/wp-content\/uploads\/2025\/06\/Astronaut-768x447.png 768w, https:\/\/visualiseringscenter.se\/wp-content\/uploads\/2025\/06\/Astronaut-1536x893.png 1536w, https:\/\/visualiseringscenter.se\/wp-content\/uploads\/2025\/06\/Astronaut-600x349.png 600w\" sizes=\"auto, (max-width: 2000px) 100vw, 2000px\" \/><\/figure>\n<div class=\"wp-block-group is-style-narrow\"><div class=\"wp-block-group__inner-container is-layout-constrained wp-block-group-is-layout-constrained\">\n<div class=\"wp-block-group is-style-narrow\"><div class=\"wp-block-group__inner-container is-layout-constrained wp-block-group-is-layout-constrained\">\n<div class=\"wp-block-columns is-layout-flex wp-container-core-columns-is-layout-9d6595d7 wp-block-columns-is-layout-flex\">\n<div class=\"wp-block-column is-layout-flow wp-block-column-is-layout-flow\" style=\"flex-basis:75%\"><div class=\"yoast-breadcrumbs\"><span><span class=\"breadcrumb_last\" aria-current=\"page\">OpenSpace live<\/span><\/span><\/div>\n\n\n<h2 class=\"wp-block-heading\"><div class=\"wp-block-group is-style-narrow\"><br\/><br\/><\/div><br\/><\/h2>\n\n\n\n<p>Have you ever wondered what lies beyond our solar system?<\/p>\n\n\n\n<p><div class=\"wp-block-group is-style-narrow\"><br\/><br\/><\/div><br\/><\/p>\n\n\n\n<p><div class=\"wp-block-group is-style-narrow\"><br\/><br\/><\/div><br\/><\/p>\n<\/div>\n\n\n\n<div class=\"wp-block-column is-style-border has-small-font-size is-layout-flow wp-block-column-is-layout-flow\" style=\"flex-basis:33%\">\n<h3 class=\"wp-block-heading\">Information<\/h3>\n\n\n\n<p><div class=\"wp-block-group is-style-narrow\"><br\/><br\/><\/div><br\/><\/p>\n\n\n\n<div class=\"wp-block-buttons is-layout-flex wp-block-buttons-is-layout-flex\">\n<div class=\"wp-block-button\"><a class=\"wp-block-button__link wp-element-button\" href=\"https:\/\/visualiseringscenter.se\/en\/visit\/?_sft_event-cat=liveforestallning-flatscreen\/\" target=\"_blank\" rel=\"noreferrer noopener\">View schedule and book<\/a><\/div>\n<\/div>\n<\/div>\n<\/div>\n\n\n\n<div class=\"wp-block-group\"><div class=\"wp-block-group__inner-container is-layout-constrained wp-block-group-is-layout-constrained\">\n<h5 class=\"wp-block-heading\"><div class=\"wp-block-group is-style-narrow\"><br\/><br\/><\/div><br\/><\/h5>\n\n\n\n<div class=\"wp-block-group\"><div class=\"wp-block-group__inner-container is-layout-constrained wp-block-group-is-layout-constrained\">\n<div class=\"wp-block-columns is-layout-flex wp-container-core-columns-is-layout-9d6595d7 wp-block-columns-is-layout-flex\">\n<div class=\"wp-block-column is-layout-flow wp-block-column-is-layout-flow\">\n<figure class=\"wp-block-image size-large\"><img loading=\"lazy\" decoding=\"async\" width=\"380\" height=\"214\" src=\"https:\/\/visualiseringscenter.se\/wp-content\/uploads\/2025\/06\/Rymden-edited.png\" alt=\"\" class=\"wp-image-14748\" srcset=\"https:\/\/visualiseringscenter.se\/wp-content\/uploads\/2025\/06\/Rymden-edited.png 380w, https:\/\/visualiseringscenter.se\/wp-content\/uploads\/2025\/06\/Rymden-edited-300x169.png 300w\" sizes=\"auto, (max-width: 380px) 100vw, 380px\" \/><\/figure>\n\n\n\n<h5 class=\"wp-block-heading\">Beyond the Milky Way<\/h5>\n\n\n\n<p>What\u2019s out there?<\/p>\n\n\n\n<div class=\"wp-block-buttons is-layout-flex wp-block-buttons-is-layout-flex\">\n<div class=\"wp-block-button is-style-simple\"><a class=\"wp-block-button__link wp-element-button\" href=\"https:\/\/visualiseringscenter.actorsmartbook.se\/\/default.aspx?event=140\" target=\"_blank\" rel=\"noreferrer noopener\">Book<\/a><\/div>\n<\/div>\n<\/div>\n\n\n\n<div class=\"wp-block-column is-layout-flow wp-block-column-is-layout-flow\">\n<figure class=\"wp-block-image size-large\"><img loading=\"lazy\" decoding=\"async\" width=\"558\" height=\"313\" src=\"https:\/\/visualiseringscenter.se\/wp-content\/uploads\/2025\/06\/Exoplaneter-edited.png\" alt=\"\" class=\"wp-image-14740\" srcset=\"https:\/\/visualiseringscenter.se\/wp-content\/uploads\/2025\/06\/Exoplaneter-edited.png 558w, https:\/\/visualiseringscenter.se\/wp-content\/uploads\/2025\/06\/Exoplaneter-edited-300x168.png 300w\" sizes=\"auto, (max-width: 558px) 100vw, 558px\" \/><\/figure>\n\n\n\n<h5 class=\"wp-block-heading\">Life in the Universe<\/h5>\n\n\n\n<p>Is there life beyond Earth?<\/p>\n\n\n\n<div class=\"wp-block-buttons is-layout-flex wp-block-buttons-is-layout-flex\">\n<div class=\"wp-block-button is-style-simple\"><a class=\"wp-block-button__link wp-element-button\" href=\"https:\/\/visualiseringscenter.actorsmartbook.se\/\/default.aspx?event=142\" target=\"_blank\" rel=\"noreferrer noopener\">Book<\/a><\/div>\n<\/div>\n<\/div>\n<\/div>\n\n\n\n<div class=\"wp-block-columns is-layout-flex wp-container-core-columns-is-layout-9d6595d7 wp-block-columns-is-layout-flex\">\n<div class=\"wp-block-column is-layout-flow wp-block-column-is-layout-flow\">\n<figure class=\"wp-block-image size-large\"><img loading=\"lazy\" decoding=\"async\" width=\"1024\" height=\"576\" src=\"https:\/\/visualiseringscenter.se\/wp-content\/uploads\/2024\/06\/OpenSpace_000003-1024x576.png\" alt=\"\" class=\"wp-image-3523\" srcset=\"https:\/\/visualiseringscenter.se\/wp-content\/uploads\/2024\/06\/OpenSpace_000003-1024x576.png 1024w, https:\/\/visualiseringscenter.se\/wp-content\/uploads\/2024\/06\/OpenSpace_000003-300x169.png 300w, https:\/\/visualiseringscenter.se\/wp-content\/uploads\/2024\/06\/OpenSpace_000003-768x432.png 768w, https:\/\/visualiseringscenter.se\/wp-content\/uploads\/2024\/06\/OpenSpace_000003-1536x864.png 1536w, https:\/\/visualiseringscenter.se\/wp-content\/uploads\/2024\/06\/OpenSpace_000003-2048x1152.png 2048w, https:\/\/visualiseringscenter.se\/wp-content\/uploads\/2024\/06\/OpenSpace_000003-2000x1125.png 2000w, https:\/\/visualiseringscenter.se\/wp-content\/uploads\/2024\/06\/OpenSpace_000003-600x338.png 600w\" sizes=\"auto, (max-width: 1024px) 100vw, 1024px\" \/><\/figure>\n\n\n\n<h5 class=\"wp-block-heading\">Journey to Mars<\/h5>\n\n\n\n<p>Can we live on another planet?<\/p>\n\n\n\n<div class=\"wp-block-buttons is-layout-flex wp-block-buttons-is-layout-flex\">\n<div class=\"wp-block-button is-style-simple\"><a class=\"wp-block-button__link wp-element-button\" href=\"https:\/\/visualiseringscenter.actorsmartbook.se\/\/default.aspx?event=122\" target=\"_blank\" rel=\"noreferrer noopener\">Book<\/a><\/div>\n<\/div>\n<\/div>\n\n\n\n<div class=\"wp-block-column is-layout-flow wp-block-column-is-layout-flow\">\n<figure class=\"wp-block-image size-large\"><img loading=\"lazy\" decoding=\"async\" width=\"1024\" height=\"576\" src=\"https:\/\/visualiseringscenter.se\/wp-content\/uploads\/2024\/06\/OpenSpace_000020-1024x576.png\" alt=\"\" class=\"wp-image-3529\" srcset=\"https:\/\/visualiseringscenter.se\/wp-content\/uploads\/2024\/06\/OpenSpace_000020-1024x576.png 1024w, https:\/\/visualiseringscenter.se\/wp-content\/uploads\/2024\/06\/OpenSpace_000020-300x169.png 300w, https:\/\/visualiseringscenter.se\/wp-content\/uploads\/2024\/06\/OpenSpace_000020-768x432.png 768w, https:\/\/visualiseringscenter.se\/wp-content\/uploads\/2024\/06\/OpenSpace_000020-1536x864.png 1536w, https:\/\/visualiseringscenter.se\/wp-content\/uploads\/2024\/06\/OpenSpace_000020-2048x1152.png 2048w, https:\/\/visualiseringscenter.se\/wp-content\/uploads\/2024\/06\/OpenSpace_000020-2000x1125.png 2000w, https:\/\/visualiseringscenter.se\/wp-content\/uploads\/2024\/06\/OpenSpace_000020-600x338.png 600w\" sizes=\"auto, (max-width: 1024px) 100vw, 1024px\" \/><\/figure>\n\n\n\n<h5 class=\"wp-block-heading\">Spacecraft<\/h5>\n\n\n\n<p>What\u2019s orbiting above us?<\/p>\n\n\n\n<div class=\"wp-block-buttons is-layout-flex wp-block-buttons-is-layout-flex\">\n<div class=\"wp-block-button is-style-simple\"><a class=\"wp-block-button__link wp-element-button\" href=\"https:\/\/visualiseringscenter.actorsmartbook.se\/\/default.aspx?event=141\" target=\"_blank\" rel=\"noreferrer noopener\">Book<\/a><\/div>\n<\/div>\n<\/div>\n<\/div>\n<\/div><\/div>\n<\/div><\/div>\n<\/div><\/div>\n<\/div><\/div>\n\n<div class=\"wp-block-group is-style-narrow\"><div class=\"wp-block-group__inner-container is-layout-constrained wp-block-group-is-layout-constrained\">\n<div class=\"wp-block-buttons is-layout-flex wp-block-buttons-is-layout-flex\">\n<div class=\"wp-block-button is-style-simple\"><a class=\"wp-block-button__link wp-element-button\" href=\"https:\/\/visualiseringscenter.se\/en\/visit\/winter-program-on-c-3\/\" target=\"_blank\" rel=\"noreferrer noopener\">View the full summer program<\/a><\/div>\n<\/div>\n<\/div><\/div>\n","protected":false},"excerpt":{"rendered":"<p>Have you ever wondered what lies beyond our solar system? Information Beyond the Milky Way What\u2019s out there? Life in the Universe Is there life beyond Earth? Journey to Mars Can we live on another planet? Spacecraft What\u2019s orbiting above us?<\/p>\n","protected":false},"author":4,"featured_media":14772,"parent":0,"menu_order":0,"comment_status":"closed","ping_status":"closed","template":"","meta":{"_acf_changed":false,"footnotes":""},"class_list":["post-14860","page","type-page","status-publish","has-post-thumbnail","hentry"],"acf":[],"yoast_head":"<!-- This site is optimized with the Yoast SEO plugin v27.1.1 - https:\/\/yoast.com\/product\/yoast-seo-wordpress\/ -->\n<title>OpenSpace live | Visualiseringscenter C<\/title>\n<meta name=\"description\" content=\"In OpenSpace Live, you\u2019ll join a spectacular live show for the whole family.\" \/>\n<meta name=\"robots\" content=\"index, follow, max-snippet:-1, max-image-preview:large, max-video-preview:-1\" \/>\n<link rel=\"canonical\" href=\"https:\/\/visualiseringscenter.se\/en\/openspace-live\/\" \/>\n<meta property=\"og:locale\" content=\"en_US\" \/>\n<meta property=\"og:type\" content=\"article\" \/>\n<meta property=\"og:title\" content=\"OpenSpace live | Visualiseringscenter C\" \/>\n<meta property=\"og:description\" content=\"In OpenSpace Live, you\u2019ll join a spectacular live show for the whole family.\" \/>\n<meta property=\"og:url\" content=\"https:\/\/visualiseringscenter.se\/en\/openspace-live\/\" \/>\n<meta property=\"og:site_name\" content=\"Visualiseringscenter C\" \/>\n<meta property=\"article:modified_time\" content=\"2025-06-04T11:39:44+00:00\" \/>\n<meta property=\"og:image\" content=\"https:\/\/visualiseringscenter.se\/wp-content\/uploads\/2025\/06\/Astronaut-1024x595.png\" \/>\n\t<meta property=\"og:image:width\" content=\"1024\" \/>\n\t<meta property=\"og:image:height\" content=\"595\" \/>\n\t<meta property=\"og:image:type\" content=\"image\/png\" \/>\n<meta name=\"twitter:card\" content=\"summary_large_image\" \/>\n<script type=\"application\/ld+json\" class=\"yoast-schema-graph\">{\"@context\":\"https:\/\/schema.org\",\"@graph\":[{\"@type\":\"WebPage\",\"@id\":\"https:\/\/visualiseringscenter.se\/en\/openspace-live\/\",\"url\":\"https:\/\/visualiseringscenter.se\/en\/openspace-live\/\",\"name\":\"OpenSpace live | Visualiseringscenter C\",\"isPartOf\":{\"@id\":\"https:\/\/visualiseringscenter.se\/#website\"},\"primaryImageOfPage\":{\"@id\":\"https:\/\/visualiseringscenter.se\/en\/openspace-live\/#primaryimage\"},\"image\":{\"@id\":\"https:\/\/visualiseringscenter.se\/en\/openspace-live\/#primaryimage\"},\"thumbnailUrl\":\"https:\/\/visualiseringscenter.se\/wp-content\/uploads\/2025\/06\/Astronaut.png\",\"datePublished\":\"2025-06-04T09:13:00+00:00\",\"dateModified\":\"2025-06-04T11:39:44+00:00\",\"description\":\"In OpenSpace Live, you\u2019ll join a spectacular live show for the whole family.\",\"inLanguage\":\"en-US\",\"potentialAction\":[{\"@type\":\"ReadAction\",\"target\":[\"https:\/\/visualiseringscenter.se\/en\/openspace-live\/\"]}]},{\"@type\":\"ImageObject\",\"inLanguage\":\"en-US\",\"@id\":\"https:\/\/visualiseringscenter.se\/en\/openspace-live\/#primaryimage\",\"url\":\"https:\/\/visualiseringscenter.se\/wp-content\/uploads\/2025\/06\/Astronaut.png\",\"contentUrl\":\"https:\/\/visualiseringscenter.se\/wp-content\/uploads\/2025\/06\/Astronaut.png\",\"width\":2000,\"height\":1163},{\"@type\":\"WebSite\",\"@id\":\"https:\/\/visualiseringscenter.se\/#website\",\"url\":\"https:\/\/visualiseringscenter.se\/\",\"name\":\"Visualiceringscenter C\",\"description\":\"En m\u00f6tesplats kring visualisering f\u00f6r forskning, n\u00e4ringsliv, allm\u00e4nhet och skola\",\"publisher\":{\"@id\":\"https:\/\/visualiseringscenter.se\/#organization\"},\"potentialAction\":[{\"@type\":\"SearchAction\",\"target\":{\"@type\":\"EntryPoint\",\"urlTemplate\":\"https:\/\/visualiseringscenter.se\/?s={search_term_string}\"},\"query-input\":{\"@type\":\"PropertyValueSpecification\",\"valueRequired\":true,\"valueName\":\"search_term_string\"}}],\"inLanguage\":\"en-US\"},{\"@type\":\"Organization\",\"@id\":\"https:\/\/visualiseringscenter.se\/#organization\",\"name\":\"Visualiseringscenter C\",\"url\":\"https:\/\/visualiseringscenter.se\/\",\"logo\":{\"@type\":\"ImageObject\",\"inLanguage\":\"en-US\",\"@id\":\"https:\/\/visualiseringscenter.se\/#\/schema\/logo\/image\/\",\"url\":\"https:\/\/visualiseringscenter.se\/wp-content\/uploads\/2024\/03\/logo_small.png\",\"contentUrl\":\"https:\/\/visualiseringscenter.se\/wp-content\/uploads\/2024\/03\/logo_small.png\",\"width\":713,\"height\":735,\"caption\":\"Visualiseringscenter C\"},\"image\":{\"@id\":\"https:\/\/visualiseringscenter.se\/#\/schema\/logo\/image\/\"}}]}<\/script>\n<!-- \/ Yoast SEO plugin. -->","yoast_head_json":{"title":"OpenSpace live | Visualiseringscenter C","description":"In OpenSpace Live, you\u2019ll join a spectacular live show for the whole family.","robots":{"index":"index","follow":"follow","max-snippet":"max-snippet:-1","max-image-preview":"max-image-preview:large","max-video-preview":"max-video-preview:-1"},"canonical":"https:\/\/visualiseringscenter.se\/en\/openspace-live\/","og_locale":"en_US","og_type":"article","og_title":"OpenSpace live | Visualiseringscenter C","og_description":"In OpenSpace Live, you\u2019ll join a spectacular live show for the whole family.","og_url":"https:\/\/visualiseringscenter.se\/en\/openspace-live\/","og_site_name":"Visualiseringscenter C","article_modified_time":"2025-06-04T11:39:44+00:00","og_image":[{"width":1024,"height":595,"url":"https:\/\/visualiseringscenter.se\/wp-content\/uploads\/2025\/06\/Astronaut-1024x595.png","type":"image\/png"}],"twitter_card":"summary_large_image","schema":{"@context":"https:\/\/schema.org","@graph":[{"@type":"WebPage","@id":"https:\/\/visualiseringscenter.se\/en\/openspace-live\/","url":"https:\/\/visualiseringscenter.se\/en\/openspace-live\/","name":"OpenSpace live | Visualiseringscenter C","isPartOf":{"@id":"https:\/\/visualiseringscenter.se\/#website"},"primaryImageOfPage":{"@id":"https:\/\/visualiseringscenter.se\/en\/openspace-live\/#primaryimage"},"image":{"@id":"https:\/\/visualiseringscenter.se\/en\/openspace-live\/#primaryimage"},"thumbnailUrl":"https:\/\/visualiseringscenter.se\/wp-content\/uploads\/2025\/06\/Astronaut.png","datePublished":"2025-06-04T09:13:00+00:00","dateModified":"2025-06-04T11:39:44+00:00","description":"In OpenSpace Live, you\u2019ll join a spectacular live show for the whole family.","inLanguage":"en-US","potentialAction":[{"@type":"ReadAction","target":["https:\/\/visualiseringscenter.se\/en\/openspace-live\/"]}]},{"@type":"ImageObject","inLanguage":"en-US","@id":"https:\/\/visualiseringscenter.se\/en\/openspace-live\/#primaryimage","url":"https:\/\/visualiseringscenter.se\/wp-content\/uploads\/2025\/06\/Astronaut.png","contentUrl":"https:\/\/visualiseringscenter.se\/wp-content\/uploads\/2025\/06\/Astronaut.png","width":2000,"height":1163},{"@type":"WebSite","@id":"https:\/\/visualiseringscenter.se\/#website","url":"https:\/\/visualiseringscenter.se\/","name":"Visualiceringscenter C","description":"En m\u00f6tesplats kring visualisering f\u00f6r forskning, n\u00e4ringsliv, allm\u00e4nhet och skola","publisher":{"@id":"https:\/\/visualiseringscenter.se\/#organization"},"potentialAction":[{"@type":"SearchAction","target":{"@type":"EntryPoint","urlTemplate":"https:\/\/visualiseringscenter.se\/?s={search_term_string}"},"query-input":{"@type":"PropertyValueSpecification","valueRequired":true,"valueName":"search_term_string"}}],"inLanguage":"en-US"},{"@type":"Organization","@id":"https:\/\/visualiseringscenter.se\/#organization","name":"Visualiseringscenter C","url":"https:\/\/visualiseringscenter.se\/","logo":{"@type":"ImageObject","inLanguage":"en-US","@id":"https:\/\/visualiseringscenter.se\/#\/schema\/logo\/image\/","url":"https:\/\/visualiseringscenter.se\/wp-content\/uploads\/2024\/03\/logo_small.png","contentUrl":"https:\/\/visualiseringscenter.se\/wp-content\/uploads\/2024\/03\/logo_small.png","width":713,"height":735,"caption":"Visualiseringscenter C"},"image":{"@id":"https:\/\/visualiseringscenter.se\/#\/schema\/logo\/image\/"}}]}},"_links":{"self":[{"href":"https:\/\/visualiseringscenter.se\/en\/wp-json\/wp\/v2\/pages\/14860","targetHints":{"allow":["GET"]}}],"collection":[{"href":"https:\/\/visualiseringscenter.se\/en\/wp-json\/wp\/v2\/pages"}],"about":[{"href":"https:\/\/visualiseringscenter.se\/en\/wp-json\/wp\/v2\/types\/page"}],"author":[{"embeddable":true,"href":"https:\/\/visualiseringscenter.se\/en\/wp-json\/wp\/v2\/users\/4"}],"replies":[{"embeddable":true,"href":"https:\/\/visualiseringscenter.se\/en\/wp-json\/wp\/v2\/comments?post=14860"}],"version-history":[{"count":1,"href":"https:\/\/visualiseringscenter.se\/en\/wp-json\/wp\/v2\/pages\/14860\/revisions"}],"predecessor-version":[{"id":14861,"href":"https:\/\/visualiseringscenter.se\/en\/wp-json\/wp\/v2\/pages\/14860\/revisions\/14861"}],"wp:featuredmedia":[{"embeddable":true,"href":"https:\/\/visualiseringscenter.se\/en\/wp-json\/wp\/v2\/media\/14772"}],"wp:attachment":[{"href":"https:\/\/visualiseringscenter.se\/en\/wp-json\/wp\/v2\/media?parent=14860"}],"curies":[{"name":"wp","href":"https:\/\/api.w.org\/{rel}","templated":true}]}}