
{"id":16558,"date":"2025-06-25T09:52:19","date_gmt":"2025-06-25T07:52:19","guid":{"rendered":"https:\/\/visualiseringscenter.se\/?page_id=16558"},"modified":"2025-06-25T09:52:44","modified_gmt":"2025-06-25T07:52:44","slug":"creative-studio","status":"publish","type":"page","link":"https:\/\/visualiseringscenter.se\/en\/creative-studio\/","title":{"rendered":"Creative Studio"},"content":{"rendered":"<figure class=\"wp-block-post-featured-image\"><img loading=\"lazy\" decoding=\"async\" width=\"1254\" height=\"836\" src=\"https:\/\/visualiseringscenter.se\/wp-content\/uploads\/2025\/05\/iStock-2163591456.jpg\" class=\"attachment-post-thumbnail size-post-thumbnail wp-post-image\" alt=\"\" style=\"object-fit:cover;\" srcset=\"https:\/\/visualiseringscenter.se\/wp-content\/uploads\/2025\/05\/iStock-2163591456.jpg 1254w, https:\/\/visualiseringscenter.se\/wp-content\/uploads\/2025\/05\/iStock-2163591456-300x200.jpg 300w, https:\/\/visualiseringscenter.se\/wp-content\/uploads\/2025\/05\/iStock-2163591456-1024x683.jpg 1024w, https:\/\/visualiseringscenter.se\/wp-content\/uploads\/2025\/05\/iStock-2163591456-768x512.jpg 768w, https:\/\/visualiseringscenter.se\/wp-content\/uploads\/2025\/05\/iStock-2163591456-600x400.jpg 600w\" sizes=\"auto, (max-width: 1254px) 100vw, 1254px\" \/><\/figure>\n<div class=\"wp-block-group is-style-narrow\"><div class=\"wp-block-group__inner-container is-layout-constrained wp-block-group-is-layout-constrained\">\n<div class=\"wp-block-group is-style-narrow\"><div class=\"wp-block-group__inner-container is-layout-constrained wp-block-group-is-layout-constrained\">\n<div class=\"wp-block-columns is-layout-flex wp-container-core-columns-is-layout-9d6595d7 wp-block-columns-is-layout-flex\">\n<div class=\"wp-block-column is-layout-flow wp-block-column-is-layout-flow\" style=\"flex-basis:75%\"><div class=\"yoast-breadcrumbs\"><span><span class=\"breadcrumb_last\" aria-current=\"page\">Creative Studio<\/span><\/span><\/div>\n\n\n<h2 class=\"wp-block-heading\">Are you creative and curious about the world?<\/h2>\n\n\n\n<p>In the Creative Studio, everyone in the family gets the chance to discover, explore, and create through exciting activities linked to STEM \u2013 Science, Technology, Engineering, and Mathematics. Every day between 2:30 PM and 4:00 PM, we offer a variety of free activities with materials provided, all set up in our Creative Studio \u2013 located at the top of the building on the 5th floor.<\/p>\n\n\n\n<div class=\"wp-block-buttons is-layout-flex wp-block-buttons-is-layout-flex\">\n<div class=\"wp-block-button is-style-simple is-style-anchor\"><a class=\"wp-block-button__link wp-element-button\" href=\"\/en\/?page_id=12957#kreativa-aktiviteter\">See activities and days below<\/a><\/div>\n<\/div>\n\n\n\n<p>Each Creative Studio activity includes simple manuals and a set of fun and engaging challenges for you to try.<\/p>\n\n\n\n<p>We have listed a recommended age based on how easy it is to understand and handle the material and activity independently. With adult support, most activities are suitable for the whole family.<\/p>\n<\/div>\n\n\n\n<div class=\"wp-block-column is-style-border has-small-font-size is-layout-flow wp-block-column-is-layout-flow\" style=\"flex-basis:33%\">\n<h3 class=\"wp-block-heading\">Information<\/h3>\n\n\n\n<p>Location: Workshop area, 5th floor<br data-start=\"881\" data-end=\"884\"\/>Time: Every day from 2:30 PM to 4:00 PM<br data-start=\"927\" data-end=\"930\"\/>Price: Free of charge<br data-start=\"955\" data-end=\"958\"\/>Booking: No advance booking is required to participate in Creative Studio activities. Drop-in available as space permits.<\/p>\n\n\n\n<div class=\"wp-block-buttons is-layout-flex wp-block-buttons-is-layout-flex\">\n<div class=\"wp-block-button\"><a class=\"wp-block-button__link wp-element-button\" href=\"https:\/\/visualiseringscenter.se\/en\/visit\/?_sft_event-cat=creative-studio\" target=\"_blank\" rel=\"noreferrer noopener\">View schedule<\/a><\/div>\n<\/div>\n<\/div>\n<\/div>\n<\/div><\/div>\n<\/div><\/div>\n\n<div class=\"wp-block-group is-style-default\"><div class=\"wp-block-group__inner-container is-layout-constrained wp-block-group-is-layout-constrained\">\n<hr class=\"wp-block-separator has-alpha-channel-opacity\"\/>\n<\/div><\/div>\n\n<div id=\"kreativa-aktiviteter\" class=\"wp-block-group is-style-narrow is-nowrap is-layout-flex wp-container-core-group-is-layout-ad2f72ca wp-block-group-is-layout-flex\">\n<div class=\"wp-block-media-text is-stacked-on-mobile\"><figure class=\"wp-block-media-text__media\"><img loading=\"lazy\" decoding=\"async\" width=\"1024\" height=\"683\" src=\"https:\/\/visualiseringscenter.se\/wp-content\/uploads\/2025\/05\/896A1759-1024x683.jpg\" alt=\"\" class=\"wp-image-12628 size-full\" srcset=\"https:\/\/visualiseringscenter.se\/wp-content\/uploads\/2025\/05\/896A1759-1024x683.jpg 1024w, https:\/\/visualiseringscenter.se\/wp-content\/uploads\/2025\/05\/896A1759-300x200.jpg 300w, https:\/\/visualiseringscenter.se\/wp-content\/uploads\/2025\/05\/896A1759-768x512.jpg 768w, https:\/\/visualiseringscenter.se\/wp-content\/uploads\/2025\/05\/896A1759-1536x1024.jpg 1536w, https:\/\/visualiseringscenter.se\/wp-content\/uploads\/2025\/05\/896A1759-2000x1333.jpg 2000w, https:\/\/visualiseringscenter.se\/wp-content\/uploads\/2025\/05\/896A1759-600x400.jpg 600w, https:\/\/visualiseringscenter.se\/wp-content\/uploads\/2025\/05\/896A1759.jpg 2048w\" sizes=\"auto, (max-width: 1024px) 100vw, 1024px\" \/><\/figure><div class=\"wp-block-media-text__content\">\n<h6 class=\"wp-block-heading\">Monday, Wednesday, Friday, Sunday<\/h6>\n\n\n\n<h3 class=\"wp-block-heading\">Cubetto<\/h3>\n\n\n\n<p class=\"is-style-default\">Meet the friendly and adorable wooden robot Cubetto and discover the basics of block programming.<\/p>\n\n\n\n<p>Using tiles and a control panel, you can program and decide how and where Cubetto should move on the playful game board. This fun and simple introduction to programming helps you learn key concepts such as algorithms, sequences, and logical thinking.<\/p>\n\n\n\n<p><p data-start=\"1514\" data-end=\"1547\">Recommended age: From 3 years<\/p><\/p>\n<\/div><\/div>\n<\/div>\n\n<div class=\"wp-block-group is-style-narrow is-content-justification-left is-nowrap is-layout-flex wp-container-core-group-is-layout-f56a869c wp-block-group-is-layout-flex\">\n<div class=\"wp-block-media-text has-media-on-the-right is-stacked-on-mobile\"><div class=\"wp-block-media-text__content\">\n<h6 class=\"wp-block-heading\">Tuesday, Thursday, Saturday<\/h6>\n\n\n\n<h3 class=\"wp-block-heading\">Data Bracelets<\/h3>\n\n\n\n<p class=\"is-style-default\"><p data-start=\"1554\" data-end=\"1704\">Can you create a real bracelet out of data? The answer is yes \u2013 and it\u2019s easier than you think!<\/p><\/p>\n\n\n\n<p>Data isn&#8217;t just numbers and charts \u2013 it&#8217;s information. Every day, each person generates tons of information through their choices. When collected or organized, this information becomes data.<\/p>\n\n\n\n<p class=\"is-style-default\">By reflecting on the kind of data you create, you&#8217;ll get the chance to make a personalized bracelet where each bead represents something important to you \u2013 your data. What will your bracelet look like?<\/p>\n\n\n\n<p><p data-start=\"2103\" data-end=\"2136\">Recommended age: From 5 years<\/p><\/p>\n<\/div><figure class=\"wp-block-media-text__media\"><img loading=\"lazy\" decoding=\"async\" width=\"1024\" height=\"576\" src=\"https:\/\/visualiseringscenter.se\/wp-content\/uploads\/2025\/03\/896A2655-edited-1024x576.jpg\" alt=\"\" class=\"wp-image-11324 size-full\" srcset=\"https:\/\/visualiseringscenter.se\/wp-content\/uploads\/2025\/03\/896A2655-edited-1024x576.jpg 1024w, https:\/\/visualiseringscenter.se\/wp-content\/uploads\/2025\/03\/896A2655-edited-300x169.jpg 300w, https:\/\/visualiseringscenter.se\/wp-content\/uploads\/2025\/03\/896A2655-edited-768x432.jpg 768w, https:\/\/visualiseringscenter.se\/wp-content\/uploads\/2025\/03\/896A2655-edited-1536x864.jpg 1536w, https:\/\/visualiseringscenter.se\/wp-content\/uploads\/2025\/03\/896A2655-edited-2048x1152.jpg 2048w, https:\/\/visualiseringscenter.se\/wp-content\/uploads\/2025\/03\/896A2655-edited-2000x1125.jpg 2000w, https:\/\/visualiseringscenter.se\/wp-content\/uploads\/2025\/03\/896A2655-edited-600x337.jpg 600w\" sizes=\"auto, (max-width: 1024px) 100vw, 1024px\" \/><\/figure><\/div>\n<\/div>\n\n<div class=\"wp-block-group is-style-narrow is-content-justification-left is-nowrap is-layout-flex wp-container-core-group-is-layout-f56a869c wp-block-group-is-layout-flex\">\n<div class=\"wp-block-media-text is-stacked-on-mobile\"><figure class=\"wp-block-media-text__media\"><img loading=\"lazy\" decoding=\"async\" width=\"1024\" height=\"550\" src=\"https:\/\/visualiseringscenter.se\/wp-content\/uploads\/2025\/05\/Creative_studio_2-1024x550.png\" alt=\"\" class=\"wp-image-12594 size-full\" srcset=\"https:\/\/visualiseringscenter.se\/wp-content\/uploads\/2025\/05\/Creative_studio_2-1024x550.png 1024w, https:\/\/visualiseringscenter.se\/wp-content\/uploads\/2025\/05\/Creative_studio_2-300x161.png 300w, https:\/\/visualiseringscenter.se\/wp-content\/uploads\/2025\/05\/Creative_studio_2-768x412.png 768w, https:\/\/visualiseringscenter.se\/wp-content\/uploads\/2025\/05\/Creative_studio_2-600x322.png 600w, https:\/\/visualiseringscenter.se\/wp-content\/uploads\/2025\/05\/Creative_studio_2.png 1500w\" sizes=\"auto, (max-width: 1024px) 100vw, 1024px\" \/><\/figure><div class=\"wp-block-media-text__content\">\n<h6 class=\"wp-block-heading\">Monday, Wednesday, Friday, Sunday<\/h6>\n\n\n\n<h3 class=\"wp-block-heading\">LittleBits<\/h3>\n\n\n\n<p class=\"is-style-default\">Can you build a flashlight in 10 minutes? What happens if you connect a battery, a motor, and a door?<\/p>\n\n\n\n<p>With the technical building kit LittleBits, a world of creativity, problem-solving, and engineering opens up.<\/p>\n\n\n\n<p class=\"is-style-default\">Using magnetic electronic modules that snap together easily, you can build small technical systems to perform tasks. Follow ready-made challenges or let your imagination set the limits. You can even enhance your creations with craft materials to add a design element.<\/p>\n\n\n\n<p><p data-start=\"2683\" data-end=\"2716\">Recommended age: From 7 years<\/p><\/p>\n<\/div><\/div>\n<\/div>\n\n<div class=\"wp-block-group is-style-narrow is-content-justification-left is-nowrap is-layout-flex wp-container-core-group-is-layout-f56a869c wp-block-group-is-layout-flex\">\n<div class=\"wp-block-media-text has-media-on-the-right is-stacked-on-mobile\"><div class=\"wp-block-media-text__content\">\n<h6 class=\"wp-block-heading\">Tuesday, Thursday, Saturday<\/h6>\n\n\n\n<h3 class=\"wp-block-heading\">Tinkercad<\/h3>\n\n\n\n<p class=\"is-style-default\">Do you enjoy Minecraft and love building 3D worlds and environments?<\/p>\n\n\n\n<p>Using a computer and the program Tinkercad, you can try creating your own 3D models and environments. Discover a wide range of ready-made objects and arrange them however you like. Build a house, a machine, or even your own space station!<\/p>\n\n\n\n<p class=\"is-style-default\">Some prior computer experience is helpful, but not required \u2013 you can also learn as you go.<\/p>\n\n\n\n<p><p data-start=\"3176\" data-end=\"3209\">Recommended age: From 9 years<\/p><\/p>\n<\/div><figure class=\"wp-block-media-text__media\"><img loading=\"lazy\" decoding=\"async\" width=\"1024\" height=\"683\" src=\"https:\/\/visualiseringscenter.se\/wp-content\/uploads\/2025\/05\/TinkerCad-1024x683.jpg\" alt=\"\" class=\"wp-image-12643 size-full\" srcset=\"https:\/\/visualiseringscenter.se\/wp-content\/uploads\/2025\/05\/TinkerCad-1024x683.jpg 1024w, https:\/\/visualiseringscenter.se\/wp-content\/uploads\/2025\/05\/TinkerCad-300x200.jpg 300w, https:\/\/visualiseringscenter.se\/wp-content\/uploads\/2025\/05\/TinkerCad-768x512.jpg 768w, https:\/\/visualiseringscenter.se\/wp-content\/uploads\/2025\/05\/TinkerCad-1536x1025.jpg 1536w, https:\/\/visualiseringscenter.se\/wp-content\/uploads\/2025\/05\/TinkerCad-2000x1334.jpg 2000w, https:\/\/visualiseringscenter.se\/wp-content\/uploads\/2025\/05\/TinkerCad-600x400.jpg 600w, https:\/\/visualiseringscenter.se\/wp-content\/uploads\/2025\/05\/TinkerCad.jpg 2048w\" sizes=\"auto, (max-width: 1024px) 100vw, 1024px\" \/><\/figure><\/div>\n<\/div>\n\n<div class=\"wp-block-group is-style-narrow is-content-justification-left is-nowrap is-layout-flex wp-container-core-group-is-layout-f56a869c wp-block-group-is-layout-flex\">\n<div class=\"wp-block-media-text is-stacked-on-mobile\"><figure class=\"wp-block-media-text__media\"><img loading=\"lazy\" decoding=\"async\" width=\"1024\" height=\"683\" src=\"https:\/\/visualiseringscenter.se\/wp-content\/uploads\/2025\/05\/iStock-2163591456-1024x683.jpg\" alt=\"\" class=\"wp-image-12645 size-full\" srcset=\"https:\/\/visualiseringscenter.se\/wp-content\/uploads\/2025\/05\/iStock-2163591456-1024x683.jpg 1024w, https:\/\/visualiseringscenter.se\/wp-content\/uploads\/2025\/05\/iStock-2163591456-300x200.jpg 300w, https:\/\/visualiseringscenter.se\/wp-content\/uploads\/2025\/05\/iStock-2163591456-768x512.jpg 768w, https:\/\/visualiseringscenter.se\/wp-content\/uploads\/2025\/05\/iStock-2163591456-600x400.jpg 600w, https:\/\/visualiseringscenter.se\/wp-content\/uploads\/2025\/05\/iStock-2163591456.jpg 1254w\" sizes=\"auto, (max-width: 1024px) 100vw, 1024px\" \/><\/figure><div class=\"wp-block-media-text__content\">\n<h6 class=\"wp-block-heading\">Monday, Wednesday, Friday, Saturday<\/h6>\n\n\n\n<h3 class=\"wp-block-heading\">Micro:Bit<\/h3>\n\n\n\n<p class=\"is-style-default\">Want to learn a real programming language? Here you get the chance to see how digital block code transfers from the screen to a microcomputer \u2013 all in a playful way!<\/p>\n\n\n\n<p>With Micro:Bit, you\u2019ll be introduced to programming through a hands-on, educational experience. You&#8217;ll use a user-friendly software and a microcomputer that can blink, sense movement, display text, and much more.<\/p>\n\n\n\n<p class=\"is-style-default\"><p data-start=\"3655\" data-end=\"3877\">You can start from scratch \u2013 no prior knowledge needed \u2013 and progress through challenges that grow your understanding of programming at your own pace. For those with some experience, more advanced tasks are also available.<\/p><\/p>\n\n\n\n<p><p data-start=\"3879\" data-end=\"3913\">Recommended age: From 10 years<\/p><\/p>\n\n\n\n<h3 class=\"wp-block-heading\"><\/h3>\n<\/div><\/div>\n<\/div>\n\n<div class=\"wp-block-group is-style-narrow is-content-justification-left is-nowrap is-layout-flex wp-container-core-group-is-layout-f56a869c wp-block-group-is-layout-flex\">\n<div class=\"wp-block-media-text has-media-on-the-right is-stacked-on-mobile\"><div class=\"wp-block-media-text__content\">\n<h6 class=\"wp-block-heading\">Tuesday, Thursday, Saturday<\/h6>\n\n\n\n<h3 class=\"wp-block-heading\">OpenSpace<\/h3>\n\n\n\n<p class=\"is-style-default\">Ever wondered what\u2019s out there beyond our solar system? With the OpenSpace software, developed by Link\u00f6ping University and the Visualization Center, the entire known universe is at your fingertips.<\/p>\n\n\n\n<p>Using OpenSpace is like playing a video game \u2013 but everything you see is based on real scientific data! You\u2019ll have access to the same content that space researchers use. Pretty cool, right?<\/p>\n\n\n\n<p class=\"is-style-default\">With OpenSpace, you can travel anywhere in space. Why not steer your way to Mars or explore new worlds, exoplanets, and galaxies?<\/p>\n\n\n\n<p>Recommended age: From 12 years<\/p>\n<\/div><figure class=\"wp-block-media-text__media\"><img loading=\"lazy\" decoding=\"async\" width=\"1024\" height=\"683\" src=\"https:\/\/visualiseringscenter.se\/wp-content\/uploads\/2025\/05\/OpenSpace-1024x683.jpg\" alt=\"\" class=\"wp-image-12647 size-full\" srcset=\"https:\/\/visualiseringscenter.se\/wp-content\/uploads\/2025\/05\/OpenSpace-1024x683.jpg 1024w, https:\/\/visualiseringscenter.se\/wp-content\/uploads\/2025\/05\/OpenSpace-300x200.jpg 300w, https:\/\/visualiseringscenter.se\/wp-content\/uploads\/2025\/05\/OpenSpace-768x512.jpg 768w, https:\/\/visualiseringscenter.se\/wp-content\/uploads\/2025\/05\/OpenSpace-1536x1024.jpg 1536w, https:\/\/visualiseringscenter.se\/wp-content\/uploads\/2025\/05\/OpenSpace-2000x1333.jpg 2000w, https:\/\/visualiseringscenter.se\/wp-content\/uploads\/2025\/05\/OpenSpace-600x400.jpg 600w, https:\/\/visualiseringscenter.se\/wp-content\/uploads\/2025\/05\/OpenSpace.jpg 2048w\" sizes=\"auto, (max-width: 1024px) 100vw, 1024px\" \/><\/figure><\/div>\n<\/div>\n\n<div class=\"wp-block-group is-style-narrow\"><div class=\"wp-block-group__inner-container is-layout-constrained wp-block-group-is-layout-constrained\">\n<div class=\"wp-block-buttons is-content-justification-center is-layout-flex wp-container-core-buttons-is-layout-16018d1d wp-block-buttons-is-layout-flex\">\n<div class=\"wp-block-button is-style-fill\"><a class=\"wp-block-button__link wp-element-button\" href=\"https:\/\/visualiseringscenter.se\/en\/visit\/summer-at-c-4\/\">View the full summer program<\/a><\/div>\n<\/div>\n<\/div><\/div>\n","protected":false},"excerpt":{"rendered":"<p>Are you creative and curious about the world? In the Creative Studio, everyone in the family gets the chance to discover, explore, and create through exciting activities linked to STEM \u2013 Science, Technology, Engineering, and Mathematics. Every day between 2:30 PM and 4:00 PM, we offer a variety of free activities with materials provided, all [&hellip;]<\/p>\n","protected":false},"author":1,"featured_media":12646,"parent":0,"menu_order":0,"comment_status":"closed","ping_status":"closed","template":"","meta":{"_acf_changed":false,"footnotes":""},"class_list":["post-16558","page","type-page","status-publish","has-post-thumbnail","hentry"],"acf":[],"yoast_head":"<!-- This site is optimized with the Yoast SEO plugin v27.1.1 - https:\/\/yoast.com\/product\/yoast-seo-wordpress\/ -->\n<title>Creative Studio | Visualiseringscenter C<\/title>\n<meta name=\"description\" content=\"In the Creative Studio, everyone in the family gets the chance to discover, explore, and create through exciting activities connected to STEM \u2013 Science, Technology, Engineering, and Mathematics.\" \/>\n<meta name=\"robots\" content=\"index, follow, max-snippet:-1, max-image-preview:large, max-video-preview:-1\" \/>\n<link rel=\"canonical\" href=\"https:\/\/visualiseringscenter.se\/en\/creative-studio\/\" \/>\n<meta property=\"og:locale\" content=\"en_US\" \/>\n<meta property=\"og:type\" content=\"article\" \/>\n<meta property=\"og:title\" content=\"Creative Studio | Visualiseringscenter C\" \/>\n<meta property=\"og:description\" content=\"In the Creative Studio, everyone in the family gets the chance to discover, explore, and create through exciting activities connected to STEM \u2013 Science, Technology, Engineering, and Mathematics.\" \/>\n<meta property=\"og:url\" content=\"https:\/\/visualiseringscenter.se\/en\/creative-studio\/\" \/>\n<meta property=\"og:site_name\" content=\"Visualiseringscenter C\" \/>\n<meta property=\"article:modified_time\" content=\"2025-06-25T07:52:44+00:00\" \/>\n<meta property=\"og:image\" content=\"https:\/\/visualiseringscenter.se\/wp-content\/uploads\/2025\/05\/iStock-2163591456.jpg\" \/>\n\t<meta property=\"og:image:width\" content=\"1254\" \/>\n\t<meta property=\"og:image:height\" content=\"836\" \/>\n\t<meta property=\"og:image:type\" content=\"image\/jpeg\" \/>\n<meta name=\"twitter:card\" content=\"summary_large_image\" \/>\n<meta name=\"twitter:label1\" content=\"Est. reading time\" \/>\n\t<meta name=\"twitter:data1\" content=\"5 minutes\" \/>\n<script type=\"application\/ld+json\" class=\"yoast-schema-graph\">{\"@context\":\"https:\/\/schema.org\",\"@graph\":[{\"@type\":\"WebPage\",\"@id\":\"https:\/\/visualiseringscenter.se\/en\/creative-studio\/\",\"url\":\"https:\/\/visualiseringscenter.se\/en\/creative-studio\/\",\"name\":\"Creative Studio | Visualiseringscenter C\",\"isPartOf\":{\"@id\":\"https:\/\/visualiseringscenter.se\/#website\"},\"primaryImageOfPage\":{\"@id\":\"https:\/\/visualiseringscenter.se\/en\/creative-studio\/#primaryimage\"},\"image\":{\"@id\":\"https:\/\/visualiseringscenter.se\/en\/creative-studio\/#primaryimage\"},\"thumbnailUrl\":\"https:\/\/visualiseringscenter.se\/wp-content\/uploads\/2025\/05\/iStock-2163591456.jpg\",\"datePublished\":\"2025-06-25T07:52:19+00:00\",\"dateModified\":\"2025-06-25T07:52:44+00:00\",\"description\":\"In the Creative Studio, everyone in the family gets the chance to discover, explore, and create through exciting activities connected to STEM \u2013 Science, Technology, Engineering, and Mathematics.\",\"inLanguage\":\"en-US\",\"potentialAction\":[{\"@type\":\"ReadAction\",\"target\":[\"https:\/\/visualiseringscenter.se\/en\/creative-studio\/\"]}]},{\"@type\":\"ImageObject\",\"inLanguage\":\"en-US\",\"@id\":\"https:\/\/visualiseringscenter.se\/en\/creative-studio\/#primaryimage\",\"url\":\"https:\/\/visualiseringscenter.se\/wp-content\/uploads\/2025\/05\/iStock-2163591456.jpg\",\"contentUrl\":\"https:\/\/visualiseringscenter.se\/wp-content\/uploads\/2025\/05\/iStock-2163591456.jpg\",\"width\":1254,\"height\":836,\"caption\":\"an engineer is engaged in the development and layout of electrical circuits\"},{\"@type\":\"WebSite\",\"@id\":\"https:\/\/visualiseringscenter.se\/#website\",\"url\":\"https:\/\/visualiseringscenter.se\/\",\"name\":\"Visualiceringscenter C\",\"description\":\"En m\u00f6tesplats kring visualisering f\u00f6r forskning, n\u00e4ringsliv, allm\u00e4nhet och skola\",\"publisher\":{\"@id\":\"https:\/\/visualiseringscenter.se\/#organization\"},\"potentialAction\":[{\"@type\":\"SearchAction\",\"target\":{\"@type\":\"EntryPoint\",\"urlTemplate\":\"https:\/\/visualiseringscenter.se\/?s={search_term_string}\"},\"query-input\":{\"@type\":\"PropertyValueSpecification\",\"valueRequired\":true,\"valueName\":\"search_term_string\"}}],\"inLanguage\":\"en-US\"},{\"@type\":\"Organization\",\"@id\":\"https:\/\/visualiseringscenter.se\/#organization\",\"name\":\"Visualiseringscenter C\",\"url\":\"https:\/\/visualiseringscenter.se\/\",\"logo\":{\"@type\":\"ImageObject\",\"inLanguage\":\"en-US\",\"@id\":\"https:\/\/visualiseringscenter.se\/#\/schema\/logo\/image\/\",\"url\":\"https:\/\/visualiseringscenter.se\/wp-content\/uploads\/2024\/03\/logo_small.png\",\"contentUrl\":\"https:\/\/visualiseringscenter.se\/wp-content\/uploads\/2024\/03\/logo_small.png\",\"width\":713,\"height\":735,\"caption\":\"Visualiseringscenter C\"},\"image\":{\"@id\":\"https:\/\/visualiseringscenter.se\/#\/schema\/logo\/image\/\"}}]}<\/script>\n<!-- \/ Yoast SEO plugin. -->","yoast_head_json":{"title":"Creative Studio | Visualiseringscenter C","description":"In the Creative Studio, everyone in the family gets the chance to discover, explore, and create through exciting activities connected to STEM \u2013 Science, Technology, Engineering, and Mathematics.","robots":{"index":"index","follow":"follow","max-snippet":"max-snippet:-1","max-image-preview":"max-image-preview:large","max-video-preview":"max-video-preview:-1"},"canonical":"https:\/\/visualiseringscenter.se\/en\/creative-studio\/","og_locale":"en_US","og_type":"article","og_title":"Creative Studio | Visualiseringscenter C","og_description":"In the Creative Studio, everyone in the family gets the chance to discover, explore, and create through exciting activities connected to STEM \u2013 Science, Technology, Engineering, and Mathematics.","og_url":"https:\/\/visualiseringscenter.se\/en\/creative-studio\/","og_site_name":"Visualiseringscenter C","article_modified_time":"2025-06-25T07:52:44+00:00","og_image":[{"width":1254,"height":836,"url":"https:\/\/visualiseringscenter.se\/wp-content\/uploads\/2025\/05\/iStock-2163591456.jpg","type":"image\/jpeg"}],"twitter_card":"summary_large_image","twitter_misc":{"Est. reading time":"5 minutes"},"schema":{"@context":"https:\/\/schema.org","@graph":[{"@type":"WebPage","@id":"https:\/\/visualiseringscenter.se\/en\/creative-studio\/","url":"https:\/\/visualiseringscenter.se\/en\/creative-studio\/","name":"Creative Studio | Visualiseringscenter C","isPartOf":{"@id":"https:\/\/visualiseringscenter.se\/#website"},"primaryImageOfPage":{"@id":"https:\/\/visualiseringscenter.se\/en\/creative-studio\/#primaryimage"},"image":{"@id":"https:\/\/visualiseringscenter.se\/en\/creative-studio\/#primaryimage"},"thumbnailUrl":"https:\/\/visualiseringscenter.se\/wp-content\/uploads\/2025\/05\/iStock-2163591456.jpg","datePublished":"2025-06-25T07:52:19+00:00","dateModified":"2025-06-25T07:52:44+00:00","description":"In the Creative Studio, everyone in the family gets the chance to discover, explore, and create through exciting activities connected to STEM \u2013 Science, Technology, Engineering, and Mathematics.","inLanguage":"en-US","potentialAction":[{"@type":"ReadAction","target":["https:\/\/visualiseringscenter.se\/en\/creative-studio\/"]}]},{"@type":"ImageObject","inLanguage":"en-US","@id":"https:\/\/visualiseringscenter.se\/en\/creative-studio\/#primaryimage","url":"https:\/\/visualiseringscenter.se\/wp-content\/uploads\/2025\/05\/iStock-2163591456.jpg","contentUrl":"https:\/\/visualiseringscenter.se\/wp-content\/uploads\/2025\/05\/iStock-2163591456.jpg","width":1254,"height":836,"caption":"an engineer is engaged in the development and layout of electrical circuits"},{"@type":"WebSite","@id":"https:\/\/visualiseringscenter.se\/#website","url":"https:\/\/visualiseringscenter.se\/","name":"Visualiceringscenter C","description":"En m\u00f6tesplats kring visualisering f\u00f6r forskning, n\u00e4ringsliv, allm\u00e4nhet och skola","publisher":{"@id":"https:\/\/visualiseringscenter.se\/#organization"},"potentialAction":[{"@type":"SearchAction","target":{"@type":"EntryPoint","urlTemplate":"https:\/\/visualiseringscenter.se\/?s={search_term_string}"},"query-input":{"@type":"PropertyValueSpecification","valueRequired":true,"valueName":"search_term_string"}}],"inLanguage":"en-US"},{"@type":"Organization","@id":"https:\/\/visualiseringscenter.se\/#organization","name":"Visualiseringscenter C","url":"https:\/\/visualiseringscenter.se\/","logo":{"@type":"ImageObject","inLanguage":"en-US","@id":"https:\/\/visualiseringscenter.se\/#\/schema\/logo\/image\/","url":"https:\/\/visualiseringscenter.se\/wp-content\/uploads\/2024\/03\/logo_small.png","contentUrl":"https:\/\/visualiseringscenter.se\/wp-content\/uploads\/2024\/03\/logo_small.png","width":713,"height":735,"caption":"Visualiseringscenter C"},"image":{"@id":"https:\/\/visualiseringscenter.se\/#\/schema\/logo\/image\/"}}]}},"_links":{"self":[{"href":"https:\/\/visualiseringscenter.se\/en\/wp-json\/wp\/v2\/pages\/16558","targetHints":{"allow":["GET"]}}],"collection":[{"href":"https:\/\/visualiseringscenter.se\/en\/wp-json\/wp\/v2\/pages"}],"about":[{"href":"https:\/\/visualiseringscenter.se\/en\/wp-json\/wp\/v2\/types\/page"}],"author":[{"embeddable":true,"href":"https:\/\/visualiseringscenter.se\/en\/wp-json\/wp\/v2\/users\/1"}],"replies":[{"embeddable":true,"href":"https:\/\/visualiseringscenter.se\/en\/wp-json\/wp\/v2\/comments?post=16558"}],"version-history":[{"count":2,"href":"https:\/\/visualiseringscenter.se\/en\/wp-json\/wp\/v2\/pages\/16558\/revisions"}],"predecessor-version":[{"id":16562,"href":"https:\/\/visualiseringscenter.se\/en\/wp-json\/wp\/v2\/pages\/16558\/revisions\/16562"}],"wp:featuredmedia":[{"embeddable":true,"href":"https:\/\/visualiseringscenter.se\/en\/wp-json\/wp\/v2\/media\/12646"}],"wp:attachment":[{"href":"https:\/\/visualiseringscenter.se\/en\/wp-json\/wp\/v2\/media?parent=16558"}],"curies":[{"name":"wp","href":"https:\/\/api.w.org\/{rel}","templated":true}]}}