{"id":17781,"date":"2025-08-21T08:19:40","date_gmt":"2025-08-21T06:19:40","guid":{"rendered":"https:\/\/visualiseringscenter.se\/?page_id=17781"},"modified":"2025-08-21T08:19:40","modified_gmt":"2025-08-21T06:19:40","slug":"expression-of-interest-school-visit-5","status":"publish","type":"page","link":"https:\/\/visualiseringscenter.se\/en\/visit\/school-and-education\/expression-of-interest-school-visit-5\/","title":{"rendered":"Expression of interest school visit"},"content":{"rendered":"\n<div id=\"boka\" class=\"wp-block-group is-style-default has-white-color has-darker-background-color has-text-color has-background has-link-color wp-elements-d3dba08a098078e0d1b05eb227800711\"><div class=\"wp-block-group__inner-container is-layout-constrained wp-block-group-is-layout-constrained\"><div class='fluentform ff-default fluentform_wrapper_35 ffs_default_wrap'><form data-form_id=\"35\" id=\"fluentform_35\" class=\"frm-fluent-form fluent_form_35 ff-el-form-top ff_form_instance_35_1 ff-form-loading ffs_default\" data-form_instance=\"ff_form_instance_35_1\" method=\"POST\" ><fieldset  style=\"border: none!important;margin: 0!important;padding: 0!important;background-color: transparent!important;box-shadow: none!important;outline: none!important; min-inline-size: 100%;\">\n                    <legend class=\"ff_screen_reader_title\" style=\"display: block; margin: 0!important;padding: 0!important;height: 0!important;text-indent: -999999px;width: 0!important;overflow:hidden;\">2026 Avtalsbes\u00f6k NKPG - Se domf\u00f6rest\u00e4llning (#35)<\/legend>        <div\n                style=\"display: none!important; position: absolute!important; transform: translateX(1000%)!important;\"\n                class=\"ff-el-group ff-hpsf-container\"\n        >\n            <div class=\"ff-el-input--label asterisk-right\">\n                <label for=\"ff_35_item_sf\" aria-label=\"Contact\">\n                    Contact                <\/label>\n            <\/div>\n            <div class=\"ff-el-input--content\">\n                <input type=\"text\"\n                       name=\"item_35__fluent_sf\"\n                       class=\"ff-el-form-control\"\n                       id=\"ff_35_item_sf\"\n                \/>\n            <\/div>\n        <\/div>\n        <input type='hidden' name='__fluent_form_embded_post_id' value='17781' \/><input type=\"hidden\" id=\"_fluentform_35_fluentformnonce\" name=\"_fluentform_35_fluentformnonce\" value=\"52874d50e9\" \/><input type=\"hidden\" name=\"_wp_http_referer\" value=\"\/en\/wp-json\/wp\/v2\/pages\/17781\" \/><div class='ff-el-group  ff-custom_html' tabindex='-1' data-name=\"custom_html-35_1\" ><h3>Bokningsf\u00f6rfr\u00e5gan: Se domf\u00f6rest\u00e4llning i Wisdome Norrk\u00f6ping<\/h3>\n<ul>\n<li>Kostnadsfria visningar av domf\u00f6rest\u00e4llning f\u00e5r bokas av samtliga \u00e5rskurser i <strong>Norrk\u00f6pings kommun<\/strong>.<\/li>\n<li>Fler tider sl\u00e4pps l\u00f6pande under terminen.<\/li>\n<li>Endast en grupp <strong>(ca 30 personer per klass, inkl. l\u00e4rare)<\/strong> kan bokas per ifyllt formul\u00e4r. \u00d6nskar du boka in fler grupper beh\u00f6ver du l\u00e4gga in separata bokningsf\u00f6rfr\u00e5gningar.<\/li>\n<li><a href=\"https:\/\/visualiseringscenter.se\/wisdome\/\">H\u00e4r kan du l\u00e4sa om domf\u00f6rest\u00e4llningarna<\/a><\/li>\n<\/ul><\/div><div class='ff-el-group'><div class=\"ff-el-input--label asterisk-right\"><label for='ff_35_dropdown' id='label_ff_35_dropdown' aria-label=\"V\u00e4lj datum och tid\">V\u00e4lj datum och tid<\/label><\/div><div class='ff-el-input--content'><select name=\"dropdown\" id=\"ff_35_dropdown\" class=\"ff-el-form-control\" data-name=\"dropdown\" data-calc_value=\"0\" tabindex=\"1\"  aria-invalid=\"false\" aria-required=\"false\" aria-labelledby=\"label_ff_35_dropdown\"><option value=\"\">V\u00e4ld datum och tid<\/option><option value=\"2026-04-30 09:00 Stort\"  >2026-04-30 09:00 Stort - 2 klass-platser kvar<\/option><option value=\"2026-05-12 09:00 Stort\"  >2026-05-12 09:00 Stort - 2 klass-platser kvar<\/option><option value=\"2026-05-19 09:00 Stort\"  >2026-05-19 09:00 Stort - 2 klass-platser kvar<\/option><option value=\"2026-05-26 09:00 Making Magic\"  >2026-05-26 09:00 Making Magic - 1 klass-platser kvar<\/option><option value=\"2026-05-26 10:00 Stort\"  >2026-05-26 10:00 Stort - 2 klass-platser kvar<\/option><option value=\"2026-05-26 11:00 Chemistry of Life\"  >2026-05-26 11:00 Chemistry of Life - 1 klass-platser kvar<\/option><option value=\"2026-05-29 09:00 Making Magic\"  >2026-05-29 09:00 Making Magic - 2 klass-platser kvar<\/option><option value=\"2026-05-29 10:00 Making Magic\"  >2026-05-29 10:00 Making Magic - 2 klass-platser kvar<\/option><option value=\"2026-06-04 09:00 Stort JR\"  >2026-06-04 09:00 Stort JR - 1 klass-platser kvar<\/option><option value=\"2026-06-04 10:00 AI - En immersiv resa in i framtiden\"  >2026-06-04 10:00 AI - En immersiv resa in i framtiden - 2 klass-platser kvar<\/option><option value=\"2026-06-08 09:00 Stort JR\"  >2026-06-08 09:00 Stort JR - 2 klass-platser kvar<\/option><option value=\"2026-06-08 13:00 AI - En immersiv resa in i framtiden\"  >2026-06-08 13:00 AI - En immersiv resa in i framtiden - 1 klass-platser kvar<\/option><\/select><\/div><\/div><div data-name=\"ff_cn_id_1\"  class='ff-t-container ff-column-container ff_columns_total_2 '><div class='ff-t-cell ff-t-column-1' style='flex-basis: 50%;'><div class='ff-el-group'><div class=\"ff-el-input--label asterisk-right\"><label for='ff_35_input_text' id='label_ff_35_input_text' aria-label=\"Skolans namn\">Skolans namn<\/label><\/div><div class='ff-el-input--content'><input type=\"text\" name=\"input_text\" class=\"ff-el-form-control\" placeholder=\"Skolans namn\" data-name=\"input_text\" tabindex=\"2\" id=\"ff_35_input_text\"  aria-invalid=\"false\" aria-required=false><\/div><\/div><div class='ff-el-group'><div class=\"ff-el-input--label asterisk-right\"><label for='ff_35_input_text_3' id='label_ff_35_input_text_3' aria-label=\"Antal personer i gruppen (max 30, inkl. l\u00e4rare)\">Antal personer i gruppen (max 30, inkl. l\u00e4rare)<\/label><\/div><div class='ff-el-input--content'><input type=\"text\" name=\"input_text_3\" class=\"ff-el-form-control\" placeholder=\"Antal personer i gruppen (max 30, inkl. l\u00e4rare)\" data-name=\"input_text_3\" tabindex=\"3\" id=\"ff_35_input_text_3\"  aria-invalid=\"false\" aria-required=false><\/div><\/div><\/div><div class='ff-t-cell ff-t-column-2' style='flex-basis: 50%;'><div class='ff-el-group'><div class=\"ff-el-input--label asterisk-right\"><label for='ff_35_input_text_2' id='label_ff_35_input_text_2' aria-label=\"Klass\/grupp\">Klass\/grupp<\/label><\/div><div class='ff-el-input--content'><input type=\"text\" name=\"input_text_2\" class=\"ff-el-form-control\" placeholder=\"Klass\/grupp\" data-name=\"input_text_2\" tabindex=\"4\" id=\"ff_35_input_text_2\"  aria-invalid=\"false\" aria-required=false><\/div><\/div><div class='ff-el-group'><div class=\"ff-el-input--label asterisk-right\"><label for='ff_35_input_text_4' id='label_ff_35_input_text_4' aria-label=\"Antal medf\u00f6ljande vuxna\">Antal medf\u00f6ljande vuxna<\/label><\/div><div class='ff-el-input--content'><input type=\"text\" name=\"input_text_4\" class=\"ff-el-form-control\" placeholder=\"Antal medf\u00f6ljande vuxna\" data-name=\"input_text_4\" tabindex=\"5\" id=\"ff_35_input_text_4\"  aria-invalid=\"false\" aria-required=false><\/div><\/div><\/div><\/div><div class='ff-el-group  ff-custom_html' tabindex='-1' data-name=\"custom_html-35_2\" ><h3>Kontaktperson<\/h3><\/div><div data-type=\"name-element\" data-name=\"names\" class=\" ff-field_container ff-name-field-wrapper\" ><div class='ff-t-container'><div class='ff-t-cell '><div class='ff-el-group ff-el-form-top'><div class=\"ff-el-input--label asterisk-right\"><label for='ff_35_names_first_name_' id='label_ff_35_names_first_name_' >F\u00f6rnamn<\/label><\/div><div class='ff-el-input--content'><input type=\"text\" name=\"names[first_name]\" id=\"ff_35_names_first_name_\" class=\"ff-el-form-control\" placeholder=\"F\u00f6rnamn\" tabindex=\"6\" aria-invalid=\"false\" aria-required=false><\/div><\/div><\/div><div class='ff-t-cell '><div class='ff-el-group ff-el-form-top'><div class=\"ff-el-input--label asterisk-right\"><label for='ff_35_names_last_name_' id='label_ff_35_names_last_name_' >Efternamn<\/label><\/div><div class='ff-el-input--content'><input type=\"text\" name=\"names[last_name]\" id=\"ff_35_names_last_name_\" class=\"ff-el-form-control\" placeholder=\"Efternamn\" tabindex=\"7\" aria-invalid=\"false\" aria-required=false><\/div><\/div><\/div><\/div><\/div><div data-name=\"ff_cn_id_2\"  class='ff-t-container ff-column-container ff_columns_total_2 '><div class='ff-t-cell ff-t-column-1' style='flex-basis: 50%;'><div class='ff-el-group'><div class=\"ff-el-input--label ff-el-is-required asterisk-right\"><label for='ff_35_input_text_1' id='label_ff_35_input_text_1' aria-label=\"Telefon\">Telefon<\/label><\/div><div class='ff-el-input--content'><input type=\"text\" name=\"input_text_1\" class=\"ff-el-form-control\" placeholder=\"Telefon\" data-name=\"input_text_1\" tabindex=\"8\" id=\"ff_35_input_text_1\"  aria-invalid=\"false\" aria-required=true><\/div><\/div><\/div><div class='ff-t-cell ff-t-column-2' style='flex-basis: 50%;'><div class='ff-el-group'><div class=\"ff-el-input--label ff-el-is-required asterisk-right\"><label for='ff_35_email' id='label_ff_35_email' aria-label=\"E-post\">E-post<\/label><\/div><div class='ff-el-input--content'><input type=\"email\" name=\"email\" id=\"ff_35_email\" class=\"ff-el-form-control\" placeholder=\"E-post\" data-name=\"email\" tabindex=\"9\"  aria-invalid=\"false\" aria-required=true><\/div><\/div><\/div><\/div><div class='ff-el-group'><div class=\"ff-el-input--label asterisk-right\"><label for='ff_35_description' id='label_ff_35_description' aria-label=\"\u00c4r det n\u00e5got ni \u00f6nskar att vi k\u00e4nner till om er grupp? Vi anpassar v\u00e5rt mottagande s\u00e5 gott vi kan efter era f\u00f6ruts\u00e4ttningar\">\u00c4r det n\u00e5got ni \u00f6nskar att vi k\u00e4nner till om er grupp? Vi anpassar v\u00e5rt mottagande s\u00e5 gott vi kan efter era f\u00f6ruts\u00e4ttningar<\/label><\/div><div class='ff-el-input--content'><textarea aria-required=\"false\" aria-labelledby=\"label_ff_35_description\" name=\"description\" id=\"ff_35_description\" class=\"ff-el-form-control\" placeholder=\"Meddelande\" rows=\"3\" cols=\"2\" data-name=\"description\" tabindex=\"10\" ><\/textarea><\/div><\/div><div class='ff-el-group'><div class=\"ff-el-input--label ff-el-is-required asterisk-right\"><label   aria-label=\"GDPR\">GDPR<\/label><\/div><div class='ff-el-input--content'><div class='ff-el-form-check ff-el-form-check-'><label class='ff-el-form-check-label' for='checkbox_99a4bc33a3555d8afca66761565ea5c5'><input  type=\"checkbox\" name=\"checkbox[]\" data-name=\"checkbox\" class=\"ff-el-form-check-input ff-el-form-check-checkbox\" tabindex=\"11\" value=\"Jag godk\u00e4nner Visualiseringscenters hantering av &lt;a href=&quot;https:\/\/visualiseringscenter.se\/om-oss\/integritetspolicy\/&quot; taget=&quot;_blank&quot;&gt;personuppgifter&lt;\/a&gt;\"  id='checkbox_99a4bc33a3555d8afca66761565ea5c5' aria-label='Jag godk\u00e4nner Visualiseringscenters hantering av &lt;a href=&quot;https:\/\/visualiseringscenter.se\/om-oss\/integritetspolicy\/&quot;&gt;personuppgifter&lt;\/a&gt;' aria-invalid='false' aria-required=true> <span>Jag godk\u00e4nner Visualiseringscenters hantering av <a href=\"https:\/\/visualiseringscenter.se\/om-oss\/integritetspolicy\/\">personuppgifter<\/a><\/span><\/label><\/div><\/div><\/div><div class='ff-el-group'><div class=\"ff-el-input--label asterisk-right\"><label   aria-label=\"Missa inte v\u00e4rdefull information fr\u00e5n oss!\">Missa inte v\u00e4rdefull information fr\u00e5n oss!<\/label><\/div><div class='ff-el-input--content'><div class='ff-el-form-check ff-el-form-check-'><label class='ff-el-form-check-label' for='checkbox_1_1184c533ec40e843c8cccdff7c80f88b'><input  type=\"checkbox\" name=\"checkbox_1[]\" data-name=\"checkbox_1\" class=\"ff-el-form-check-input ff-el-form-check-checkbox\" tabindex=\"12\" value=\"Jag vill g\u00e4rna ta emot nyheter och information fr\u00e5n Visualiceringscenter C.\"  id='checkbox_1_1184c533ec40e843c8cccdff7c80f88b' aria-label='Jag vill g\u00e4rna ta emot nyheter och information fr\u00e5n Visualiceringscenter C.' aria-invalid='false' aria-required=false> <span>Jag vill g\u00e4rna ta emot nyheter och information fr\u00e5n Visualiceringscenter C.<\/span><\/label><\/div><\/div><\/div><div class='ff-el-group ff-text-left ff_submit_btn_wrapper'><button type=\"submit\" class=\"ff-btn ff-btn-submit ff-btn-md ff_btn_style\" tabindex=\"13\"  aria-label=\"Skicka in\">Skicka in<\/button><\/div><\/fieldset><\/form><div id='fluentform_35_errors' class='ff-errors-in-stack ff_form_instance_35_1 ff-form-loading_errors ff_form_instance_35_1_errors'><\/div><\/div>            <script type=\"text\/javascript\">\n                window.fluent_form_ff_form_instance_35_1 = {\"id\":\"35\",\"settings\":{\"layout\":{\"labelPlacement\":\"top\",\"helpMessagePlacement\":\"with_label\",\"errorMessagePlacement\":\"inline\",\"cssClassName\":\"\",\"asteriskPlacement\":\"asterisk-right\"},\"restrictions\":{\"denyEmptySubmission\":{\"enabled\":false}}},\"form_instance\":\"ff_form_instance_35_1\",\"form_id_selector\":\"fluentform_35\",\"rules\":{\"dropdown\":{\"required\":{\"value\":false,\"message\":\"This field is required\",\"global_message\":\"This field is required\",\"global\":true}},\"input_text\":{\"required\":{\"value\":false,\"message\":\"This field is required\",\"global_message\":\"This field is required\",\"global\":true}},\"input_text_3\":{\"required\":{\"value\":false,\"message\":\"This field is required\",\"global_message\":\"This field is required\",\"global\":true}},\"input_text_2\":{\"required\":{\"value\":false,\"message\":\"This field is required\",\"global_message\":\"This field is required\",\"global\":true}},\"input_text_4\":{\"required\":{\"value\":false,\"message\":\"This field is required\",\"global_message\":\"This field is required\",\"global\":true}},\"names[first_name]\":{\"required\":{\"value\":false,\"message\":\"This field is required\",\"global_message\":\"This field is required\",\"global\":true}},\"names[middle_name]\":{\"required\":{\"value\":false,\"message\":\"This field is required\",\"global_message\":\"This field is required\",\"global\":true}},\"names[last_name]\":{\"required\":{\"value\":false,\"message\":\"This field is required\",\"global_message\":\"This field is required\",\"global\":true}},\"input_text_1\":{\"required\":{\"value\":true,\"message\":\"This field is required\",\"global_message\":\"This field is required\",\"global\":true}},\"email\":{\"required\":{\"value\":true,\"message\":\"This field is required\",\"global_message\":\"This field is required\",\"global\":true},\"email\":{\"value\":true,\"message\":\"This field must contain a valid email\",\"global_message\":\"This field must contain a valid email\",\"global\":true}},\"description\":{\"required\":{\"value\":false,\"message\":\"This field is required\",\"global_message\":\"This field is required\",\"global\":true}},\"checkbox\":{\"required\":{\"value\":true,\"message\":\"This field is required\",\"global_message\":\"This field is required\",\"global\":true}},\"checkbox_1\":{\"required\":{\"value\":false,\"message\":\"This field is required\",\"global_message\":\"This field is required\",\"global\":true}}},\"debounce_time\":300};\n                            <\/script>\n            \n<\/div><\/div>\n","protected":false},"excerpt":{"rendered":"","protected":false},"author":5,"featured_media":0,"parent":5422,"menu_order":0,"comment_status":"closed","ping_status":"closed","template":"","meta":{"_acf_changed":false,"footnotes":""},"class_list":["post-17781","page","type-page","status-publish","hentry"],"acf":[],"yoast_head":"<!-- This site is optimized with the Yoast SEO plugin v27.1.1 - https:\/\/yoast.com\/product\/yoast-seo-wordpress\/ -->\n<title>Expression of interest school visit | Visualiseringscenter C<\/title>\n<meta name=\"description\" content=\"Welcome to visit Visualization Center C with your school class. Fill in your contact information and wishes in the form and we will contact you.\" \/>\n<meta name=\"robots\" content=\"index, follow, max-snippet:-1, max-image-preview:large, max-video-preview:-1\" \/>\n<link rel=\"canonical\" href=\"https:\/\/visualiseringscenter.se\/en\/visit\/school-and-education\/expression-of-interest-school-visit-5\/\" \/>\n<meta property=\"og:locale\" content=\"en_US\" \/>\n<meta property=\"og:type\" content=\"article\" \/>\n<meta property=\"og:title\" content=\"Expression of interest school visit | Visualiseringscenter C\" \/>\n<meta property=\"og:description\" content=\"Welcome to visit Visualization Center C with your school class. Fill in your contact information and wishes in the form and we will contact you.\" \/>\n<meta property=\"og:url\" content=\"https:\/\/visualiseringscenter.se\/en\/visit\/school-and-education\/expression-of-interest-school-visit-5\/\" \/>\n<meta property=\"og:site_name\" content=\"Visualiseringscenter C\" \/>\n<meta property=\"og:image\" content=\"https:\/\/visualiseringscenter.se\/wp-content\/uploads\/2024\/05\/1671634167060_Visualiseringscenter_Domen-scaled.jpg\" \/>\n\t<meta property=\"og:image:width\" content=\"2560\" \/>\n\t<meta property=\"og:image:height\" content=\"1707\" \/>\n\t<meta property=\"og:image:type\" content=\"image\/jpeg\" \/>\n<meta name=\"twitter:card\" content=\"summary_large_image\" \/>\n<meta name=\"twitter:label1\" content=\"Est. reading time\" \/>\n\t<meta name=\"twitter:data1\" content=\"1 minute\" \/>\n<script type=\"application\/ld+json\" class=\"yoast-schema-graph\">{\"@context\":\"https:\/\/schema.org\",\"@graph\":[{\"@type\":\"WebPage\",\"@id\":\"https:\/\/visualiseringscenter.se\/en\/visit\/school-and-education\/expression-of-interest-school-visit-5\/\",\"url\":\"https:\/\/visualiseringscenter.se\/en\/visit\/school-and-education\/expression-of-interest-school-visit-5\/\",\"name\":\"Expression of interest school visit | Visualiseringscenter C\",\"isPartOf\":{\"@id\":\"https:\/\/visualiseringscenter.se\/#website\"},\"datePublished\":\"2025-08-21T06:19:40+00:00\",\"description\":\"Welcome to visit Visualization Center C with your school class. Fill in your contact information and wishes in the form and we will contact you.\",\"breadcrumb\":{\"@id\":\"https:\/\/visualiseringscenter.se\/en\/visit\/school-and-education\/expression-of-interest-school-visit-5\/#breadcrumb\"},\"inLanguage\":\"en-US\",\"potentialAction\":[{\"@type\":\"ReadAction\",\"target\":[\"https:\/\/visualiseringscenter.se\/en\/visit\/school-and-education\/expression-of-interest-school-visit-5\/\"]}]},{\"@type\":\"BreadcrumbList\",\"@id\":\"https:\/\/visualiseringscenter.se\/en\/visit\/school-and-education\/expression-of-interest-school-visit-5\/#breadcrumb\",\"itemListElement\":[{\"@type\":\"ListItem\",\"position\":1,\"name\":\"Visit\",\"item\":\"https:\/\/visualiseringscenter.se\/en\/visit\/\"},{\"@type\":\"ListItem\",\"position\":2,\"name\":\"School and Education\",\"item\":\"https:\/\/visualiseringscenter.se\/en\/visit\/school-and-education\/\"},{\"@type\":\"ListItem\",\"position\":3,\"name\":\"Expression of interest school visit\"}]},{\"@type\":\"WebSite\",\"@id\":\"https:\/\/visualiseringscenter.se\/#website\",\"url\":\"https:\/\/visualiseringscenter.se\/\",\"name\":\"Visualiceringscenter C\",\"description\":\"En m\u00f6tesplats kring visualisering f\u00f6r forskning, n\u00e4ringsliv, allm\u00e4nhet och skola\",\"publisher\":{\"@id\":\"https:\/\/visualiseringscenter.se\/#organization\"},\"potentialAction\":[{\"@type\":\"SearchAction\",\"target\":{\"@type\":\"EntryPoint\",\"urlTemplate\":\"https:\/\/visualiseringscenter.se\/?s={search_term_string}\"},\"query-input\":{\"@type\":\"PropertyValueSpecification\",\"valueRequired\":true,\"valueName\":\"search_term_string\"}}],\"inLanguage\":\"en-US\"},{\"@type\":\"Organization\",\"@id\":\"https:\/\/visualiseringscenter.se\/#organization\",\"name\":\"Visualiseringscenter C\",\"url\":\"https:\/\/visualiseringscenter.se\/\",\"logo\":{\"@type\":\"ImageObject\",\"inLanguage\":\"en-US\",\"@id\":\"https:\/\/visualiseringscenter.se\/#\/schema\/logo\/image\/\",\"url\":\"https:\/\/visualiseringscenter.se\/wp-content\/uploads\/2024\/03\/logo_small.png\",\"contentUrl\":\"https:\/\/visualiseringscenter.se\/wp-content\/uploads\/2024\/03\/logo_small.png\",\"width\":713,\"height\":735,\"caption\":\"Visualiseringscenter C\"},\"image\":{\"@id\":\"https:\/\/visualiseringscenter.se\/#\/schema\/logo\/image\/\"}}]}<\/script>\n<!-- \/ Yoast SEO plugin. -->","yoast_head_json":{"title":"Expression of interest school visit | Visualiseringscenter C","description":"Welcome to visit Visualization Center C with your school class. Fill in your contact information and wishes in the form and we will contact you.","robots":{"index":"index","follow":"follow","max-snippet":"max-snippet:-1","max-image-preview":"max-image-preview:large","max-video-preview":"max-video-preview:-1"},"canonical":"https:\/\/visualiseringscenter.se\/en\/visit\/school-and-education\/expression-of-interest-school-visit-5\/","og_locale":"en_US","og_type":"article","og_title":"Expression of interest school visit | Visualiseringscenter C","og_description":"Welcome to visit Visualization Center C with your school class. Fill in your contact information and wishes in the form and we will contact you.","og_url":"https:\/\/visualiseringscenter.se\/en\/visit\/school-and-education\/expression-of-interest-school-visit-5\/","og_site_name":"Visualiseringscenter C","og_image":[{"width":2560,"height":1707,"url":"https:\/\/visualiseringscenter.se\/wp-content\/uploads\/2024\/05\/1671634167060_Visualiseringscenter_Domen-scaled.jpg","type":"image\/jpeg"}],"twitter_card":"summary_large_image","twitter_misc":{"Est. reading time":"1 minute"},"schema":{"@context":"https:\/\/schema.org","@graph":[{"@type":"WebPage","@id":"https:\/\/visualiseringscenter.se\/en\/visit\/school-and-education\/expression-of-interest-school-visit-5\/","url":"https:\/\/visualiseringscenter.se\/en\/visit\/school-and-education\/expression-of-interest-school-visit-5\/","name":"Expression of interest school visit | Visualiseringscenter C","isPartOf":{"@id":"https:\/\/visualiseringscenter.se\/#website"},"datePublished":"2025-08-21T06:19:40+00:00","description":"Welcome to visit Visualization Center C with your school class. Fill in your contact information and wishes in the form and we will contact you.","breadcrumb":{"@id":"https:\/\/visualiseringscenter.se\/en\/visit\/school-and-education\/expression-of-interest-school-visit-5\/#breadcrumb"},"inLanguage":"en-US","potentialAction":[{"@type":"ReadAction","target":["https:\/\/visualiseringscenter.se\/en\/visit\/school-and-education\/expression-of-interest-school-visit-5\/"]}]},{"@type":"BreadcrumbList","@id":"https:\/\/visualiseringscenter.se\/en\/visit\/school-and-education\/expression-of-interest-school-visit-5\/#breadcrumb","itemListElement":[{"@type":"ListItem","position":1,"name":"Visit","item":"https:\/\/visualiseringscenter.se\/en\/visit\/"},{"@type":"ListItem","position":2,"name":"School and Education","item":"https:\/\/visualiseringscenter.se\/en\/visit\/school-and-education\/"},{"@type":"ListItem","position":3,"name":"Expression of interest school visit"}]},{"@type":"WebSite","@id":"https:\/\/visualiseringscenter.se\/#website","url":"https:\/\/visualiseringscenter.se\/","name":"Visualiceringscenter C","description":"En m\u00f6tesplats kring visualisering f\u00f6r forskning, n\u00e4ringsliv, allm\u00e4nhet och skola","publisher":{"@id":"https:\/\/visualiseringscenter.se\/#organization"},"potentialAction":[{"@type":"SearchAction","target":{"@type":"EntryPoint","urlTemplate":"https:\/\/visualiseringscenter.se\/?s={search_term_string}"},"query-input":{"@type":"PropertyValueSpecification","valueRequired":true,"valueName":"search_term_string"}}],"inLanguage":"en-US"},{"@type":"Organization","@id":"https:\/\/visualiseringscenter.se\/#organization","name":"Visualiseringscenter C","url":"https:\/\/visualiseringscenter.se\/","logo":{"@type":"ImageObject","inLanguage":"en-US","@id":"https:\/\/visualiseringscenter.se\/#\/schema\/logo\/image\/","url":"https:\/\/visualiseringscenter.se\/wp-content\/uploads\/2024\/03\/logo_small.png","contentUrl":"https:\/\/visualiseringscenter.se\/wp-content\/uploads\/2024\/03\/logo_small.png","width":713,"height":735,"caption":"Visualiseringscenter C"},"image":{"@id":"https:\/\/visualiseringscenter.se\/#\/schema\/logo\/image\/"}}]}},"_links":{"self":[{"href":"https:\/\/visualiseringscenter.se\/en\/wp-json\/wp\/v2\/pages\/17781","targetHints":{"allow":["GET"]}}],"collection":[{"href":"https:\/\/visualiseringscenter.se\/en\/wp-json\/wp\/v2\/pages"}],"about":[{"href":"https:\/\/visualiseringscenter.se\/en\/wp-json\/wp\/v2\/types\/page"}],"author":[{"embeddable":true,"href":"https:\/\/visualiseringscenter.se\/en\/wp-json\/wp\/v2\/users\/5"}],"replies":[{"embeddable":true,"href":"https:\/\/visualiseringscenter.se\/en\/wp-json\/wp\/v2\/comments?post=17781"}],"version-history":[{"count":1,"href":"https:\/\/visualiseringscenter.se\/en\/wp-json\/wp\/v2\/pages\/17781\/revisions"}],"predecessor-version":[{"id":17782,"href":"https:\/\/visualiseringscenter.se\/en\/wp-json\/wp\/v2\/pages\/17781\/revisions\/17782"}],"up":[{"embeddable":true,"href":"https:\/\/visualiseringscenter.se\/en\/wp-json\/wp\/v2\/pages\/5422"}],"wp:attachment":[{"href":"https:\/\/visualiseringscenter.se\/en\/wp-json\/wp\/v2\/media?parent=17781"}],"curies":[{"name":"wp","href":"https:\/\/api.w.org\/{rel}","templated":true}]}}