
{"id":5470,"date":"2024-05-21T14:49:06","date_gmt":"2024-05-21T12:49:06","guid":{"rendered":"http:\/\/vicent.hamstage.hamrenmedia.se\/visit\/shop\/"},"modified":"2024-06-24T13:50:11","modified_gmt":"2024-06-24T11:50:11","slug":"shop","status":"publish","type":"page","link":"https:\/\/visualiseringscenter.se\/en\/visit\/shop\/","title":{"rendered":"Shop"},"content":{"rendered":"\n<div class=\"wp-block-animate-blocks-animate\" data-aos=\"fade-up\" data-aos-delay=\"100\" data-aos-duration=\"300\">\n<div class=\"wp-block-columns is-layout-flex wp-container-core-columns-is-layout-9d6595d7 wp-block-columns-is-layout-flex\">\n<div class=\"wp-block-column is-layout-flow wp-block-column-is-layout-flow\"><div class=\"yoast-breadcrumbs\"><span><span><a href=\"https:\/\/visualiseringscenter.se\/en\/visit\/\">Visit<\/a><\/span> <i class=\"fa-light fa-arrow-right\"><\/i> <span class=\"breadcrumb_last\" aria-current=\"page\">Shop<\/span><\/span><\/div>\n\n\n<h1 class=\"wp-block-heading\"><em>Discover and Learn<\/em> with Exciting Items<\/h1>\n\n\n\n<h4 class=\"wp-block-heading\">Opening Hours<\/h4>\n\n\n\n<p>The shop is open during the center&#8217;s regular hours, Monday to Sunday, 10:00 AM \u2013 4:00 PM.<\/p>\n<\/div>\n\n\n\n<div class=\"wp-block-column is-layout-flow wp-block-column-is-layout-flow\"><figure class=\"wp-block-post-featured-image\"><img loading=\"lazy\" decoding=\"async\" width=\"2560\" height=\"1707\" src=\"https:\/\/visualiseringscenter.se\/wp-content\/uploads\/2025\/09\/241121_Visualiseringscenter_C_007-scaled.jpg\" class=\"attachment-post-thumbnail size-post-thumbnail wp-post-image\" alt=\"\" style=\"object-fit:cover;\" srcset=\"https:\/\/visualiseringscenter.se\/wp-content\/uploads\/2025\/09\/241121_Visualiseringscenter_C_007-scaled.jpg 2560w, https:\/\/visualiseringscenter.se\/wp-content\/uploads\/2025\/09\/241121_Visualiseringscenter_C_007-300x200.jpg 300w, https:\/\/visualiseringscenter.se\/wp-content\/uploads\/2025\/09\/241121_Visualiseringscenter_C_007-1024x683.jpg 1024w, https:\/\/visualiseringscenter.se\/wp-content\/uploads\/2025\/09\/241121_Visualiseringscenter_C_007-768x512.jpg 768w, https:\/\/visualiseringscenter.se\/wp-content\/uploads\/2025\/09\/241121_Visualiseringscenter_C_007-1536x1024.jpg 1536w, https:\/\/visualiseringscenter.se\/wp-content\/uploads\/2025\/09\/241121_Visualiseringscenter_C_007-2048x1366.jpg 2048w, https:\/\/visualiseringscenter.se\/wp-content\/uploads\/2025\/09\/241121_Visualiseringscenter_C_007-2000x1334.jpg 2000w, https:\/\/visualiseringscenter.se\/wp-content\/uploads\/2025\/09\/241121_Visualiseringscenter_C_007-600x400.jpg 600w\" sizes=\"auto, (max-width: 2560px) 100vw, 2560px\" \/><\/figure><\/div>\n<\/div>\n<\/div>\n\n<div class=\"wp-block-group is-style-narrow\"><div class=\"wp-block-group__inner-container is-layout-constrained wp-block-group-is-layout-constrained\">\n<h2 class=\"wp-block-heading\"><\/h2>\n\n\n\n<div class=\"wp-block-animate-blocks-animate\" data-aos=\"fade-up\" data-aos-delay=\"100\" data-aos-duration=\"300\">\n<h2 class=\"wp-block-heading\">Continue the Adventure at Home<\/h2>\n\n\n\n<p>Get inspired by your experience at the center and continue discovering at home with items from our well-stocked museum shop on the ground floor.<\/p>\n\n\n\n<p>In the shop, you will find products inspired by the center&#8217;s guiding principles &#8220;experience, discover, explore.&#8221; Here, you will find educational toys, exciting experiments, and a wide range of books for the curious. The shop has challenging kits and books for both young and old amateur researchers.<\/p>\n\n\n\n<h3 class=\"wp-block-heading\">Welcome!<\/h3>\n<\/div>\n<\/div><\/div>\n","protected":false},"excerpt":{"rendered":"","protected":false},"author":1,"featured_media":18502,"parent":5407,"menu_order":0,"comment_status":"closed","ping_status":"closed","template":"","meta":{"_acf_changed":false,"footnotes":""},"class_list":["post-5470","page","type-page","status-publish","has-post-thumbnail","hentry"],"acf":[],"yoast_head":"<!-- This site is optimized with the Yoast SEO plugin v27.1.1 - https:\/\/yoast.com\/product\/yoast-seo-wordpress\/ -->\n<title>Shop | Visualiseringscenter C<\/title>\n<meta name=\"description\" content=\"Get inspired by your experience at the Center and continue your discovery at home with items from our well-stocked museum shop on the ground floor.\" \/>\n<meta name=\"robots\" content=\"index, follow, max-snippet:-1, max-image-preview:large, max-video-preview:-1\" \/>\n<link rel=\"canonical\" href=\"https:\/\/visualiseringscenter.se\/en\/visit\/shop\/\" \/>\n<meta property=\"og:locale\" content=\"en_US\" \/>\n<meta property=\"og:type\" content=\"article\" \/>\n<meta property=\"og:title\" content=\"Shop | Visualiseringscenter C\" \/>\n<meta property=\"og:description\" content=\"Get inspired by your experience at the Center and continue your discovery at home with items from our well-stocked museum shop on the ground floor.\" \/>\n<meta property=\"og:url\" content=\"https:\/\/visualiseringscenter.se\/en\/visit\/shop\/\" \/>\n<meta property=\"og:site_name\" content=\"Visualiseringscenter C\" \/>\n<meta property=\"article:modified_time\" content=\"2024-06-24T11:50:11+00:00\" \/>\n<meta property=\"og:image\" content=\"https:\/\/visualiseringscenter.se\/wp-content\/uploads\/2024\/05\/dsc_0311.jpg\" \/>\n\t<meta property=\"og:image:width\" content=\"1200\" \/>\n\t<meta property=\"og:image:height\" content=\"612\" \/>\n\t<meta property=\"og:image:type\" content=\"image\/jpeg\" \/>\n<meta name=\"twitter:card\" content=\"summary_large_image\" \/>\n<script type=\"application\/ld+json\" class=\"yoast-schema-graph\">{\"@context\":\"https:\/\/schema.org\",\"@graph\":[{\"@type\":\"WebPage\",\"@id\":\"https:\/\/visualiseringscenter.se\/en\/visit\/shop\/\",\"url\":\"https:\/\/visualiseringscenter.se\/en\/visit\/shop\/\",\"name\":\"Shop | Visualiseringscenter C\",\"isPartOf\":{\"@id\":\"https:\/\/visualiseringscenter.se\/#website\"},\"primaryImageOfPage\":{\"@id\":\"https:\/\/visualiseringscenter.se\/en\/visit\/shop\/#primaryimage\"},\"image\":{\"@id\":\"https:\/\/visualiseringscenter.se\/en\/visit\/shop\/#primaryimage\"},\"thumbnailUrl\":\"https:\/\/visualiseringscenter.se\/wp-content\/uploads\/2025\/09\/241121_Visualiseringscenter_C_007-scaled.jpg\",\"datePublished\":\"2024-05-21T12:49:06+00:00\",\"dateModified\":\"2024-06-24T11:50:11+00:00\",\"description\":\"Get inspired by your experience at the Center and continue your discovery at home with items from our well-stocked museum shop on the ground floor.\",\"breadcrumb\":{\"@id\":\"https:\/\/visualiseringscenter.se\/en\/visit\/shop\/#breadcrumb\"},\"inLanguage\":\"en-US\",\"potentialAction\":[{\"@type\":\"ReadAction\",\"target\":[\"https:\/\/visualiseringscenter.se\/en\/visit\/shop\/\"]}]},{\"@type\":\"ImageObject\",\"inLanguage\":\"en-US\",\"@id\":\"https:\/\/visualiseringscenter.se\/en\/visit\/shop\/#primaryimage\",\"url\":\"https:\/\/visualiseringscenter.se\/wp-content\/uploads\/2025\/09\/241121_Visualiseringscenter_C_007-scaled.jpg\",\"contentUrl\":\"https:\/\/visualiseringscenter.se\/wp-content\/uploads\/2025\/09\/241121_Visualiseringscenter_C_007-scaled.jpg\",\"width\":2560,\"height\":1707,\"caption\":\"241121 Norrk\u00f6pings Visualiseringscenter C, den 21 november 2024 i Norrk\u00f6ping. Foto: Peter Holgersson AB\"},{\"@type\":\"BreadcrumbList\",\"@id\":\"https:\/\/visualiseringscenter.se\/en\/visit\/shop\/#breadcrumb\",\"itemListElement\":[{\"@type\":\"ListItem\",\"position\":1,\"name\":\"Visit\",\"item\":\"https:\/\/visualiseringscenter.se\/en\/visit\/\"},{\"@type\":\"ListItem\",\"position\":2,\"name\":\"Shop\"}]},{\"@type\":\"WebSite\",\"@id\":\"https:\/\/visualiseringscenter.se\/#website\",\"url\":\"https:\/\/visualiseringscenter.se\/\",\"name\":\"Visualiceringscenter C\",\"description\":\"En m\u00f6tesplats kring visualisering f\u00f6r forskning, n\u00e4ringsliv, allm\u00e4nhet och skola\",\"publisher\":{\"@id\":\"https:\/\/visualiseringscenter.se\/#organization\"},\"potentialAction\":[{\"@type\":\"SearchAction\",\"target\":{\"@type\":\"EntryPoint\",\"urlTemplate\":\"https:\/\/visualiseringscenter.se\/?s={search_term_string}\"},\"query-input\":{\"@type\":\"PropertyValueSpecification\",\"valueRequired\":true,\"valueName\":\"search_term_string\"}}],\"inLanguage\":\"en-US\"},{\"@type\":\"Organization\",\"@id\":\"https:\/\/visualiseringscenter.se\/#organization\",\"name\":\"Visualiseringscenter C\",\"url\":\"https:\/\/visualiseringscenter.se\/\",\"logo\":{\"@type\":\"ImageObject\",\"inLanguage\":\"en-US\",\"@id\":\"https:\/\/visualiseringscenter.se\/#\/schema\/logo\/image\/\",\"url\":\"https:\/\/visualiseringscenter.se\/wp-content\/uploads\/2024\/03\/logo_small.png\",\"contentUrl\":\"https:\/\/visualiseringscenter.se\/wp-content\/uploads\/2024\/03\/logo_small.png\",\"width\":713,\"height\":735,\"caption\":\"Visualiseringscenter C\"},\"image\":{\"@id\":\"https:\/\/visualiseringscenter.se\/#\/schema\/logo\/image\/\"}}]}<\/script>\n<!-- \/ Yoast SEO plugin. -->","yoast_head_json":{"title":"Shop | Visualiseringscenter C","description":"Get inspired by your experience at the Center and continue your discovery at home with items from our well-stocked museum shop on the ground floor.","robots":{"index":"index","follow":"follow","max-snippet":"max-snippet:-1","max-image-preview":"max-image-preview:large","max-video-preview":"max-video-preview:-1"},"canonical":"https:\/\/visualiseringscenter.se\/en\/visit\/shop\/","og_locale":"en_US","og_type":"article","og_title":"Shop | Visualiseringscenter C","og_description":"Get inspired by your experience at the Center and continue your discovery at home with items from our well-stocked museum shop on the ground floor.","og_url":"https:\/\/visualiseringscenter.se\/en\/visit\/shop\/","og_site_name":"Visualiseringscenter C","article_modified_time":"2024-06-24T11:50:11+00:00","og_image":[{"width":1200,"height":612,"url":"https:\/\/visualiseringscenter.se\/wp-content\/uploads\/2024\/05\/dsc_0311.jpg","type":"image\/jpeg"}],"twitter_card":"summary_large_image","schema":{"@context":"https:\/\/schema.org","@graph":[{"@type":"WebPage","@id":"https:\/\/visualiseringscenter.se\/en\/visit\/shop\/","url":"https:\/\/visualiseringscenter.se\/en\/visit\/shop\/","name":"Shop | Visualiseringscenter C","isPartOf":{"@id":"https:\/\/visualiseringscenter.se\/#website"},"primaryImageOfPage":{"@id":"https:\/\/visualiseringscenter.se\/en\/visit\/shop\/#primaryimage"},"image":{"@id":"https:\/\/visualiseringscenter.se\/en\/visit\/shop\/#primaryimage"},"thumbnailUrl":"https:\/\/visualiseringscenter.se\/wp-content\/uploads\/2025\/09\/241121_Visualiseringscenter_C_007-scaled.jpg","datePublished":"2024-05-21T12:49:06+00:00","dateModified":"2024-06-24T11:50:11+00:00","description":"Get inspired by your experience at the Center and continue your discovery at home with items from our well-stocked museum shop on the ground floor.","breadcrumb":{"@id":"https:\/\/visualiseringscenter.se\/en\/visit\/shop\/#breadcrumb"},"inLanguage":"en-US","potentialAction":[{"@type":"ReadAction","target":["https:\/\/visualiseringscenter.se\/en\/visit\/shop\/"]}]},{"@type":"ImageObject","inLanguage":"en-US","@id":"https:\/\/visualiseringscenter.se\/en\/visit\/shop\/#primaryimage","url":"https:\/\/visualiseringscenter.se\/wp-content\/uploads\/2025\/09\/241121_Visualiseringscenter_C_007-scaled.jpg","contentUrl":"https:\/\/visualiseringscenter.se\/wp-content\/uploads\/2025\/09\/241121_Visualiseringscenter_C_007-scaled.jpg","width":2560,"height":1707,"caption":"241121 Norrk\u00f6pings Visualiseringscenter C, den 21 november 2024 i Norrk\u00f6ping. Foto: Peter Holgersson AB"},{"@type":"BreadcrumbList","@id":"https:\/\/visualiseringscenter.se\/en\/visit\/shop\/#breadcrumb","itemListElement":[{"@type":"ListItem","position":1,"name":"Visit","item":"https:\/\/visualiseringscenter.se\/en\/visit\/"},{"@type":"ListItem","position":2,"name":"Shop"}]},{"@type":"WebSite","@id":"https:\/\/visualiseringscenter.se\/#website","url":"https:\/\/visualiseringscenter.se\/","name":"Visualiceringscenter C","description":"En m\u00f6tesplats kring visualisering f\u00f6r forskning, n\u00e4ringsliv, allm\u00e4nhet och skola","publisher":{"@id":"https:\/\/visualiseringscenter.se\/#organization"},"potentialAction":[{"@type":"SearchAction","target":{"@type":"EntryPoint","urlTemplate":"https:\/\/visualiseringscenter.se\/?s={search_term_string}"},"query-input":{"@type":"PropertyValueSpecification","valueRequired":true,"valueName":"search_term_string"}}],"inLanguage":"en-US"},{"@type":"Organization","@id":"https:\/\/visualiseringscenter.se\/#organization","name":"Visualiseringscenter C","url":"https:\/\/visualiseringscenter.se\/","logo":{"@type":"ImageObject","inLanguage":"en-US","@id":"https:\/\/visualiseringscenter.se\/#\/schema\/logo\/image\/","url":"https:\/\/visualiseringscenter.se\/wp-content\/uploads\/2024\/03\/logo_small.png","contentUrl":"https:\/\/visualiseringscenter.se\/wp-content\/uploads\/2024\/03\/logo_small.png","width":713,"height":735,"caption":"Visualiseringscenter C"},"image":{"@id":"https:\/\/visualiseringscenter.se\/#\/schema\/logo\/image\/"}}]}},"_links":{"self":[{"href":"https:\/\/visualiseringscenter.se\/en\/wp-json\/wp\/v2\/pages\/5470","targetHints":{"allow":["GET"]}}],"collection":[{"href":"https:\/\/visualiseringscenter.se\/en\/wp-json\/wp\/v2\/pages"}],"about":[{"href":"https:\/\/visualiseringscenter.se\/en\/wp-json\/wp\/v2\/types\/page"}],"author":[{"embeddable":true,"href":"https:\/\/visualiseringscenter.se\/en\/wp-json\/wp\/v2\/users\/1"}],"replies":[{"embeddable":true,"href":"https:\/\/visualiseringscenter.se\/en\/wp-json\/wp\/v2\/comments?post=5470"}],"version-history":[{"count":1,"href":"https:\/\/visualiseringscenter.se\/en\/wp-json\/wp\/v2\/pages\/5470\/revisions"}],"predecessor-version":[{"id":5471,"href":"https:\/\/visualiseringscenter.se\/en\/wp-json\/wp\/v2\/pages\/5470\/revisions\/5471"}],"up":[{"embeddable":true,"href":"https:\/\/visualiseringscenter.se\/en\/wp-json\/wp\/v2\/pages\/5407"}],"wp:featuredmedia":[{"embeddable":true,"href":"https:\/\/visualiseringscenter.se\/en\/wp-json\/wp\/v2\/media\/18502"}],"wp:attachment":[{"href":"https:\/\/visualiseringscenter.se\/en\/wp-json\/wp\/v2\/media?parent=5470"}],"curies":[{"name":"wp","href":"https:\/\/api.w.org\/{rel}","templated":true}]}}