
{"id":5472,"date":"2024-02-21T11:09:34","date_gmt":"2024-02-21T10:09:34","guid":{"rendered":"http:\/\/vicent.hamstage.hamrenmedia.se\/visit\/practical-information\/"},"modified":"2026-04-10T14:48:52","modified_gmt":"2026-04-10T12:48:52","slug":"practical-information","status":"publish","type":"page","link":"https:\/\/visualiseringscenter.se\/en\/visit\/practical-information\/","title":{"rendered":"Practical Information"},"content":{"rendered":"\n<div class=\"wp-block-animate-blocks-animate\" data-aos=\"fade-up\" data-aos-delay=\"100\" data-aos-duration=\"300\">\n<div class=\"wp-block-columns are-vertically-aligned-top is-layout-flex wp-container-core-columns-is-layout-9d6595d7 wp-block-columns-is-layout-flex\">\n<div class=\"wp-block-column is-vertically-aligned-top is-layout-flow wp-block-column-is-layout-flow\"><div class=\"yoast-breadcrumbs\"><span><span><a href=\"https:\/\/visualiseringscenter.se\/en\/visit\/\">Visit<\/a><\/span> <i class=\"fa-light fa-arrow-right\"><\/i> <span class=\"breadcrumb_last\" aria-current=\"page\">Practical Information<\/span><\/span><\/div>\n\n\n<h1 class=\"wp-block-heading\">Practical information before your visit<\/h1>\n\n\n\n<p class=\"is-style-ingress\">Opening hours, prices, accessibility, parking, toilets. Here you will find (hopefully) everything you need to know before visiting Visualisation Centre C.<\/p>\n<\/div>\n\n\n\n<div class=\"wp-block-column is-vertically-aligned-top is-layout-flow wp-block-column-is-layout-flow\">\n<h5 class=\"wp-block-heading\">Quick links<\/h5>\n\n\n\n<div class=\"wp-block-columns is-style-less-gap is-layout-flex wp-container-core-columns-is-layout-9d6595d7 wp-block-columns-is-layout-flex\">\n<div class=\"wp-block-column is-layout-flow wp-block-column-is-layout-flow\">\n<div class=\"wp-block-buttons is-layout-flex wp-block-buttons-is-layout-flex\">\n<div class=\"wp-block-button has-custom-width wp-block-button__width-100\"><a class=\"wp-block-button__link wp-element-button\" href=\"https:\/\/visualiseringscenter.se\/en\/visit\/#justnu\">Today&#8217;s lunch<\/a><\/div>\n\n\n\n<div class=\"wp-block-button has-custom-width wp-block-button__width-100\"><a class=\"wp-block-button__link wp-element-button\" href=\"https:\/\/visualiseringscenter.se\/en\/visit\/#justnu\">Currently at C<\/a><\/div>\n<\/div>\n<\/div>\n\n\n\n<div class=\"wp-block-column is-layout-flow wp-block-column-is-layout-flow\"><\/div>\n<\/div>\n<\/div>\n<\/div>\n\n\n\n<div style=\"height:5rem\" aria-hidden=\"true\" class=\"wp-block-spacer\"><\/div>\n\n\n\n<div class=\"wp-block-columns is-layout-flex wp-container-core-columns-is-layout-9d6595d7 wp-block-columns-is-layout-flex\">\n<div class=\"wp-block-column is-layout-flow wp-block-column-is-layout-flow\"><iconify-icon \r\n    icon=\"material-symbols:watch\" \r\n  width=\"2rem\" \r\n  height=\"2rem\"\r\n  observer=\"false\" \r\n  style=\"color: #ffd64f\"\r\n  class=\"material-symbols:watch\">\r\n<\/iconify-icon>\n\n\n<h2 class=\"wp-block-heading\">Opening hours<\/h2>\n\n\n\n<p>Regular opening hours every day from 10 a.m. to 4 p.m.<\/p>\n<\/div>\n\n\n\n<div class=\"wp-block-column is-layout-flow wp-block-column-is-layout-flow\"><iconify-icon \r\n    icon=\"material-symbols:login\" \r\n  width=\"2rem\" \r\n  height=\"2rem\"\r\n  observer=\"false\" \r\n  style=\"color: #ffd64f\"\r\n  class=\"material-symbols:login\">\r\n<\/iconify-icon>\n\n\n<h2 class=\"wp-block-heading\">Free admission<\/h2>\n\n\n\n<p>Visualisation Centre C always offers free admission to our exhibitions. For ticket prices, please refer to <a href=\"https:\/\/visualiseringscenter.se\/en\/wisdome\/\">Wisdome.<\/a><\/p>\n<\/div>\n\n\n\n<div class=\"wp-block-column is-layout-flow wp-block-column-is-layout-flow\"><iconify-icon \r\n    icon=\"material-symbols:restaurant\" \r\n  width=\"2rem\" \r\n  height=\"2rem\"\r\n  observer=\"false\" \r\n  style=\"color: #ffd64f\"\r\n  class=\"material-symbols:restaurant\">\r\n<\/iconify-icon>\n\n\n<h2 class=\"wp-block-heading\">Lunch and coffee break<\/h2>\n\n\n\n<p>Our restaurant offers lunch and coffee breaks every day. See <a href=\"https:\/\/visualiseringscenter.se\/en\/visit\/restaurant-cafe-c\/\">Today&#8217;s lunch.<\/a><\/p>\n<\/div>\n<\/div>\n\n\n\n<div class=\"wp-block-columns is-layout-flex wp-container-core-columns-is-layout-9d6595d7 wp-block-columns-is-layout-flex\">\n<div class=\"wp-block-column is-layout-flow wp-block-column-is-layout-flow\"><iconify-icon \r\n    icon=\"material-symbols:map-outline\" \r\n  width=\"2rem\" \r\n  height=\"2rem\"\r\n  observer=\"false\" \r\n  style=\"color: #ffd64f\"\r\n  class=\"material-symbols:map-outline\">\r\n<\/iconify-icon>\n\n\n<h2 class=\"wp-block-heading\">Find us<\/h2>\n\n\n\n<p>You will find Visualisation Centre C at Kungsgatan 54 in the Industrial Landscape in central Norrk\u00f6ping. <a href=\"https:\/\/maps.app.goo.gl\/SKD3HhiPgBdbjsxaA\" target=\"_blank\" rel=\"noopener\">Show on map.<\/a><\/p>\n<\/div>\n\n\n\n<div class=\"wp-block-column is-layout-flow wp-block-column-is-layout-flow\"><iconify-icon \r\n    icon=\"material-symbols:directions-car-outline\" \r\n  width=\"2rem\" \r\n  height=\"2rem\"\r\n  observer=\"false\" \r\n  style=\"color: #ffd64f\"\r\n  class=\"material-symbols:directions-car-outline\">\r\n<\/iconify-icon>\n\n\n<h2 class=\"wp-block-heading\">Parking<\/h2>\n\n\n\n<p>The centre does not have its own car park. The nearest car park is <a href=\"https:\/\/maps.app.goo.gl\/6WetfFHP49ySNZwC6\" target=\"_blank\" rel=\"noopener\">P-huset Spetsen<\/a> at Skvallertorget, approximately 100 metres from the centre. A disabled parking space is available in Kopparhammaren&#8217;s courtyard, which can be accessed via Norra Grytsgatan from Kungsgatan. More options are available on the <a href=\"https:\/\/kartor.norrkoping.se\/spatialmap?mapheight=900&amp;mapwidth=1925&amp;label=&amp;ignorefavorite=true&amp;profile=kartor&amp;selectorgroups=parkering&amp;layers=kommunkartan+tk_phus_status&amp;opacities=1+1&amp;mapext=130391.60307200001+6496339.901432+133463.596928+6497771.898568001&amp;maprotation=\" target=\"_blank\" rel=\"noopener\">municipality&#8217;s parking map.<\/a><\/p>\n<\/div>\n\n\n\n<div class=\"wp-block-column is-layout-flow wp-block-column-is-layout-flow\"><iconify-icon \r\n    icon=\"material-symbols:train-outline\" \r\n  width=\"2rem\" \r\n  height=\"2rem\"\r\n  observer=\"false\" \r\n  style=\"color: #ffd64f\"\r\n  class=\"material-symbols:train-outline\">\r\n<\/iconify-icon>\n\n\n<h2 class=\"wp-block-heading\">Public Transport<\/h2>\n\n\n\n<p>Visualisation Centre C is about a 15-minute walk from the travel centre. The V\u00e4ster tull, Norr tull and Skvallertorget stops are all within walking distance of us. Read more about getting here by public transport at <a href=\"https:\/\/www.ostgotatrafiken.se\/\" target=\"_blank\" rel=\"noopener\">\u00d6stg\u00f6tatrafiken.<\/a><\/p>\n<\/div>\n<\/div>\n\n\n\n<div class=\"wp-block-columns is-layout-flex wp-container-core-columns-is-layout-9d6595d7 wp-block-columns-is-layout-flex\">\n<div class=\"wp-block-column is-layout-flow wp-block-column-is-layout-flow\"><iconify-icon \r\n    icon=\"material-symbols:lock-outline\" \r\n  width=\"2rem\" \r\n  height=\"2rem\"\r\n  observer=\"false\" \r\n  style=\"color: #ffd64f\"\r\n  class=\"material-symbols:lock-outline\">\r\n<\/iconify-icon>\n\n\n<h2 class=\"wp-block-heading\">Cloakroom<\/h2>\n\n\n\n<p>On floor 1, there are lockers and space to hang up your clothes. To use the lockers, you need a ten-krona coin or token, which you will get back when you lock the locker. Tokens are sold at reception. <\/p>\n<\/div>\n\n\n\n<div class=\"wp-block-column is-layout-flow wp-block-column-is-layout-flow\"><iconify-icon \r\n    icon=\"material-symbols:wc\" \r\n  width=\"2rem\" \r\n  height=\"2rem\"\r\n  observer=\"false\" \r\n  style=\"color: #ffd64f\"\r\n  class=\"material-symbols:wc\">\r\n<\/iconify-icon>\n\n\n<h2 class=\"wp-block-heading\">Restrooms<\/h2>\n\n\n\n<p>Toilets are located on floor 1. Toilets are also available adjacent to the court theatre on floor 4, which are open during court performances. There is also an accessible toilet there.<\/p>\n<\/div>\n\n\n\n<div class=\"wp-block-column is-layout-flow wp-block-column-is-layout-flow\"><iconify-icon \r\n    icon=\"material-symbols:microwave-outline\" \r\n  width=\"2rem\" \r\n  height=\"2rem\"\r\n  observer=\"false\" \r\n  style=\"color: #ffd64f\"\r\n  class=\"material-symbols:microwave-outline\">\r\n<\/iconify-icon>\n\n\n<h2 class=\"wp-block-heading\">Lunch Room<\/h2>\n\n\n\n<p>On floor 1, there is a small lunch room (seating around 15-20 people) with access to a microwave oven. <\/p>\n<\/div>\n<\/div>\n\n\n\n<div class=\"wp-block-columns is-layout-flex wp-container-core-columns-is-layout-9d6595d7 wp-block-columns-is-layout-flex\">\n<div class=\"wp-block-column is-layout-flow wp-block-column-is-layout-flow\"><iconify-icon \r\n    icon=\"material-symbols:elevator-outline\" \r\n  width=\"2rem\" \r\n  height=\"2rem\"\r\n  observer=\"false\" \r\n  style=\"color: #ffd64f\"\r\n  class=\"material-symbols:elevator-outline\">\r\n<\/iconify-icon>\n\n\n<h2 class=\"wp-block-heading\">Elevator and Stairs<\/h2>\n\n\n\n<p>Lifts are available on all floors and are accessible to everyone. There are handrails on both sides of the stairs.<\/p>\n<\/div>\n\n\n\n<div class=\"wp-block-column is-layout-flow wp-block-column-is-layout-flow\"><iconify-icon \r\n    icon=\"material-symbols:accessible\" \r\n  width=\"2rem\" \r\n  height=\"2rem\"\r\n  observer=\"false\" \r\n  style=\"color: #ffd64f\"\r\n  class=\"material-symbols:accessible\">\r\n<\/iconify-icon>\n\n\n<h2 class=\"wp-block-heading\">Wheelchair Spaces<\/h2>\n\n\n\n<p>There are three wheelchair spaces at Wisdome Norrk\u00f6ping. Seats can be reserved when you purchase your ticket. The seats are located on the upper floor and can be reached by lift.<\/p>\n<\/div>\n\n\n\n<div class=\"wp-block-column is-layout-flow wp-block-column-is-layout-flow\"><iconify-icon \r\n    icon=\"material-symbols:hearing\" \r\n  width=\"2rem\" \r\n  height=\"2rem\"\r\n  observer=\"false\" \r\n  style=\"color: #ffd64f\"\r\n  class=\"material-symbols:hearing\">\r\n<\/iconify-icon>\n\n\n<h2 class=\"wp-block-heading\">Hearing Loop in the Dome Theater<\/h2>\n\n\n\n<p>A hearing loop is installed in the dome theater.<\/p>\n<\/div>\n<\/div>\n<\/div>\n","protected":false},"excerpt":{"rendered":"","protected":false},"author":1,"featured_media":0,"parent":5407,"menu_order":0,"comment_status":"closed","ping_status":"closed","template":"","meta":{"_acf_changed":false,"footnotes":""},"class_list":["post-5472","page","type-page","status-publish","hentry"],"acf":[],"yoast_head":"<!-- This site is optimized with the Yoast SEO plugin v27.1.1 - https:\/\/yoast.com\/product\/yoast-seo-wordpress\/ -->\n<title>Practical Information | Visualiseringscenter C<\/title>\n<meta name=\"description\" content=\"Accessibility, parking, toilets. Here is (hopefully) everything you need to know before your visit to Visualization Center C.\" \/>\n<meta name=\"robots\" content=\"index, follow, max-snippet:-1, max-image-preview:large, max-video-preview:-1\" \/>\n<link rel=\"canonical\" href=\"https:\/\/visualiseringscenter.se\/en\/visit\/practical-information\/\" \/>\n<meta property=\"og:locale\" content=\"en_US\" \/>\n<meta property=\"og:type\" content=\"article\" \/>\n<meta property=\"og:title\" content=\"Practical Information | Visualiseringscenter C\" \/>\n<meta property=\"og:description\" content=\"Accessibility, parking, toilets. Here is (hopefully) everything you need to know before your visit to Visualization Center C.\" \/>\n<meta property=\"og:url\" content=\"https:\/\/visualiseringscenter.se\/en\/visit\/practical-information\/\" \/>\n<meta property=\"og:site_name\" content=\"Visualiseringscenter C\" \/>\n<meta property=\"article:modified_time\" content=\"2026-04-10T12:48:52+00:00\" \/>\n<meta property=\"og:image\" content=\"https:\/\/visualiseringscenter.se\/wp-content\/uploads\/2024\/05\/1671634167060_Visualiseringscenter_Domen-scaled.jpg\" \/>\n\t<meta property=\"og:image:width\" content=\"2560\" \/>\n\t<meta property=\"og:image:height\" content=\"1707\" \/>\n\t<meta property=\"og:image:type\" content=\"image\/jpeg\" \/>\n<meta name=\"twitter:card\" content=\"summary_large_image\" \/>\n<meta name=\"twitter:label1\" content=\"Est. reading time\" \/>\n\t<meta name=\"twitter:data1\" content=\"2 minutes\" \/>\n<script type=\"application\/ld+json\" class=\"yoast-schema-graph\">{\"@context\":\"https:\/\/schema.org\",\"@graph\":[{\"@type\":\"WebPage\",\"@id\":\"https:\/\/visualiseringscenter.se\/en\/visit\/practical-information\/\",\"url\":\"https:\/\/visualiseringscenter.se\/en\/visit\/practical-information\/\",\"name\":\"Practical Information | Visualiseringscenter C\",\"isPartOf\":{\"@id\":\"https:\/\/visualiseringscenter.se\/#website\"},\"datePublished\":\"2024-02-21T10:09:34+00:00\",\"dateModified\":\"2026-04-10T12:48:52+00:00\",\"description\":\"Accessibility, parking, toilets. Here is (hopefully) everything you need to know before your visit to Visualization Center C.\",\"breadcrumb\":{\"@id\":\"https:\/\/visualiseringscenter.se\/en\/visit\/practical-information\/#breadcrumb\"},\"inLanguage\":\"en-US\",\"potentialAction\":[{\"@type\":\"ReadAction\",\"target\":[\"https:\/\/visualiseringscenter.se\/en\/visit\/practical-information\/\"]}]},{\"@type\":\"BreadcrumbList\",\"@id\":\"https:\/\/visualiseringscenter.se\/en\/visit\/practical-information\/#breadcrumb\",\"itemListElement\":[{\"@type\":\"ListItem\",\"position\":1,\"name\":\"Visit\",\"item\":\"https:\/\/visualiseringscenter.se\/en\/visit\/\"},{\"@type\":\"ListItem\",\"position\":2,\"name\":\"Practical Information\"}]},{\"@type\":\"WebSite\",\"@id\":\"https:\/\/visualiseringscenter.se\/#website\",\"url\":\"https:\/\/visualiseringscenter.se\/\",\"name\":\"Visualiceringscenter C\",\"description\":\"En m\u00f6tesplats kring visualisering f\u00f6r forskning, n\u00e4ringsliv, allm\u00e4nhet och skola\",\"publisher\":{\"@id\":\"https:\/\/visualiseringscenter.se\/#organization\"},\"potentialAction\":[{\"@type\":\"SearchAction\",\"target\":{\"@type\":\"EntryPoint\",\"urlTemplate\":\"https:\/\/visualiseringscenter.se\/?s={search_term_string}\"},\"query-input\":{\"@type\":\"PropertyValueSpecification\",\"valueRequired\":true,\"valueName\":\"search_term_string\"}}],\"inLanguage\":\"en-US\"},{\"@type\":\"Organization\",\"@id\":\"https:\/\/visualiseringscenter.se\/#organization\",\"name\":\"Visualiseringscenter C\",\"url\":\"https:\/\/visualiseringscenter.se\/\",\"logo\":{\"@type\":\"ImageObject\",\"inLanguage\":\"en-US\",\"@id\":\"https:\/\/visualiseringscenter.se\/#\/schema\/logo\/image\/\",\"url\":\"https:\/\/visualiseringscenter.se\/wp-content\/uploads\/2024\/03\/logo_small.png\",\"contentUrl\":\"https:\/\/visualiseringscenter.se\/wp-content\/uploads\/2024\/03\/logo_small.png\",\"width\":713,\"height\":735,\"caption\":\"Visualiseringscenter C\"},\"image\":{\"@id\":\"https:\/\/visualiseringscenter.se\/#\/schema\/logo\/image\/\"}}]}<\/script>\n<!-- \/ Yoast SEO plugin. -->","yoast_head_json":{"title":"Practical Information | Visualiseringscenter C","description":"Accessibility, parking, toilets. Here is (hopefully) everything you need to know before your visit to Visualization Center C.","robots":{"index":"index","follow":"follow","max-snippet":"max-snippet:-1","max-image-preview":"max-image-preview:large","max-video-preview":"max-video-preview:-1"},"canonical":"https:\/\/visualiseringscenter.se\/en\/visit\/practical-information\/","og_locale":"en_US","og_type":"article","og_title":"Practical Information | Visualiseringscenter C","og_description":"Accessibility, parking, toilets. Here is (hopefully) everything you need to know before your visit to Visualization Center C.","og_url":"https:\/\/visualiseringscenter.se\/en\/visit\/practical-information\/","og_site_name":"Visualiseringscenter C","article_modified_time":"2026-04-10T12:48:52+00:00","og_image":[{"width":2560,"height":1707,"url":"https:\/\/visualiseringscenter.se\/wp-content\/uploads\/2024\/05\/1671634167060_Visualiseringscenter_Domen-scaled.jpg","type":"image\/jpeg"}],"twitter_card":"summary_large_image","twitter_misc":{"Est. reading time":"2 minutes"},"schema":{"@context":"https:\/\/schema.org","@graph":[{"@type":"WebPage","@id":"https:\/\/visualiseringscenter.se\/en\/visit\/practical-information\/","url":"https:\/\/visualiseringscenter.se\/en\/visit\/practical-information\/","name":"Practical Information | Visualiseringscenter C","isPartOf":{"@id":"https:\/\/visualiseringscenter.se\/#website"},"datePublished":"2024-02-21T10:09:34+00:00","dateModified":"2026-04-10T12:48:52+00:00","description":"Accessibility, parking, toilets. Here is (hopefully) everything you need to know before your visit to Visualization Center C.","breadcrumb":{"@id":"https:\/\/visualiseringscenter.se\/en\/visit\/practical-information\/#breadcrumb"},"inLanguage":"en-US","potentialAction":[{"@type":"ReadAction","target":["https:\/\/visualiseringscenter.se\/en\/visit\/practical-information\/"]}]},{"@type":"BreadcrumbList","@id":"https:\/\/visualiseringscenter.se\/en\/visit\/practical-information\/#breadcrumb","itemListElement":[{"@type":"ListItem","position":1,"name":"Visit","item":"https:\/\/visualiseringscenter.se\/en\/visit\/"},{"@type":"ListItem","position":2,"name":"Practical Information"}]},{"@type":"WebSite","@id":"https:\/\/visualiseringscenter.se\/#website","url":"https:\/\/visualiseringscenter.se\/","name":"Visualiceringscenter C","description":"En m\u00f6tesplats kring visualisering f\u00f6r forskning, n\u00e4ringsliv, allm\u00e4nhet och skola","publisher":{"@id":"https:\/\/visualiseringscenter.se\/#organization"},"potentialAction":[{"@type":"SearchAction","target":{"@type":"EntryPoint","urlTemplate":"https:\/\/visualiseringscenter.se\/?s={search_term_string}"},"query-input":{"@type":"PropertyValueSpecification","valueRequired":true,"valueName":"search_term_string"}}],"inLanguage":"en-US"},{"@type":"Organization","@id":"https:\/\/visualiseringscenter.se\/#organization","name":"Visualiseringscenter C","url":"https:\/\/visualiseringscenter.se\/","logo":{"@type":"ImageObject","inLanguage":"en-US","@id":"https:\/\/visualiseringscenter.se\/#\/schema\/logo\/image\/","url":"https:\/\/visualiseringscenter.se\/wp-content\/uploads\/2024\/03\/logo_small.png","contentUrl":"https:\/\/visualiseringscenter.se\/wp-content\/uploads\/2024\/03\/logo_small.png","width":713,"height":735,"caption":"Visualiseringscenter C"},"image":{"@id":"https:\/\/visualiseringscenter.se\/#\/schema\/logo\/image\/"}}]}},"_links":{"self":[{"href":"https:\/\/visualiseringscenter.se\/en\/wp-json\/wp\/v2\/pages\/5472","targetHints":{"allow":["GET"]}}],"collection":[{"href":"https:\/\/visualiseringscenter.se\/en\/wp-json\/wp\/v2\/pages"}],"about":[{"href":"https:\/\/visualiseringscenter.se\/en\/wp-json\/wp\/v2\/types\/page"}],"author":[{"embeddable":true,"href":"https:\/\/visualiseringscenter.se\/en\/wp-json\/wp\/v2\/users\/1"}],"replies":[{"embeddable":true,"href":"https:\/\/visualiseringscenter.se\/en\/wp-json\/wp\/v2\/comments?post=5472"}],"version-history":[{"count":29,"href":"https:\/\/visualiseringscenter.se\/en\/wp-json\/wp\/v2\/pages\/5472\/revisions"}],"predecessor-version":[{"id":23015,"href":"https:\/\/visualiseringscenter.se\/en\/wp-json\/wp\/v2\/pages\/5472\/revisions\/23015"}],"up":[{"embeddable":true,"href":"https:\/\/visualiseringscenter.se\/en\/wp-json\/wp\/v2\/pages\/5407"}],"wp:attachment":[{"href":"https:\/\/visualiseringscenter.se\/en\/wp-json\/wp\/v2\/media?parent=5472"}],"curies":[{"name":"wp","href":"https:\/\/api.w.org\/{rel}","templated":true}]}}