
{"id":5478,"date":"2024-03-25T13:50:00","date_gmt":"2024-03-25T12:50:00","guid":{"rendered":"http:\/\/vicent.hamstage.hamrenmedia.se\/wisdome\/home-of-wisdome\/"},"modified":"2024-06-26T15:59:18","modified_gmt":"2024-06-26T13:59:18","slug":"home-of-wisdome","status":"publish","type":"page","link":"https:\/\/visualiseringscenter.se\/en\/wisdome\/home-of-wisdome\/","title":{"rendered":"Home of Wisdome"},"content":{"rendered":"\n<div class=\"wp-block-animate-blocks-animate\" data-aos=\"fade-up\" data-aos-delay=\"100\" data-aos-duration=\"300\">\n<div class=\"wp-block-columns are-vertically-aligned-center is-layout-flex wp-container-core-columns-is-layout-9d6595d7 wp-block-columns-is-layout-flex\">\n<div class=\"wp-block-column is-vertically-aligned-center is-layout-flow wp-block-column-is-layout-flow\"><div class=\"yoast-breadcrumbs\"><span><span><a href=\"https:\/\/visualiseringscenter.se\/en\/wisdome\/\">WISDOME<\/a><\/span> <i class=\"fa-light fa-arrow-right\"><\/i> <span class=\"breadcrumb_last\" aria-current=\"page\">Home of Wisdome<\/span><\/span><\/div>\n\n\n<h1 class=\"wp-block-heading\"><span data-sheets-root=\"1\" data-sheets-value=\"{&quot;1&quot;:2,&quot;2&quot;:&quot;Home of Wisdome&quot;}\" data-sheets-userformat=\"{&quot;2&quot;:961,&quot;3&quot;:{&quot;1&quot;:0},&quot;9&quot;:0,&quot;10&quot;:0,&quot;11&quot;:4,&quot;12&quot;:0}\">Home of <em>Wisdome<\/em><\/span><\/h1>\n\n\n\n<p>Wisdome is a unique initiative focused on the visualization of science. Based and originating in Norrk\u00f6ping, it collaborates with Sweden&#8217;s five leading science centers and several of the world&#8217;s foremost visualization researchers.<\/p>\n\n\n\n<div class=\"wp-block-buttons is-layout-flex wp-block-buttons-is-layout-flex\">\n<div class=\"wp-block-button\"><a class=\"wp-block-button__link wp-element-button\" href=\"https:\/\/visualiseringscenter.se\/wisdome\/\">Discover Wisdome<\/a><\/div>\n<\/div>\n<\/div>\n\n\n\n<div class=\"wp-block-column is-vertically-aligned-center is-layout-flow wp-block-column-is-layout-flow\">\n<figure class=\"wp-block-video\"><video height=\"1080\" style=\"aspect-ratio: 1920 \/ 1080;\" width=\"1920\" controls=\"\" poster=\"https:\/\/visualiseringscenter.se\/wp-content\/uploads\/2024\/04\/besok_bokaC_hyrwisdome.webp\" src=\"https:\/\/visualiseringscenter.se\/wp-content\/uploads\/2024\/04\/Film-1-1080p-Wisdome-en-nationell-satsning-pa-framtidens-larmiljoer-NESTED-1.mp4\"><\/video><\/figure>\n<\/div>\n<\/div>\n<\/div>\n\n<div class=\"wp-block-group is-style-narrow\"><div class=\"wp-block-group__inner-container is-layout-constrained wp-block-group-is-layout-constrained\">\n<div class=\"wp-block-animate-blocks-animate\" data-aos=\"fade-up\" data-aos-delay=\"100\" data-aos-duration=\"300\">\n<h2 class=\"wp-block-heading\">Visualized Science for Everyone<\/h2>\n\n\n\n<p class=\"is-style-ingress\"><strong>Our dome theater and our lab and learning environments in Norrk\u00f6ping&#8217;s industrial landscape were unique for a long time. Through the Wisdome project, we have been able to spread the technology and knowledge to other leading science centers in Sweden.<\/strong><\/p>\n\n\n\n<p>Based on the world-leading research conducted at Visualiseringscenter C, and with contributions from the Knut and Alice Wallenberg Foundation, we have been able to create experiences and make complex research accessible in more places.&#13;\n&#13;\nWisdome makes the invisible visible and takes us to places that are otherwise impossible to visit. Now, Wisdome dome theaters are in five cities, with Wisdome Norrk\u00f6ping as the mothership.<\/p>\n<\/div>\n<\/div><\/div>\n\n<div class=\"wp-block-animate-blocks-animate\" data-aos=\"fade-up\" data-aos-delay=\"200\" data-aos-duration=\"700\">\n<h2 class=\"wp-block-heading\">Wisdome in Sweden<\/h2>\n\n\n\n<p>Feel free to visit one of our sister domes around the country.<\/p>\n\n\n\n<div class=\"wp-block-columns is-style-less-gap is-layout-flex wp-container-core-columns-is-layout-9d6595d7 wp-block-columns-is-layout-flex\">\n<div class=\"wp-block-column is-layout-flow wp-block-column-is-layout-flow\">\n<figure class=\"wp-block-image size-full\"><img loading=\"lazy\" decoding=\"async\" width=\"2560\" height=\"1806\" src=\"https:\/\/visualiseringscenter.se\/wp-content\/uploads\/2024\/05\/press_9394_HDR-scaled.jpg\" alt=\"\" class=\"wp-image-3122\" style=\"aspect-ratio:1;object-fit:cover\" srcset=\"https:\/\/visualiseringscenter.se\/wp-content\/uploads\/2024\/05\/press_9394_HDR-scaled.jpg 2560w, https:\/\/visualiseringscenter.se\/wp-content\/uploads\/2024\/05\/press_9394_HDR-300x212.jpg 300w, https:\/\/visualiseringscenter.se\/wp-content\/uploads\/2024\/05\/press_9394_HDR-1024x722.jpg 1024w, https:\/\/visualiseringscenter.se\/wp-content\/uploads\/2024\/05\/press_9394_HDR-768x542.jpg 768w, https:\/\/visualiseringscenter.se\/wp-content\/uploads\/2024\/05\/press_9394_HDR-1536x1083.jpg 1536w, https:\/\/visualiseringscenter.se\/wp-content\/uploads\/2024\/05\/press_9394_HDR-2048x1445.jpg 2048w, https:\/\/visualiseringscenter.se\/wp-content\/uploads\/2024\/05\/press_9394_HDR-2000x1411.jpg 2000w, https:\/\/visualiseringscenter.se\/wp-content\/uploads\/2024\/05\/press_9394_HDR-600x423.jpg 600w\" sizes=\"auto, (max-width: 2560px) 100vw, 2560px\" \/><\/figure>\n\n\n\n<div class=\"wp-block-buttons is-layout-flex wp-block-buttons-is-layout-flex\">\n<div class=\"wp-block-button is-style-external is-style-simple\"><a class=\"wp-block-button__link wp-element-button\" href=\"https:\/\/www.tekniskamuseet.se\/kampanj\/bli-klok-pa-wisdome-stockholm\/\">Stockholm<\/a><\/div>\n<\/div>\n<\/div>\n\n\n\n<div class=\"wp-block-column is-layout-flow wp-block-column-is-layout-flow\">\n<figure class=\"wp-block-image size-full\"><img loading=\"lazy\" decoding=\"async\" width=\"2560\" height=\"1705\" src=\"https:\/\/visualiseringscenter.se\/wp-content\/uploads\/2024\/05\/DJI_0773-scaled.jpg\" alt=\"\" class=\"wp-image-2698\" style=\"aspect-ratio:1;object-fit:cover\" srcset=\"https:\/\/visualiseringscenter.se\/wp-content\/uploads\/2024\/05\/DJI_0773-scaled.jpg 2560w, https:\/\/visualiseringscenter.se\/wp-content\/uploads\/2024\/05\/DJI_0773-300x200.jpg 300w, https:\/\/visualiseringscenter.se\/wp-content\/uploads\/2024\/05\/DJI_0773-1024x682.jpg 1024w, https:\/\/visualiseringscenter.se\/wp-content\/uploads\/2024\/05\/DJI_0773-768x512.jpg 768w, https:\/\/visualiseringscenter.se\/wp-content\/uploads\/2024\/05\/DJI_0773-1536x1023.jpg 1536w, https:\/\/visualiseringscenter.se\/wp-content\/uploads\/2024\/05\/DJI_0773-2048x1364.jpg 2048w, https:\/\/visualiseringscenter.se\/wp-content\/uploads\/2024\/05\/DJI_0773-2000x1332.jpg 2000w, https:\/\/visualiseringscenter.se\/wp-content\/uploads\/2024\/05\/DJI_0773-600x400.jpg 600w\" sizes=\"auto, (max-width: 2560px) 100vw, 2560px\" \/><\/figure>\n\n\n\n<div class=\"wp-block-buttons is-layout-flex wp-block-buttons-is-layout-flex\">\n<div class=\"wp-block-button is-style-external is-style-simple\"><a class=\"wp-block-button__link wp-element-button\" href=\"https:\/\/www.universeum.se\/wisdome-goteborg\">Gothenburg<\/a><\/div>\n<\/div>\n<\/div>\n\n\n\n<div class=\"wp-block-column is-layout-flow wp-block-column-is-layout-flow\">\n<figure class=\"wp-block-image size-full\"><img loading=\"lazy\" decoding=\"async\" width=\"1500\" height=\"1000\" src=\"https:\/\/visualiseringscenter.se\/wp-content\/uploads\/2024\/05\/2021_0562_003_001_208866-kopia.jpg\" alt=\"\" class=\"wp-image-2638\" style=\"aspect-ratio:1;object-fit:cover\" srcset=\"https:\/\/visualiseringscenter.se\/wp-content\/uploads\/2024\/05\/2021_0562_003_001_208866-kopia.jpg 1500w, https:\/\/visualiseringscenter.se\/wp-content\/uploads\/2024\/05\/2021_0562_003_001_208866-kopia-300x200.jpg 300w, https:\/\/visualiseringscenter.se\/wp-content\/uploads\/2024\/05\/2021_0562_003_001_208866-kopia-1024x683.jpg 1024w, https:\/\/visualiseringscenter.se\/wp-content\/uploads\/2024\/05\/2021_0562_003_001_208866-kopia-768x512.jpg 768w, https:\/\/visualiseringscenter.se\/wp-content\/uploads\/2024\/05\/2021_0562_003_001_208866-kopia-600x400.jpg 600w\" sizes=\"auto, (max-width: 1500px) 100vw, 1500px\" \/><\/figure>\n\n\n\n<div class=\"wp-block-buttons is-layout-flex wp-block-buttons-is-layout-flex\">\n<div class=\"wp-block-button is-style-external is-style-simple\"><a class=\"wp-block-button__link wp-element-button\" href=\"https:\/\/malmo.se\/Uppleva-och-gora\/Konst-och-museer\/Malmo-museum\/Wisdome-Malmo.html\">Malm\u00f6<\/a><\/div>\n<\/div>\n<\/div>\n\n\n\n<div class=\"wp-block-column is-layout-flow wp-block-column-is-layout-flow\">\n<figure class=\"wp-block-image size-full\"><img loading=\"lazy\" decoding=\"async\" width=\"1000\" height=\"643\" src=\"https:\/\/visualiseringscenter.se\/wp-content\/uploads\/2024\/04\/wisdome_umea.webp\" alt=\"\" class=\"wp-image-1264\" style=\"aspect-ratio:1;object-fit:cover\" srcset=\"https:\/\/visualiseringscenter.se\/wp-content\/uploads\/2024\/04\/wisdome_umea.webp 1000w, https:\/\/visualiseringscenter.se\/wp-content\/uploads\/2024\/04\/wisdome_umea-300x193.webp 300w, https:\/\/visualiseringscenter.se\/wp-content\/uploads\/2024\/04\/wisdome_umea-768x494.webp 768w, https:\/\/visualiseringscenter.se\/wp-content\/uploads\/2024\/04\/wisdome_umea-600x386.webp 600w\" sizes=\"auto, (max-width: 1000px) 100vw, 1000px\" \/><\/figure>\n\n\n\n<div class=\"wp-block-buttons is-layout-flex wp-block-buttons-is-layout-flex\">\n<div class=\"wp-block-button is-style-external is-style-simple\"><a class=\"wp-block-button__link wp-element-button\" href=\"https:\/\/www.curiosum.umu.se\/domteatern\/\">Ume\u00e5<\/a><\/div>\n<\/div>\n<\/div>\n<\/div>\n<\/div>\n\n<div class=\"wp-block-animate-blocks-animate\" data-aos=\"fade-up\" data-aos-delay=\"200\" data-aos-duration=\"700\">\n<div class=\"wp-block-columns are-vertically-aligned-center is-layout-flex wp-container-core-columns-is-layout-9d6595d7 wp-block-columns-is-layout-flex\">\n<div class=\"wp-block-column is-vertically-aligned-center is-layout-flow wp-block-column-is-layout-flow\">\n<figure class=\"wp-block-video\"><video height=\"1080\" style=\"aspect-ratio: 1920 \/ 1080;\" width=\"1920\" controls=\"\" poster=\"https:\/\/visualiseringscenter.se\/wp-content\/uploads\/2024\/06\/MakingMagic3D_01.jpg\" src=\"https:\/\/visualiseringscenter.se\/wp-content\/uploads\/2024\/04\/Film-2-1080P-Making-Magic-berattelsen-bakom-produktionen-NESTED.mp4\"><\/video><\/figure>\n<\/div>\n\n\n\n<div class=\"wp-block-column is-vertically-aligned-center is-layout-flow wp-block-column-is-layout-flow\">\n<h2 class=\"wp-block-heading\">Wisdome Production<\/h2>\n\n\n\n<p>Wisdome dome shows are produced at Visualiseringscenter C. Award-winning productions that are shown not only in all Wisdome arenas in Sweden but worldwide.<\/p>\n\n\n\n<div class=\"wp-block-buttons is-layout-flex wp-block-buttons-is-layout-flex\">\n<div class=\"wp-block-button\"><a class=\"wp-block-button__link wp-element-button\" href=\"https:\/\/visualiseringscenter.se\/wisdome\/wisdome-production\/\">Read more<\/a><\/div>\n\n\n\n<div class=\"wp-block-button is-style-outline is-style-outline--1\"><a class=\"wp-block-button__link wp-element-button\" href=\"https:\/\/visualiseringscenter.se\/wisdome\/licenser\/\">Buy a License<\/a><\/div>\n<\/div>\n<\/div>\n<\/div>\n<\/div>\n","protected":false},"excerpt":{"rendered":"","protected":false},"author":1,"featured_media":0,"parent":5409,"menu_order":0,"comment_status":"closed","ping_status":"closed","template":"","meta":{"_acf_changed":false,"footnotes":""},"class_list":["post-5478","page","type-page","status-publish","hentry"],"acf":[],"yoast_head":"<!-- This site is optimized with the Yoast SEO plugin v27.1.1 - https:\/\/yoast.com\/product\/yoast-seo-wordpress\/ -->\n<title>Home of Wisdome | Visualiseringscenter C<\/title>\n<meta name=\"description\" content=\"Wisdome is a unique initiative focused on the visualization of science. Based and originating in Norrk\u00f6ping, it collaborates with Sweden&#039;s five leading science centers and several of the world&#039;s foremost visualization researchers.\" \/>\n<meta name=\"robots\" content=\"index, follow, max-snippet:-1, max-image-preview:large, max-video-preview:-1\" \/>\n<link rel=\"canonical\" href=\"https:\/\/visualiseringscenter.se\/en\/wisdome\/home-of-wisdome\/\" \/>\n<meta property=\"og:locale\" content=\"en_US\" \/>\n<meta property=\"og:type\" content=\"article\" \/>\n<meta property=\"og:title\" content=\"Home of Wisdome | Visualiseringscenter C\" \/>\n<meta property=\"og:description\" content=\"Wisdome is a unique initiative focused on the visualization of science. Based and originating in Norrk\u00f6ping, it collaborates with Sweden&#039;s five leading science centers and several of the world&#039;s foremost visualization researchers.\" \/>\n<meta property=\"og:url\" content=\"https:\/\/visualiseringscenter.se\/en\/wisdome\/home-of-wisdome\/\" \/>\n<meta property=\"og:site_name\" content=\"Visualiseringscenter C\" \/>\n<meta property=\"article:modified_time\" content=\"2024-06-26T13:59:18+00:00\" \/>\n<meta property=\"og:image\" content=\"https:\/\/visualiseringscenter.se\/wp-content\/uploads\/2024\/05\/press_9394_HDR-scaled.jpg\" \/>\n<meta name=\"twitter:card\" content=\"summary_large_image\" \/>\n<meta name=\"twitter:label1\" content=\"Est. reading time\" \/>\n\t<meta name=\"twitter:data1\" content=\"1 minute\" \/>\n<script type=\"application\/ld+json\" class=\"yoast-schema-graph\">{\"@context\":\"https:\/\/schema.org\",\"@graph\":[{\"@type\":\"WebPage\",\"@id\":\"https:\/\/visualiseringscenter.se\/en\/wisdome\/home-of-wisdome\/\",\"url\":\"https:\/\/visualiseringscenter.se\/en\/wisdome\/home-of-wisdome\/\",\"name\":\"Home of Wisdome | Visualiseringscenter C\",\"isPartOf\":{\"@id\":\"https:\/\/visualiseringscenter.se\/#website\"},\"primaryImageOfPage\":{\"@id\":\"https:\/\/visualiseringscenter.se\/en\/wisdome\/home-of-wisdome\/#primaryimage\"},\"image\":{\"@id\":\"https:\/\/visualiseringscenter.se\/en\/wisdome\/home-of-wisdome\/#primaryimage\"},\"thumbnailUrl\":\"https:\/\/visualiseringscenter.se\/wp-content\/uploads\/2024\/05\/press_9394_HDR-scaled.jpg\",\"datePublished\":\"2024-03-25T12:50:00+00:00\",\"dateModified\":\"2024-06-26T13:59:18+00:00\",\"description\":\"Wisdome is a unique initiative focused on the visualization of science. Based and originating in Norrk\u00f6ping, it collaborates with Sweden's five leading science centers and several of the world's foremost visualization researchers.\",\"breadcrumb\":{\"@id\":\"https:\/\/visualiseringscenter.se\/en\/wisdome\/home-of-wisdome\/#breadcrumb\"},\"inLanguage\":\"en-US\",\"potentialAction\":[{\"@type\":\"ReadAction\",\"target\":[\"https:\/\/visualiseringscenter.se\/en\/wisdome\/home-of-wisdome\/\"]}]},{\"@type\":\"ImageObject\",\"inLanguage\":\"en-US\",\"@id\":\"https:\/\/visualiseringscenter.se\/en\/wisdome\/home-of-wisdome\/#primaryimage\",\"url\":\"https:\/\/visualiseringscenter.se\/wp-content\/uploads\/2024\/05\/press_9394_HDR-scaled.jpg\",\"contentUrl\":\"https:\/\/visualiseringscenter.se\/wp-content\/uploads\/2024\/05\/press_9394_HDR-scaled.jpg\"},{\"@type\":\"BreadcrumbList\",\"@id\":\"https:\/\/visualiseringscenter.se\/en\/wisdome\/home-of-wisdome\/#breadcrumb\",\"itemListElement\":[{\"@type\":\"ListItem\",\"position\":1,\"name\":\"WISDOME\",\"item\":\"https:\/\/visualiseringscenter.se\/en\/wisdome\/\"},{\"@type\":\"ListItem\",\"position\":2,\"name\":\"Home of Wisdome\"}]},{\"@type\":\"WebSite\",\"@id\":\"https:\/\/visualiseringscenter.se\/#website\",\"url\":\"https:\/\/visualiseringscenter.se\/\",\"name\":\"Visualiceringscenter C\",\"description\":\"En m\u00f6tesplats kring visualisering f\u00f6r forskning, n\u00e4ringsliv, allm\u00e4nhet och skola\",\"publisher\":{\"@id\":\"https:\/\/visualiseringscenter.se\/#organization\"},\"potentialAction\":[{\"@type\":\"SearchAction\",\"target\":{\"@type\":\"EntryPoint\",\"urlTemplate\":\"https:\/\/visualiseringscenter.se\/?s={search_term_string}\"},\"query-input\":{\"@type\":\"PropertyValueSpecification\",\"valueRequired\":true,\"valueName\":\"search_term_string\"}}],\"inLanguage\":\"en-US\"},{\"@type\":\"Organization\",\"@id\":\"https:\/\/visualiseringscenter.se\/#organization\",\"name\":\"Visualiseringscenter C\",\"url\":\"https:\/\/visualiseringscenter.se\/\",\"logo\":{\"@type\":\"ImageObject\",\"inLanguage\":\"en-US\",\"@id\":\"https:\/\/visualiseringscenter.se\/#\/schema\/logo\/image\/\",\"url\":\"https:\/\/visualiseringscenter.se\/wp-content\/uploads\/2024\/03\/logo_small.png\",\"contentUrl\":\"https:\/\/visualiseringscenter.se\/wp-content\/uploads\/2024\/03\/logo_small.png\",\"width\":713,\"height\":735,\"caption\":\"Visualiseringscenter C\"},\"image\":{\"@id\":\"https:\/\/visualiseringscenter.se\/#\/schema\/logo\/image\/\"}}]}<\/script>\n<!-- \/ Yoast SEO plugin. -->","yoast_head_json":{"title":"Home of Wisdome | Visualiseringscenter C","description":"Wisdome is a unique initiative focused on the visualization of science. Based and originating in Norrk\u00f6ping, it collaborates with Sweden's five leading science centers and several of the world's foremost visualization researchers.","robots":{"index":"index","follow":"follow","max-snippet":"max-snippet:-1","max-image-preview":"max-image-preview:large","max-video-preview":"max-video-preview:-1"},"canonical":"https:\/\/visualiseringscenter.se\/en\/wisdome\/home-of-wisdome\/","og_locale":"en_US","og_type":"article","og_title":"Home of Wisdome | Visualiseringscenter C","og_description":"Wisdome is a unique initiative focused on the visualization of science. Based and originating in Norrk\u00f6ping, it collaborates with Sweden's five leading science centers and several of the world's foremost visualization researchers.","og_url":"https:\/\/visualiseringscenter.se\/en\/wisdome\/home-of-wisdome\/","og_site_name":"Visualiseringscenter C","article_modified_time":"2024-06-26T13:59:18+00:00","og_image":[{"url":"https:\/\/visualiseringscenter.se\/wp-content\/uploads\/2024\/05\/press_9394_HDR-scaled.jpg","type":"","width":"","height":""}],"twitter_card":"summary_large_image","twitter_misc":{"Est. reading time":"1 minute"},"schema":{"@context":"https:\/\/schema.org","@graph":[{"@type":"WebPage","@id":"https:\/\/visualiseringscenter.se\/en\/wisdome\/home-of-wisdome\/","url":"https:\/\/visualiseringscenter.se\/en\/wisdome\/home-of-wisdome\/","name":"Home of Wisdome | Visualiseringscenter C","isPartOf":{"@id":"https:\/\/visualiseringscenter.se\/#website"},"primaryImageOfPage":{"@id":"https:\/\/visualiseringscenter.se\/en\/wisdome\/home-of-wisdome\/#primaryimage"},"image":{"@id":"https:\/\/visualiseringscenter.se\/en\/wisdome\/home-of-wisdome\/#primaryimage"},"thumbnailUrl":"https:\/\/visualiseringscenter.se\/wp-content\/uploads\/2024\/05\/press_9394_HDR-scaled.jpg","datePublished":"2024-03-25T12:50:00+00:00","dateModified":"2024-06-26T13:59:18+00:00","description":"Wisdome is a unique initiative focused on the visualization of science. Based and originating in Norrk\u00f6ping, it collaborates with Sweden's five leading science centers and several of the world's foremost visualization researchers.","breadcrumb":{"@id":"https:\/\/visualiseringscenter.se\/en\/wisdome\/home-of-wisdome\/#breadcrumb"},"inLanguage":"en-US","potentialAction":[{"@type":"ReadAction","target":["https:\/\/visualiseringscenter.se\/en\/wisdome\/home-of-wisdome\/"]}]},{"@type":"ImageObject","inLanguage":"en-US","@id":"https:\/\/visualiseringscenter.se\/en\/wisdome\/home-of-wisdome\/#primaryimage","url":"https:\/\/visualiseringscenter.se\/wp-content\/uploads\/2024\/05\/press_9394_HDR-scaled.jpg","contentUrl":"https:\/\/visualiseringscenter.se\/wp-content\/uploads\/2024\/05\/press_9394_HDR-scaled.jpg"},{"@type":"BreadcrumbList","@id":"https:\/\/visualiseringscenter.se\/en\/wisdome\/home-of-wisdome\/#breadcrumb","itemListElement":[{"@type":"ListItem","position":1,"name":"WISDOME","item":"https:\/\/visualiseringscenter.se\/en\/wisdome\/"},{"@type":"ListItem","position":2,"name":"Home of Wisdome"}]},{"@type":"WebSite","@id":"https:\/\/visualiseringscenter.se\/#website","url":"https:\/\/visualiseringscenter.se\/","name":"Visualiceringscenter C","description":"En m\u00f6tesplats kring visualisering f\u00f6r forskning, n\u00e4ringsliv, allm\u00e4nhet och skola","publisher":{"@id":"https:\/\/visualiseringscenter.se\/#organization"},"potentialAction":[{"@type":"SearchAction","target":{"@type":"EntryPoint","urlTemplate":"https:\/\/visualiseringscenter.se\/?s={search_term_string}"},"query-input":{"@type":"PropertyValueSpecification","valueRequired":true,"valueName":"search_term_string"}}],"inLanguage":"en-US"},{"@type":"Organization","@id":"https:\/\/visualiseringscenter.se\/#organization","name":"Visualiseringscenter C","url":"https:\/\/visualiseringscenter.se\/","logo":{"@type":"ImageObject","inLanguage":"en-US","@id":"https:\/\/visualiseringscenter.se\/#\/schema\/logo\/image\/","url":"https:\/\/visualiseringscenter.se\/wp-content\/uploads\/2024\/03\/logo_small.png","contentUrl":"https:\/\/visualiseringscenter.se\/wp-content\/uploads\/2024\/03\/logo_small.png","width":713,"height":735,"caption":"Visualiseringscenter C"},"image":{"@id":"https:\/\/visualiseringscenter.se\/#\/schema\/logo\/image\/"}}]}},"_links":{"self":[{"href":"https:\/\/visualiseringscenter.se\/en\/wp-json\/wp\/v2\/pages\/5478","targetHints":{"allow":["GET"]}}],"collection":[{"href":"https:\/\/visualiseringscenter.se\/en\/wp-json\/wp\/v2\/pages"}],"about":[{"href":"https:\/\/visualiseringscenter.se\/en\/wp-json\/wp\/v2\/types\/page"}],"author":[{"embeddable":true,"href":"https:\/\/visualiseringscenter.se\/en\/wp-json\/wp\/v2\/users\/1"}],"replies":[{"embeddable":true,"href":"https:\/\/visualiseringscenter.se\/en\/wp-json\/wp\/v2\/comments?post=5478"}],"version-history":[{"count":2,"href":"https:\/\/visualiseringscenter.se\/en\/wp-json\/wp\/v2\/pages\/5478\/revisions"}],"predecessor-version":[{"id":6310,"href":"https:\/\/visualiseringscenter.se\/en\/wp-json\/wp\/v2\/pages\/5478\/revisions\/6310"}],"up":[{"embeddable":true,"href":"https:\/\/visualiseringscenter.se\/en\/wp-json\/wp\/v2\/pages\/5409"}],"wp:attachment":[{"href":"https:\/\/visualiseringscenter.se\/en\/wp-json\/wp\/v2\/media?parent=5478"}],"curies":[{"name":"wp","href":"https:\/\/api.w.org\/{rel}","templated":true}]}}