
{"id":5480,"date":"2024-03-25T13:50:16","date_gmt":"2024-03-25T12:50:16","guid":{"rendered":"http:\/\/vicent.hamstage.hamrenmedia.se\/wisdome\/wisdome-production\/"},"modified":"2024-08-13T08:46:31","modified_gmt":"2024-08-13T06:46:31","slug":"wisdome-production","status":"publish","type":"page","link":"https:\/\/visualiseringscenter.se\/en\/wisdome\/wisdome-production\/","title":{"rendered":"Wisdome Production"},"content":{"rendered":"\n<div class=\"wp-block-animate-blocks-animate\" data-aos=\"fade-up\" data-aos-delay=\"100\" data-aos-duration=\"300\">\n<div class=\"wp-block-columns is-layout-flex wp-container-core-columns-is-layout-9d6595d7 wp-block-columns-is-layout-flex\">\n<div class=\"wp-block-column is-layout-flow wp-block-column-is-layout-flow\"><div class=\"yoast-breadcrumbs\"><span><span><a href=\"https:\/\/visualiseringscenter.se\/en\/wisdome\/\">WISDOME<\/a><\/span> <i class=\"fa-light fa-arrow-right\"><\/i> <span class=\"breadcrumb_last\" aria-current=\"page\">Wisdome Production<\/span><\/span><\/div>\n\n\n<h1 class=\"wp-block-heading\">Here We Create the <em>Journey<\/em><\/h1>\n\n\n\n<p>Want to land on Mars? Or step right into a future affected by climate change? The Wisdome production team takes you on a journey into science.<\/p>\n<\/div>\n\n\n\n<div class=\"wp-block-column is-layout-flow wp-block-column-is-layout-flow\">\n<figure class=\"wp-block-image size-large\"><img loading=\"lazy\" decoding=\"async\" width=\"1024\" height=\"576\" src=\"https:\/\/visualiseringscenter.se\/wp-content\/uploads\/2024\/05\/MM_LEFT_07797_flat-1024x576.jpg\" alt=\"\" class=\"wp-image-3097\" srcset=\"https:\/\/visualiseringscenter.se\/wp-content\/uploads\/2024\/05\/MM_LEFT_07797_flat-1024x576.jpg 1024w, https:\/\/visualiseringscenter.se\/wp-content\/uploads\/2024\/05\/MM_LEFT_07797_flat-300x169.jpg 300w, https:\/\/visualiseringscenter.se\/wp-content\/uploads\/2024\/05\/MM_LEFT_07797_flat-768x432.jpg 768w, https:\/\/visualiseringscenter.se\/wp-content\/uploads\/2024\/05\/MM_LEFT_07797_flat-1536x864.jpg 1536w, https:\/\/visualiseringscenter.se\/wp-content\/uploads\/2024\/05\/MM_LEFT_07797_flat-600x338.jpg 600w, https:\/\/visualiseringscenter.se\/wp-content\/uploads\/2024\/05\/MM_LEFT_07797_flat.jpg 1920w\" sizes=\"auto, (max-width: 1024px) 100vw, 1024px\" \/><\/figure>\n<\/div>\n<\/div>\n<\/div>\n\n\n\n<div class=\"wp-block-group is-style-narrow\"><div class=\"wp-block-group__inner-container is-layout-constrained wp-block-group-is-layout-constrained\">\n<div class=\"wp-block-animate-blocks-animate\" data-aos=\"fade-up\" data-aos-delay=\"100\" data-aos-duration=\"300\">\n<h2 class=\"wp-block-heading\">With Production in the Heart of Norrk\u00f6ping<\/h2>\n\n\n\n<p>At Visualiseringscenter C, Wisdome&#8217;s dome shows are produced. Award-winning productions shown not only in all Wisdome arenas in Sweden but worldwide.<\/p>\n\n\n\n<p>Based on the work of our own researchers, and in collaboration with NASA, our production team takes you on immersive 3D experiences. From the outermost known universe to the molecular world inside leaf cells and directly into the challenges of climate change.<\/p>\n\n\n\n<p>We can also create real-time interactive journeys to places no human has visited. Where do you want to go? Do you want to fly over Pluto or land among the sand dunes on Mars?<\/p>\n<\/div>\n<\/div><\/div>\n\n\n\n<div class=\"wp-block-animate-blocks-animate\" data-aos=\"fade-up\" data-aos-delay=\"200\" data-aos-duration=\"600\">\n<div class=\"wp-block-columns are-vertically-aligned-center is-layout-flex wp-container-core-columns-is-layout-9d6595d7 wp-block-columns-is-layout-flex\">\n<div class=\"wp-block-column is-vertically-aligned-center is-layout-flow wp-block-column-is-layout-flow\">\n<figure class=\"wp-block-video\"><video height=\"1080\" style=\"aspect-ratio: 1920 \/ 1080;\" width=\"1920\" controls src=\"https:\/\/visualiseringscenter.se\/wp-content\/uploads\/2024\/08\/Film-2-1080P-Making-Magic-berattelsen-bakom-produktionen-NESTED-Engelska-h264.mp4\"><\/video><\/figure>\n<\/div>\n\n\n\n<div class=\"wp-block-column is-vertically-aligned-center is-layout-flow wp-block-column-is-layout-flow\">\n<h2 class=\"wp-block-heading\">Meet the Team Behind<\/h2>\n\n\n\n<p>Directors, producers, researchers. It takes many skills to create the magic in a Wisdome show.<\/p>\n\n\n\n<p>Here the team talks about the production <a href=\"https:\/\/visualiseringscenter.se\/en\/show\/making-magic\/\">Making Magic.<\/a><\/p>\n<\/div>\n<\/div>\n<\/div>\n\n\n\n<blockquote class=\"wp-block-quote has-text-align-center is-layout-flow wp-block-quote-is-layout-flow\">\n<p>&#8220;Because of the high resolution and large image we look at, we need very high-resolution textures and well-made models.&#8221;<\/p>\n<cite>M\u00e5ns, 3D Artist<\/cite><\/blockquote>\n\n\n\n<div class=\"wp-block-animate-blocks-animate\" data-aos=\"fade-up\" data-aos-delay=\"200\" data-aos-duration=\"700\">\n<h2 class=\"wp-block-heading\">Our Wisdome Productions<\/h2>\n\n\n\n<p>Experience the breathtaking productions made in Norrk\u00f6ping.<\/p>\n\n\n<div class='grid-item-wrapper  owl-carousel post-type-show col-3 '><div class=\"grid-item link-item show\">\n\t<div class='post-img'>\n\t\t\t\t\t\t\t\t\t<img decoding=\"async\" src=\"https:\/\/visualiseringscenter.se\/wp-content\/uploads\/2025\/11\/AI-webb-780x1080-1.png\">\n\t\t\t \n\t\t\t\t\t<\/div>\n\t<tag><span>3D<\/span><span>Wisdome Production<\/span><\/tag>\t<div class=\"content-wrapper\">\n\t\t<h4 class=\"post-title\"><a class='link' href=\"https:\/\/visualiseringscenter.se\/en\/show\/ai\/\">AI<\/a><\/h4>\n\t\t\t<\/div>\n<\/div><div class=\"grid-item link-item show\">\n\t<div class='post-img'>\n\t\t\t\t\t\t\t\t\t<img decoding=\"async\" src=\"https:\/\/visualiseringscenter.se\/wp-content\/uploads\/2024\/04\/domforestallning_card_chemistry_of_life.webp\">\n\t\t\t \n\t\t\t\t\t<\/div>\n\t<tag><span>3D<\/span><span>Wisdome Production<\/span><\/tag>\t<div class=\"content-wrapper\">\n\t\t<h4 class=\"post-title\"><a class='link' href=\"https:\/\/visualiseringscenter.se\/en\/show\/chemistry-of-life\/\">Chemistry of Life<\/a><\/h4>\n\t\t\t<\/div>\n<\/div><div class=\"grid-item link-item show\">\n\t<div class='post-img'>\n\t\t\t\t\t\t\t\t\t<img decoding=\"async\" src=\"https:\/\/visualiseringscenter.se\/wp-content\/uploads\/2024\/10\/Webb_staende_2.png\">\n\t\t\t \n\t\t\t\t\t<\/div>\n\t<tag><span>3D<\/span><span>Wisdome Production<\/span><\/tag>\t<div class=\"content-wrapper\">\n\t\t<h4 class=\"post-title\"><a class='link' href=\"https:\/\/visualiseringscenter.se\/en\/show\/vast-junior\/\">VAST Junior<\/a><\/h4>\n\t\t\t<\/div>\n<\/div><div class=\"grid-item link-item show\">\n\t<div class='post-img'>\n\t\t\t\t\t\t\t\t\t<img decoding=\"async\" src=\"https:\/\/visualiseringscenter.se\/wp-content\/uploads\/2024\/04\/domforestallning_card_making_magic.webp\">\n\t\t\t \n\t\t\t\t\t<\/div>\n\t<tag><span>3D<\/span><span>Wisdome Production<\/span><\/tag>\t<div class=\"content-wrapper\">\n\t\t<h4 class=\"post-title\"><a class='link' href=\"https:\/\/visualiseringscenter.se\/en\/show\/making-magic\/\">Making Magic<\/a><\/h4>\n\t\t\t<\/div>\n<\/div><div class=\"grid-item link-item show\">\n\t<div class='post-img'>\n\t\t\t\t\t\t\t\t\t<img decoding=\"async\" src=\"https:\/\/visualiseringscenter.se\/wp-content\/uploads\/2024\/04\/domforestallning_card_stort.webp\">\n\t\t\t \n\t\t\t\t\t<\/div>\n\t<tag><span>3D<\/span><span>Wisdome Production<\/span><\/tag>\t<div class=\"content-wrapper\">\n\t\t<h4 class=\"post-title\"><a class='link' href=\"https:\/\/visualiseringscenter.se\/en\/show\/stort\/\">VAST<\/a><\/h4>\n\t\t\t<\/div>\n<\/div><\/div>\n<\/div>\n\n\n\n<div class=\"wp-block-animate-blocks-animate\" data-aos=\"fade-up\" data-aos-delay=\"200\" data-aos-duration=\"700\">\n<div class=\"wp-block-media-text is-stacked-on-mobile\"><figure class=\"wp-block-media-text__media\"><img loading=\"lazy\" decoding=\"async\" width=\"1024\" height=\"576\" src=\"https:\/\/visualiseringscenter.se\/wp-content\/uploads\/2024\/04\/wisdomeproduction_openspace_utbildining-1024x576.webp\" alt=\"\" class=\"wp-image-1270 size-full\" srcset=\"https:\/\/visualiseringscenter.se\/wp-content\/uploads\/2024\/04\/wisdomeproduction_openspace_utbildining-1024x576.webp 1024w, https:\/\/visualiseringscenter.se\/wp-content\/uploads\/2024\/04\/wisdomeproduction_openspace_utbildining-300x169.webp 300w, https:\/\/visualiseringscenter.se\/wp-content\/uploads\/2024\/04\/wisdomeproduction_openspace_utbildining-768x432.webp 768w, https:\/\/visualiseringscenter.se\/wp-content\/uploads\/2024\/04\/wisdomeproduction_openspace_utbildining-1536x864.webp 1536w, https:\/\/visualiseringscenter.se\/wp-content\/uploads\/2024\/04\/wisdomeproduction_openspace_utbildining-600x338.webp 600w, https:\/\/visualiseringscenter.se\/wp-content\/uploads\/2024\/04\/wisdomeproduction_openspace_utbildining.webp 1920w\" sizes=\"auto, (max-width: 1024px) 100vw, 1024px\" \/><\/figure><div class=\"wp-block-media-text__content\">\n<h2 class=\"wp-block-heading\">OpenSpace Training<\/h2>\n\n\n\n<p>OpenSpace is used worldwide to explore all parts of the known universe. Want to learn how to get the most out of this fantastic tool? We can help.<\/p>\n\n\n\n<div class=\"wp-block-buttons is-layout-flex wp-block-buttons-is-layout-flex\">\n<div class=\"wp-block-button\"><a class=\"wp-block-button__link wp-element-button\" href=\"https:\/\/visualiseringscenter.se\/en\/research-program\/openspace\/\">OpenSpace<\/a><\/div>\n<\/div>\n<\/div><\/div>\n<\/div>\n\n\n\n<div class=\"wp-block-animate-blocks-animate\" data-aos=\"fade-up\" data-aos-delay=\"200\" data-aos-duration=\"700\">\n<div class=\"wp-block-columns are-vertically-aligned-center has-white-color has-darker-background-color has-text-color has-background has-link-color wp-elements-e81da53fd3227ddefb67c621e529584a is-layout-flex wp-container-core-columns-is-layout-9d6595d7 wp-block-columns-is-layout-flex\">\n<div class=\"wp-block-column is-vertically-aligned-center is-layout-flow wp-block-column-is-layout-flow\">\n<h2 class=\"wp-block-heading\">The Home of Wisdome<\/h2>\n\n\n\n<p>Wisdome is a unique initiative for world-class digital labs and learning environments. Based and originating in Norrk\u00f6ping, it collaborates with Sweden&#8217;s five leading science centers and several of the world&#8217;s foremost visualization researchers.<\/p>\n<\/div>\n\n\n\n<div class=\"wp-block-column is-vertically-aligned-center is-layout-flow wp-block-column-is-layout-flow\">\n<div class=\"wp-block-buttons is-content-justification-right is-layout-flex wp-container-core-buttons-is-layout-765c4724 wp-block-buttons-is-layout-flex\">\n<div class=\"wp-block-button\"><a class=\"wp-block-button__link wp-element-button\" href=\"https:\/\/visualiseringscenter.se\/en\/wisdome\/home-of-wisdome\/\">Read about Wisdome<\/a><\/div>\n<\/div>\n<\/div>\n<\/div>\n<\/div>\n","protected":false},"excerpt":{"rendered":"<p>&#8220;Because of the high resolution and large image we look at, we need very high-resolution textures and well-made models.&#8221; M\u00e5ns, 3D Artist<\/p>\n","protected":false},"author":1,"featured_media":0,"parent":5409,"menu_order":0,"comment_status":"closed","ping_status":"closed","template":"","meta":{"_acf_changed":false,"footnotes":""},"class_list":["post-5480","page","type-page","status-publish","hentry"],"acf":[],"yoast_head":"<!-- This site is optimized with the Yoast SEO plugin v27.1.1 - https:\/\/yoast.com\/product\/yoast-seo-wordpress\/ -->\n<title>Wisdome Production | Visualiseringscenter C<\/title>\n<meta name=\"description\" content=\"Want to land on Mars? Or step right into a future affected by climate change? The Wisdome production team takes you on a journey into science.\" \/>\n<meta name=\"robots\" content=\"index, follow, max-snippet:-1, max-image-preview:large, max-video-preview:-1\" \/>\n<link rel=\"canonical\" href=\"https:\/\/visualiseringscenter.se\/en\/wisdome\/wisdome-production\/\" \/>\n<meta property=\"og:locale\" content=\"en_US\" \/>\n<meta property=\"og:type\" content=\"article\" \/>\n<meta property=\"og:title\" content=\"Wisdome Production | Visualiseringscenter C\" \/>\n<meta property=\"og:description\" content=\"Want to land on Mars? Or step right into a future affected by climate change? The Wisdome production team takes you on a journey into science.\" \/>\n<meta property=\"og:url\" content=\"https:\/\/visualiseringscenter.se\/en\/wisdome\/wisdome-production\/\" \/>\n<meta property=\"og:site_name\" content=\"Visualiseringscenter C\" \/>\n<meta property=\"article:modified_time\" content=\"2024-08-13T06:46:31+00:00\" \/>\n<meta property=\"og:image\" content=\"https:\/\/visualiseringscenter.se\/wp-content\/uploads\/2024\/05\/MM_LEFT_07797_flat-1024x576.jpg\" \/>\n<meta name=\"twitter:card\" content=\"summary_large_image\" \/>\n<meta name=\"twitter:label1\" content=\"Est. reading time\" \/>\n\t<meta name=\"twitter:data1\" content=\"2 minutes\" \/>\n<script type=\"application\/ld+json\" class=\"yoast-schema-graph\">{\"@context\":\"https:\/\/schema.org\",\"@graph\":[{\"@type\":\"WebPage\",\"@id\":\"https:\/\/visualiseringscenter.se\/en\/wisdome\/wisdome-production\/\",\"url\":\"https:\/\/visualiseringscenter.se\/en\/wisdome\/wisdome-production\/\",\"name\":\"Wisdome Production | Visualiseringscenter C\",\"isPartOf\":{\"@id\":\"https:\/\/visualiseringscenter.se\/#website\"},\"primaryImageOfPage\":{\"@id\":\"https:\/\/visualiseringscenter.se\/en\/wisdome\/wisdome-production\/#primaryimage\"},\"image\":{\"@id\":\"https:\/\/visualiseringscenter.se\/en\/wisdome\/wisdome-production\/#primaryimage\"},\"thumbnailUrl\":\"https:\/\/visualiseringscenter.se\/wp-content\/uploads\/2024\/05\/MM_LEFT_07797_flat-1024x576.jpg\",\"datePublished\":\"2024-03-25T12:50:16+00:00\",\"dateModified\":\"2024-08-13T06:46:31+00:00\",\"description\":\"Want to land on Mars? Or step right into a future affected by climate change? The Wisdome production team takes you on a journey into science.\",\"breadcrumb\":{\"@id\":\"https:\/\/visualiseringscenter.se\/en\/wisdome\/wisdome-production\/#breadcrumb\"},\"inLanguage\":\"en-US\",\"potentialAction\":[{\"@type\":\"ReadAction\",\"target\":[\"https:\/\/visualiseringscenter.se\/en\/wisdome\/wisdome-production\/\"]}]},{\"@type\":\"ImageObject\",\"inLanguage\":\"en-US\",\"@id\":\"https:\/\/visualiseringscenter.se\/en\/wisdome\/wisdome-production\/#primaryimage\",\"url\":\"https:\/\/visualiseringscenter.se\/wp-content\/uploads\/2024\/05\/MM_LEFT_07797_flat-1024x576.jpg\",\"contentUrl\":\"https:\/\/visualiseringscenter.se\/wp-content\/uploads\/2024\/05\/MM_LEFT_07797_flat-1024x576.jpg\"},{\"@type\":\"BreadcrumbList\",\"@id\":\"https:\/\/visualiseringscenter.se\/en\/wisdome\/wisdome-production\/#breadcrumb\",\"itemListElement\":[{\"@type\":\"ListItem\",\"position\":1,\"name\":\"WISDOME\",\"item\":\"https:\/\/visualiseringscenter.se\/en\/wisdome\/\"},{\"@type\":\"ListItem\",\"position\":2,\"name\":\"Wisdome Production\"}]},{\"@type\":\"WebSite\",\"@id\":\"https:\/\/visualiseringscenter.se\/#website\",\"url\":\"https:\/\/visualiseringscenter.se\/\",\"name\":\"Visualiceringscenter C\",\"description\":\"En m\u00f6tesplats kring visualisering f\u00f6r forskning, n\u00e4ringsliv, allm\u00e4nhet och skola\",\"publisher\":{\"@id\":\"https:\/\/visualiseringscenter.se\/#organization\"},\"potentialAction\":[{\"@type\":\"SearchAction\",\"target\":{\"@type\":\"EntryPoint\",\"urlTemplate\":\"https:\/\/visualiseringscenter.se\/?s={search_term_string}\"},\"query-input\":{\"@type\":\"PropertyValueSpecification\",\"valueRequired\":true,\"valueName\":\"search_term_string\"}}],\"inLanguage\":\"en-US\"},{\"@type\":\"Organization\",\"@id\":\"https:\/\/visualiseringscenter.se\/#organization\",\"name\":\"Visualiseringscenter C\",\"url\":\"https:\/\/visualiseringscenter.se\/\",\"logo\":{\"@type\":\"ImageObject\",\"inLanguage\":\"en-US\",\"@id\":\"https:\/\/visualiseringscenter.se\/#\/schema\/logo\/image\/\",\"url\":\"https:\/\/visualiseringscenter.se\/wp-content\/uploads\/2024\/03\/logo_small.png\",\"contentUrl\":\"https:\/\/visualiseringscenter.se\/wp-content\/uploads\/2024\/03\/logo_small.png\",\"width\":713,\"height\":735,\"caption\":\"Visualiseringscenter C\"},\"image\":{\"@id\":\"https:\/\/visualiseringscenter.se\/#\/schema\/logo\/image\/\"}}]}<\/script>\n<!-- \/ Yoast SEO plugin. -->","yoast_head_json":{"title":"Wisdome Production | Visualiseringscenter C","description":"Want to land on Mars? Or step right into a future affected by climate change? The Wisdome production team takes you on a journey into science.","robots":{"index":"index","follow":"follow","max-snippet":"max-snippet:-1","max-image-preview":"max-image-preview:large","max-video-preview":"max-video-preview:-1"},"canonical":"https:\/\/visualiseringscenter.se\/en\/wisdome\/wisdome-production\/","og_locale":"en_US","og_type":"article","og_title":"Wisdome Production | Visualiseringscenter C","og_description":"Want to land on Mars? Or step right into a future affected by climate change? The Wisdome production team takes you on a journey into science.","og_url":"https:\/\/visualiseringscenter.se\/en\/wisdome\/wisdome-production\/","og_site_name":"Visualiseringscenter C","article_modified_time":"2024-08-13T06:46:31+00:00","og_image":[{"url":"https:\/\/visualiseringscenter.se\/wp-content\/uploads\/2024\/05\/MM_LEFT_07797_flat-1024x576.jpg","type":"","width":"","height":""}],"twitter_card":"summary_large_image","twitter_misc":{"Est. reading time":"2 minutes"},"schema":{"@context":"https:\/\/schema.org","@graph":[{"@type":"WebPage","@id":"https:\/\/visualiseringscenter.se\/en\/wisdome\/wisdome-production\/","url":"https:\/\/visualiseringscenter.se\/en\/wisdome\/wisdome-production\/","name":"Wisdome Production | Visualiseringscenter C","isPartOf":{"@id":"https:\/\/visualiseringscenter.se\/#website"},"primaryImageOfPage":{"@id":"https:\/\/visualiseringscenter.se\/en\/wisdome\/wisdome-production\/#primaryimage"},"image":{"@id":"https:\/\/visualiseringscenter.se\/en\/wisdome\/wisdome-production\/#primaryimage"},"thumbnailUrl":"https:\/\/visualiseringscenter.se\/wp-content\/uploads\/2024\/05\/MM_LEFT_07797_flat-1024x576.jpg","datePublished":"2024-03-25T12:50:16+00:00","dateModified":"2024-08-13T06:46:31+00:00","description":"Want to land on Mars? Or step right into a future affected by climate change? The Wisdome production team takes you on a journey into science.","breadcrumb":{"@id":"https:\/\/visualiseringscenter.se\/en\/wisdome\/wisdome-production\/#breadcrumb"},"inLanguage":"en-US","potentialAction":[{"@type":"ReadAction","target":["https:\/\/visualiseringscenter.se\/en\/wisdome\/wisdome-production\/"]}]},{"@type":"ImageObject","inLanguage":"en-US","@id":"https:\/\/visualiseringscenter.se\/en\/wisdome\/wisdome-production\/#primaryimage","url":"https:\/\/visualiseringscenter.se\/wp-content\/uploads\/2024\/05\/MM_LEFT_07797_flat-1024x576.jpg","contentUrl":"https:\/\/visualiseringscenter.se\/wp-content\/uploads\/2024\/05\/MM_LEFT_07797_flat-1024x576.jpg"},{"@type":"BreadcrumbList","@id":"https:\/\/visualiseringscenter.se\/en\/wisdome\/wisdome-production\/#breadcrumb","itemListElement":[{"@type":"ListItem","position":1,"name":"WISDOME","item":"https:\/\/visualiseringscenter.se\/en\/wisdome\/"},{"@type":"ListItem","position":2,"name":"Wisdome Production"}]},{"@type":"WebSite","@id":"https:\/\/visualiseringscenter.se\/#website","url":"https:\/\/visualiseringscenter.se\/","name":"Visualiceringscenter C","description":"En m\u00f6tesplats kring visualisering f\u00f6r forskning, n\u00e4ringsliv, allm\u00e4nhet och skola","publisher":{"@id":"https:\/\/visualiseringscenter.se\/#organization"},"potentialAction":[{"@type":"SearchAction","target":{"@type":"EntryPoint","urlTemplate":"https:\/\/visualiseringscenter.se\/?s={search_term_string}"},"query-input":{"@type":"PropertyValueSpecification","valueRequired":true,"valueName":"search_term_string"}}],"inLanguage":"en-US"},{"@type":"Organization","@id":"https:\/\/visualiseringscenter.se\/#organization","name":"Visualiseringscenter C","url":"https:\/\/visualiseringscenter.se\/","logo":{"@type":"ImageObject","inLanguage":"en-US","@id":"https:\/\/visualiseringscenter.se\/#\/schema\/logo\/image\/","url":"https:\/\/visualiseringscenter.se\/wp-content\/uploads\/2024\/03\/logo_small.png","contentUrl":"https:\/\/visualiseringscenter.se\/wp-content\/uploads\/2024\/03\/logo_small.png","width":713,"height":735,"caption":"Visualiseringscenter C"},"image":{"@id":"https:\/\/visualiseringscenter.se\/#\/schema\/logo\/image\/"}}]}},"_links":{"self":[{"href":"https:\/\/visualiseringscenter.se\/en\/wp-json\/wp\/v2\/pages\/5480","targetHints":{"allow":["GET"]}}],"collection":[{"href":"https:\/\/visualiseringscenter.se\/en\/wp-json\/wp\/v2\/pages"}],"about":[{"href":"https:\/\/visualiseringscenter.se\/en\/wp-json\/wp\/v2\/types\/page"}],"author":[{"embeddable":true,"href":"https:\/\/visualiseringscenter.se\/en\/wp-json\/wp\/v2\/users\/1"}],"replies":[{"embeddable":true,"href":"https:\/\/visualiseringscenter.se\/en\/wp-json\/wp\/v2\/comments?post=5480"}],"version-history":[{"count":2,"href":"https:\/\/visualiseringscenter.se\/en\/wp-json\/wp\/v2\/pages\/5480\/revisions"}],"predecessor-version":[{"id":7177,"href":"https:\/\/visualiseringscenter.se\/en\/wp-json\/wp\/v2\/pages\/5480\/revisions\/7177"}],"up":[{"embeddable":true,"href":"https:\/\/visualiseringscenter.se\/en\/wp-json\/wp\/v2\/pages\/5409"}],"wp:attachment":[{"href":"https:\/\/visualiseringscenter.se\/en\/wp-json\/wp\/v2\/media?parent=5480"}],"curies":[{"name":"wp","href":"https:\/\/api.w.org\/{rel}","templated":true}]}}