
{"id":5494,"date":"2024-03-25T10:38:53","date_gmt":"2024-03-25T09:38:53","guid":{"rendered":"http:\/\/vicent.hamstage.hamrenmedia.se\/about-us\/work-with-us\/"},"modified":"2025-03-06T17:10:27","modified_gmt":"2025-03-06T16:10:27","slug":"work-with-us","status":"publish","type":"page","link":"https:\/\/visualiseringscenter.se\/en\/about-us\/work-with-us\/","title":{"rendered":"Work with Us"},"content":{"rendered":"\n<div class=\"wp-block-group is-style-narrow\"><div class=\"wp-block-group__inner-container is-layout-constrained wp-block-group-is-layout-constrained\">\n<div class=\"wp-block-animate-blocks-animate\" data-aos=\"fade-up\" data-aos-delay=\"100\" data-aos-duration=\"300\"><div class=\"yoast-breadcrumbs\"><span><span><a href=\"https:\/\/visualiseringscenter.se\/en\/about-us\/\">About Us<\/a><\/span> <i class=\"fa-light fa-arrow-right\"><\/i> <span class=\"breadcrumb_last\" aria-current=\"page\">Work with Us<\/span><\/span><\/div>\n\n\n<h1 class=\"wp-block-heading\"><p>Join us in creating <em>meaningful experiences<\/em><\/p><\/h1>\n\n\n\n<p>Visualiseringscenter C is the meeting place for visualization in research, industry, education, and the public. The world-leading visualization research conducted at Link\u00f6ping University, Campus Norrk\u00f6ping, is our foundation and pride. Norrk\u00f6ping Visualisering AB delivers the center&#8217;s public activities, where new technology, production, and new applications meet visitors in enjoyable forms and astonishing experiences. Through our open and creative environment, we attract research, industry, education, and the general public.<\/p>\n\n\n\n<h2 class=\"wp-block-heading\">About Visualiseringscenter<\/h2>\n\n\n\n<p>Norrk\u00f6ping Visualisering AB operates the public Science center activities at Visualiseringscenter C in Norrk\u00f6ping. Visualiseringscenter C is a consortium consisting of Norrk\u00f6ping Visualisering AB, Cnema, C-Research at Link\u00f6ping University, Norrk\u00f6ping Science Park, and RISE Interactive C-Studio.<\/p>\n\n\n\n<div class=\"wp-block-buttons is-layout-flex wp-block-buttons-is-layout-flex\">\n<div class=\"wp-block-button\"><a class=\"wp-block-button__link wp-element-button\" href=\"https:\/\/visualiseringscenter.se\/en\/about-us\/\">Read more about Visualiseringscenter<\/a><\/div>\n<\/div>\n<\/div>\n<\/div><\/div>\n\n<div class=\"wp-block-animate-blocks-animate\" data-aos=\"fade-up\" data-aos-delay=\"200\" data-aos-duration=\"700\">\n<h2 class=\"wp-block-heading\" id=\"ledigatjanster\">Job Openings<\/h2>\n\n\n\n<p>There are currently no vacancies to apply for.<\/p>\n\n\n\n<p><em>Prior to recruitment work, Norrk\u00f6ping Visualisering AB takes a position on recruitment channels and marketing. We therefore refrain from contact with media sellers and recruitment suppliers in connection with recruitment.<\/em><\/p>\n\n\n<div class='grid-item-wrapper post-type-jobads col-1 '><\/div>\n<\/div>\n","protected":false},"excerpt":{"rendered":"","protected":false},"author":1,"featured_media":0,"parent":5492,"menu_order":0,"comment_status":"closed","ping_status":"closed","template":"","meta":{"_acf_changed":false,"footnotes":""},"class_list":["post-5494","page","type-page","status-publish","hentry"],"acf":[],"yoast_head":"<!-- This site is optimized with the Yoast SEO plugin v27.1.1 - https:\/\/yoast.com\/product\/yoast-seo-wordpress\/ -->\n<title>Work with Us | Visualiseringscenter C<\/title>\n<meta name=\"description\" content=\"Do you want to help promote meaningful experiences and the future of science communication? See our vacancies.\" \/>\n<meta name=\"robots\" content=\"index, follow, max-snippet:-1, max-image-preview:large, max-video-preview:-1\" \/>\n<link rel=\"canonical\" href=\"https:\/\/visualiseringscenter.se\/en\/about-us\/work-with-us\/\" \/>\n<meta property=\"og:locale\" content=\"en_US\" \/>\n<meta property=\"og:type\" content=\"article\" \/>\n<meta property=\"og:title\" content=\"Work with Us | Visualiseringscenter C\" \/>\n<meta property=\"og:description\" content=\"Do you want to help promote meaningful experiences and the future of science communication? See our vacancies.\" \/>\n<meta property=\"og:url\" content=\"https:\/\/visualiseringscenter.se\/en\/about-us\/work-with-us\/\" \/>\n<meta property=\"og:site_name\" content=\"Visualiseringscenter C\" \/>\n<meta property=\"article:modified_time\" content=\"2025-03-06T16:10:27+00:00\" \/>\n<meta property=\"og:image\" content=\"https:\/\/visualiseringscenter.se\/wp-content\/uploads\/2024\/05\/1671634167060_Visualiseringscenter_Domen-scaled.jpg\" \/>\n\t<meta property=\"og:image:width\" content=\"2560\" \/>\n\t<meta property=\"og:image:height\" content=\"1707\" \/>\n\t<meta property=\"og:image:type\" content=\"image\/jpeg\" \/>\n<meta name=\"twitter:card\" content=\"summary_large_image\" \/>\n<meta name=\"twitter:label1\" content=\"Est. reading time\" \/>\n\t<meta name=\"twitter:data1\" content=\"1 minute\" \/>\n<script type=\"application\/ld+json\" class=\"yoast-schema-graph\">{\"@context\":\"https:\/\/schema.org\",\"@graph\":[{\"@type\":\"WebPage\",\"@id\":\"https:\/\/visualiseringscenter.se\/en\/about-us\/work-with-us\/\",\"url\":\"https:\/\/visualiseringscenter.se\/en\/about-us\/work-with-us\/\",\"name\":\"Work with Us | Visualiseringscenter C\",\"isPartOf\":{\"@id\":\"https:\/\/visualiseringscenter.se\/#website\"},\"datePublished\":\"2024-03-25T09:38:53+00:00\",\"dateModified\":\"2025-03-06T16:10:27+00:00\",\"description\":\"Do you want to help promote meaningful experiences and the future of science communication? See our vacancies.\",\"breadcrumb\":{\"@id\":\"https:\/\/visualiseringscenter.se\/en\/about-us\/work-with-us\/#breadcrumb\"},\"inLanguage\":\"en-US\",\"potentialAction\":[{\"@type\":\"ReadAction\",\"target\":[\"https:\/\/visualiseringscenter.se\/en\/about-us\/work-with-us\/\"]}]},{\"@type\":\"BreadcrumbList\",\"@id\":\"https:\/\/visualiseringscenter.se\/en\/about-us\/work-with-us\/#breadcrumb\",\"itemListElement\":[{\"@type\":\"ListItem\",\"position\":1,\"name\":\"About Us\",\"item\":\"https:\/\/visualiseringscenter.se\/en\/about-us\/\"},{\"@type\":\"ListItem\",\"position\":2,\"name\":\"Work with Us\"}]},{\"@type\":\"WebSite\",\"@id\":\"https:\/\/visualiseringscenter.se\/#website\",\"url\":\"https:\/\/visualiseringscenter.se\/\",\"name\":\"Visualiceringscenter C\",\"description\":\"En m\u00f6tesplats kring visualisering f\u00f6r forskning, n\u00e4ringsliv, allm\u00e4nhet och skola\",\"publisher\":{\"@id\":\"https:\/\/visualiseringscenter.se\/#organization\"},\"potentialAction\":[{\"@type\":\"SearchAction\",\"target\":{\"@type\":\"EntryPoint\",\"urlTemplate\":\"https:\/\/visualiseringscenter.se\/?s={search_term_string}\"},\"query-input\":{\"@type\":\"PropertyValueSpecification\",\"valueRequired\":true,\"valueName\":\"search_term_string\"}}],\"inLanguage\":\"en-US\"},{\"@type\":\"Organization\",\"@id\":\"https:\/\/visualiseringscenter.se\/#organization\",\"name\":\"Visualiseringscenter C\",\"url\":\"https:\/\/visualiseringscenter.se\/\",\"logo\":{\"@type\":\"ImageObject\",\"inLanguage\":\"en-US\",\"@id\":\"https:\/\/visualiseringscenter.se\/#\/schema\/logo\/image\/\",\"url\":\"https:\/\/visualiseringscenter.se\/wp-content\/uploads\/2024\/03\/logo_small.png\",\"contentUrl\":\"https:\/\/visualiseringscenter.se\/wp-content\/uploads\/2024\/03\/logo_small.png\",\"width\":713,\"height\":735,\"caption\":\"Visualiseringscenter C\"},\"image\":{\"@id\":\"https:\/\/visualiseringscenter.se\/#\/schema\/logo\/image\/\"}}]}<\/script>\n<!-- \/ Yoast SEO plugin. -->","yoast_head_json":{"title":"Work with Us | Visualiseringscenter C","description":"Do you want to help promote meaningful experiences and the future of science communication? See our vacancies.","robots":{"index":"index","follow":"follow","max-snippet":"max-snippet:-1","max-image-preview":"max-image-preview:large","max-video-preview":"max-video-preview:-1"},"canonical":"https:\/\/visualiseringscenter.se\/en\/about-us\/work-with-us\/","og_locale":"en_US","og_type":"article","og_title":"Work with Us | Visualiseringscenter C","og_description":"Do you want to help promote meaningful experiences and the future of science communication? See our vacancies.","og_url":"https:\/\/visualiseringscenter.se\/en\/about-us\/work-with-us\/","og_site_name":"Visualiseringscenter C","article_modified_time":"2025-03-06T16:10:27+00:00","og_image":[{"width":2560,"height":1707,"url":"https:\/\/visualiseringscenter.se\/wp-content\/uploads\/2024\/05\/1671634167060_Visualiseringscenter_Domen-scaled.jpg","type":"image\/jpeg"}],"twitter_card":"summary_large_image","twitter_misc":{"Est. reading time":"1 minute"},"schema":{"@context":"https:\/\/schema.org","@graph":[{"@type":"WebPage","@id":"https:\/\/visualiseringscenter.se\/en\/about-us\/work-with-us\/","url":"https:\/\/visualiseringscenter.se\/en\/about-us\/work-with-us\/","name":"Work with Us | Visualiseringscenter C","isPartOf":{"@id":"https:\/\/visualiseringscenter.se\/#website"},"datePublished":"2024-03-25T09:38:53+00:00","dateModified":"2025-03-06T16:10:27+00:00","description":"Do you want to help promote meaningful experiences and the future of science communication? See our vacancies.","breadcrumb":{"@id":"https:\/\/visualiseringscenter.se\/en\/about-us\/work-with-us\/#breadcrumb"},"inLanguage":"en-US","potentialAction":[{"@type":"ReadAction","target":["https:\/\/visualiseringscenter.se\/en\/about-us\/work-with-us\/"]}]},{"@type":"BreadcrumbList","@id":"https:\/\/visualiseringscenter.se\/en\/about-us\/work-with-us\/#breadcrumb","itemListElement":[{"@type":"ListItem","position":1,"name":"About Us","item":"https:\/\/visualiseringscenter.se\/en\/about-us\/"},{"@type":"ListItem","position":2,"name":"Work with Us"}]},{"@type":"WebSite","@id":"https:\/\/visualiseringscenter.se\/#website","url":"https:\/\/visualiseringscenter.se\/","name":"Visualiceringscenter C","description":"En m\u00f6tesplats kring visualisering f\u00f6r forskning, n\u00e4ringsliv, allm\u00e4nhet och skola","publisher":{"@id":"https:\/\/visualiseringscenter.se\/#organization"},"potentialAction":[{"@type":"SearchAction","target":{"@type":"EntryPoint","urlTemplate":"https:\/\/visualiseringscenter.se\/?s={search_term_string}"},"query-input":{"@type":"PropertyValueSpecification","valueRequired":true,"valueName":"search_term_string"}}],"inLanguage":"en-US"},{"@type":"Organization","@id":"https:\/\/visualiseringscenter.se\/#organization","name":"Visualiseringscenter C","url":"https:\/\/visualiseringscenter.se\/","logo":{"@type":"ImageObject","inLanguage":"en-US","@id":"https:\/\/visualiseringscenter.se\/#\/schema\/logo\/image\/","url":"https:\/\/visualiseringscenter.se\/wp-content\/uploads\/2024\/03\/logo_small.png","contentUrl":"https:\/\/visualiseringscenter.se\/wp-content\/uploads\/2024\/03\/logo_small.png","width":713,"height":735,"caption":"Visualiseringscenter C"},"image":{"@id":"https:\/\/visualiseringscenter.se\/#\/schema\/logo\/image\/"}}]}},"_links":{"self":[{"href":"https:\/\/visualiseringscenter.se\/en\/wp-json\/wp\/v2\/pages\/5494","targetHints":{"allow":["GET"]}}],"collection":[{"href":"https:\/\/visualiseringscenter.se\/en\/wp-json\/wp\/v2\/pages"}],"about":[{"href":"https:\/\/visualiseringscenter.se\/en\/wp-json\/wp\/v2\/types\/page"}],"author":[{"embeddable":true,"href":"https:\/\/visualiseringscenter.se\/en\/wp-json\/wp\/v2\/users\/1"}],"replies":[{"embeddable":true,"href":"https:\/\/visualiseringscenter.se\/en\/wp-json\/wp\/v2\/comments?post=5494"}],"version-history":[{"count":4,"href":"https:\/\/visualiseringscenter.se\/en\/wp-json\/wp\/v2\/pages\/5494\/revisions"}],"predecessor-version":[{"id":10877,"href":"https:\/\/visualiseringscenter.se\/en\/wp-json\/wp\/v2\/pages\/5494\/revisions\/10877"}],"up":[{"embeddable":true,"href":"https:\/\/visualiseringscenter.se\/en\/wp-json\/wp\/v2\/pages\/5492"}],"wp:attachment":[{"href":"https:\/\/visualiseringscenter.se\/en\/wp-json\/wp\/v2\/media?parent=5494"}],"curies":[{"name":"wp","href":"https:\/\/api.w.org\/{rel}","templated":true}]}}