{"id":5498,"date":"2024-02-21T11:14:49","date_gmt":"2024-02-21T10:14:49","guid":{"rendered":"http:\/\/vicent.hamstage.hamrenmedia.se\/research-and-innovation\/partnerships\/"},"modified":"2024-06-25T14:54:30","modified_gmt":"2024-06-25T12:54:30","slug":"partnerships","status":"publish","type":"page","link":"https:\/\/visualiseringscenter.se\/en\/research-and-innovation\/partnerships\/","title":{"rendered":"Partnerships"},"content":{"rendered":"\n<div class=\"wp-block-animate-blocks-animate\" data-aos=\"fade-up\" data-aos-delay=\"100\" data-aos-duration=\"700\">\n<div class=\"wp-block-columns is-layout-flex wp-container-core-columns-is-layout-9d6595d7 wp-block-columns-is-layout-flex\">\n<div class=\"wp-block-column is-layout-flow wp-block-column-is-layout-flow\">\n<h1 class=\"wp-block-heading\"><em>Partnerships<\/em><\/h1>\n\n\n\n<p>We are committed to maintaining high quality and relevance in everything we do at Visualiseringscenter C \u2013 from research to content in Wisdome and our lab and learning environments. We are very proud and grateful for our important partnerships that make this possible.<\/p>\n<\/div>\n\n\n\n<div class=\"wp-block-column is-layout-flow wp-block-column-is-layout-flow\">\n<figure class=\"wp-block-image size-large\"><img loading=\"lazy\" decoding=\"async\" width=\"1024\" height=\"682\" src=\"https:\/\/visualiseringscenter.se\/wp-content\/uploads\/2020\/06\/1671626146429_2_2_OMC-1-1024x682.jpg\" alt=\"The industrial landscape of Norrk\u00f6ping\" class=\"wp-image-2019\" srcset=\"https:\/\/visualiseringscenter.se\/wp-content\/uploads\/2020\/06\/1671626146429_2_2_OMC-1-1024x682.jpg 1024w, https:\/\/visualiseringscenter.se\/wp-content\/uploads\/2020\/06\/1671626146429_2_2_OMC-1-300x200.jpg 300w, https:\/\/visualiseringscenter.se\/wp-content\/uploads\/2020\/06\/1671626146429_2_2_OMC-1-768x512.jpg 768w, https:\/\/visualiseringscenter.se\/wp-content\/uploads\/2020\/06\/1671626146429_2_2_OMC-1-1536x1024.jpg 1536w, https:\/\/visualiseringscenter.se\/wp-content\/uploads\/2020\/06\/1671626146429_2_2_OMC-1-600x400.jpg 600w, https:\/\/visualiseringscenter.se\/wp-content\/uploads\/2020\/06\/1671626146429_2_2_OMC-1.jpg 2000w\" sizes=\"auto, (max-width: 1024px) 100vw, 1024px\" \/><\/figure>\n<\/div>\n<\/div>\n\n\n\n<h2 class=\"wp-block-heading\">Our Partnerships<\/h2>\n\n\n<div class='grid-item-wrapper post-type-partner col-3 '><p><a href=\"https:\/\/kaw.wallenberg.org\/\">Knut och Alice Wallenbergs Stiftelse<\/a><\/p><p><a href=\"https:\/\/www.sparbanksstiftelsenalfa.se\/\">Swedbank\/Sparbanksstiftelsen Alfa<\/a><\/p><p><a href=\"#\" class=\"no-link\">Stiftelsen Landsh\u00f6vding Per Eckerbergs fond<\/a><\/p><p><a href=\"https:\/\/norrkoping.se\/\">Norrk\u00f6pings kommun<\/a><\/p><p><a href=\"https:\/\/liu.se\/\">Link\u00f6pings universitet<\/a><\/p><p><a href=\"https:\/\/www.ri.se\/sv\">RISE Research Institutes of Sweden<\/a><\/p><p><a href=\"https:\/\/www.smhi.se\/q\/Ingelsta\/Norrk%C3%B6ping\/2703688\">SMHI<\/a><\/p><p><a href=\"https:\/\/www.sjofartsverket.se\/sv\/\">Sj\u00f6fartsverket<\/a><\/p><p><a href=\"https:\/\/www.lfv.se\/\">Luftfartsverket<\/a><\/p><p><a href=\"https:\/\/www.lundbergsfastigheter.se\/\">Lundbergs Fastigheter<\/a><\/p><p><a href=\"#\" class=\"no-link\">Stig Wadstr\u00f6ms Stiftelse<\/a><\/p><p><a href=\"https:\/\/stenastiftelsen.se\/\">Sten A Olssons Stiftelse<\/a><\/p><p><a href=\"https:\/\/maw.wallenberg.org\/\">Marcus och Amalia Wallenbergs Stiftelse<\/a><\/p><p><a href=\"https:\/\/www.visualsweden.se\/\">Visual Sweden<\/a><\/p><p><a href=\"https:\/\/strategiska.se\/\">Stiftelsen f\u00f6r Strategisk Forskning<\/a><\/p><p><a href=\"https:\/\/www.esero.se\/\">ESERO Sverige<\/a><\/p><p><a href=\"https:\/\/www.nvidia.com\/sv-se\/\">NVIDIA<\/a><\/p><p><a href=\"https:\/\/www.nasa.gov\/\">NASA<\/a><\/p><\/div>\n<\/div>\n\n\n\n<div id=\"blipartner\" class=\"wp-block-group is-style-narrow\"><div class=\"wp-block-group__inner-container is-layout-constrained wp-block-group-is-layout-constrained\">\n<div class=\"wp-block-animate-blocks-animate\" data-aos=\"fade-up\" data-aos-delay=\"100\" data-aos-duration=\"300\">\n<h2 class=\"wp-block-heading\">Long-Term Partnerships<\/h2>\n\n\n\n<p>Development in the field of visualization, and related areas, is moving at express speed. Norrk\u00f6ping Visualiseringscenter C has positioned itself as one of the world&#8217;s leading places for visualization, paving the way for new forms of visual communication and collaboration.<\/p>\n\n\n\n<p>Everything we have achieved in terms of research, development, installations, films, visits, new companies, and collaboration has been based on various forms of cooperation and partnerships.<\/p>\n\n\n\n<p>Contact us if you have ideas or want to explore how we can develop cooperation together.<\/p>\n<\/div>\n<\/div><\/div>\n\n\n\n<div class=\"wp-block-animate-blocks-animate\" data-aos=\"fade-up\" data-aos-delay=\"200\" data-aos-duration=\"700\">\n<h2 class=\"wp-block-heading\">Want to know more about partnerships?<\/h2>\n\n\n<div class=\"grid-item-wrapper post-type-contact col-2 \">        <div class=\"grid-item contact\">\r\n          <div class='post-img'><img loading=\"lazy\" decoding=\"async\" width=\"1383\" height=\"1383\" src=\"https:\/\/visualiseringscenter.se\/wp-content\/uploads\/2024\/04\/lisa_lindgren_bw.webp\" class=\"attachment-post-thumbnail size-post-thumbnail wp-post-image\" alt=\"Portr\u00e4tt av en kvinna med h\u00e5ret uppsatt i en h\u00e4stsvans\" srcset=\"https:\/\/visualiseringscenter.se\/wp-content\/uploads\/2024\/04\/lisa_lindgren_bw.webp 1383w, https:\/\/visualiseringscenter.se\/wp-content\/uploads\/2024\/04\/lisa_lindgren_bw-300x300.webp 300w, https:\/\/visualiseringscenter.se\/wp-content\/uploads\/2024\/04\/lisa_lindgren_bw-1024x1024.webp 1024w, https:\/\/visualiseringscenter.se\/wp-content\/uploads\/2024\/04\/lisa_lindgren_bw-150x150.webp 150w, https:\/\/visualiseringscenter.se\/wp-content\/uploads\/2024\/04\/lisa_lindgren_bw-768x768.webp 768w, https:\/\/visualiseringscenter.se\/wp-content\/uploads\/2024\/04\/lisa_lindgren_bw-600x600.webp 600w\" sizes=\"auto, (max-width: 1383px) 100vw, 1383px\" \/><\/div>          <div class=\"content-wrapper\">\r\n                          <span class=\"titel\">CEO Norrk\u00f6ping Visualisering AB <\/span>\r\n                        <h4 class=\"post-title\">Lisa Lindgren<\/h4>\r\n                          <p>lisa.lindgren@visualiseringscenter.se<\/p>\r\n                                      <p>011-15 63 10<\/p>\r\n                      <\/div>\r\n        <\/div>\r\n        <div class=\"grid-item contact\">\r\n          <div class='post-img'><img loading=\"lazy\" decoding=\"async\" width=\"2500\" height=\"2500\" src=\"https:\/\/visualiseringscenter.se\/wp-content\/uploads\/2024\/04\/om_oss_personal_anders_ynnerman_bw.webp\" class=\"attachment-post-thumbnail size-post-thumbnail wp-post-image\" alt=\"Portr\u00e4tt av man med skjorta och kostym\" srcset=\"https:\/\/visualiseringscenter.se\/wp-content\/uploads\/2024\/04\/om_oss_personal_anders_ynnerman_bw.webp 2500w, https:\/\/visualiseringscenter.se\/wp-content\/uploads\/2024\/04\/om_oss_personal_anders_ynnerman_bw-300x300.webp 300w, https:\/\/visualiseringscenter.se\/wp-content\/uploads\/2024\/04\/om_oss_personal_anders_ynnerman_bw-1024x1024.webp 1024w, https:\/\/visualiseringscenter.se\/wp-content\/uploads\/2024\/04\/om_oss_personal_anders_ynnerman_bw-150x150.webp 150w, https:\/\/visualiseringscenter.se\/wp-content\/uploads\/2024\/04\/om_oss_personal_anders_ynnerman_bw-768x768.webp 768w, https:\/\/visualiseringscenter.se\/wp-content\/uploads\/2024\/04\/om_oss_personal_anders_ynnerman_bw-1536x1536.webp 1536w, https:\/\/visualiseringscenter.se\/wp-content\/uploads\/2024\/04\/om_oss_personal_anders_ynnerman_bw-2048x2048.webp 2048w, https:\/\/visualiseringscenter.se\/wp-content\/uploads\/2024\/04\/om_oss_personal_anders_ynnerman_bw-2000x2000.webp 2000w, https:\/\/visualiseringscenter.se\/wp-content\/uploads\/2024\/04\/om_oss_personal_anders_ynnerman_bw-600x600.webp 600w\" sizes=\"auto, (max-width: 2500px) 100vw, 2500px\" \/><\/div>          <div class=\"content-wrapper\">\r\n                          <span class=\"titel\">Consortium Director<\/span>\r\n                        <h4 class=\"post-title\">Anders Ynnerman<\/h4>\r\n                          <p>anders.ynnerman@liu.se<\/p>\r\n                                      <p>011-36 33 09<\/p>\r\n                      <\/div>\r\n        <\/div>\r\n<\/div><\/div>\n","protected":false},"excerpt":{"rendered":"","protected":false},"author":1,"featured_media":0,"parent":5414,"menu_order":0,"comment_status":"closed","ping_status":"closed","template":"","meta":{"_acf_changed":false,"footnotes":""},"class_list":["post-5498","page","type-page","status-publish","hentry"],"acf":[],"yoast_head":"<!-- This site is optimized with the Yoast SEO plugin v27.1.1 - https:\/\/yoast.com\/product\/yoast-seo-wordpress\/ -->\n<title>Partnerships | Visualiseringscenter C<\/title>\n<meta name=\"description\" content=\"We are committed to high quality in everything we do at Visualiseringscenter C, from research to our Wisdome and our lab and learning environments.\" \/>\n<meta name=\"robots\" content=\"index, follow, max-snippet:-1, max-image-preview:large, max-video-preview:-1\" \/>\n<link rel=\"canonical\" href=\"https:\/\/visualiseringscenter.se\/en\/research-and-innovation\/partnerships\/\" \/>\n<meta property=\"og:locale\" content=\"en_US\" \/>\n<meta property=\"og:type\" content=\"article\" \/>\n<meta property=\"og:title\" content=\"Partnerships | Visualiseringscenter C\" \/>\n<meta property=\"og:description\" content=\"We are committed to high quality in everything we do at Visualiseringscenter C, from research to our Wisdome and our lab and learning environments.\" \/>\n<meta property=\"og:url\" content=\"https:\/\/visualiseringscenter.se\/en\/research-and-innovation\/partnerships\/\" \/>\n<meta property=\"og:site_name\" content=\"Visualiseringscenter C\" \/>\n<meta property=\"article:modified_time\" content=\"2024-06-25T12:54:30+00:00\" \/>\n<meta property=\"og:image\" content=\"https:\/\/visualiseringscenter.se\/wp-content\/uploads\/2020\/06\/1671626146429_2_2_OMC-1-1024x682.jpg\" \/>\n<meta name=\"twitter:card\" content=\"summary_large_image\" \/>\n<meta name=\"twitter:label1\" content=\"Est. reading time\" \/>\n\t<meta name=\"twitter:data1\" content=\"1 minute\" \/>\n<script type=\"application\/ld+json\" class=\"yoast-schema-graph\">{\"@context\":\"https:\/\/schema.org\",\"@graph\":[{\"@type\":\"WebPage\",\"@id\":\"https:\/\/visualiseringscenter.se\/en\/research-and-innovation\/partnerships\/\",\"url\":\"https:\/\/visualiseringscenter.se\/en\/research-and-innovation\/partnerships\/\",\"name\":\"Partnerships | Visualiseringscenter C\",\"isPartOf\":{\"@id\":\"https:\/\/visualiseringscenter.se\/#website\"},\"primaryImageOfPage\":{\"@id\":\"https:\/\/visualiseringscenter.se\/en\/research-and-innovation\/partnerships\/#primaryimage\"},\"image\":{\"@id\":\"https:\/\/visualiseringscenter.se\/en\/research-and-innovation\/partnerships\/#primaryimage\"},\"thumbnailUrl\":\"https:\/\/visualiseringscenter.se\/wp-content\/uploads\/2020\/06\/1671626146429_2_2_OMC-1-1024x682.jpg\",\"datePublished\":\"2024-02-21T10:14:49+00:00\",\"dateModified\":\"2024-06-25T12:54:30+00:00\",\"description\":\"We are committed to high quality in everything we do at Visualiseringscenter C, from research to our Wisdome and our lab and learning environments.\",\"breadcrumb\":{\"@id\":\"https:\/\/visualiseringscenter.se\/en\/research-and-innovation\/partnerships\/#breadcrumb\"},\"inLanguage\":\"en-US\",\"potentialAction\":[{\"@type\":\"ReadAction\",\"target\":[\"https:\/\/visualiseringscenter.se\/en\/research-and-innovation\/partnerships\/\"]}]},{\"@type\":\"ImageObject\",\"inLanguage\":\"en-US\",\"@id\":\"https:\/\/visualiseringscenter.se\/en\/research-and-innovation\/partnerships\/#primaryimage\",\"url\":\"https:\/\/visualiseringscenter.se\/wp-content\/uploads\/2020\/06\/1671626146429_2_2_OMC-1-1024x682.jpg\",\"contentUrl\":\"https:\/\/visualiseringscenter.se\/wp-content\/uploads\/2020\/06\/1671626146429_2_2_OMC-1-1024x682.jpg\"},{\"@type\":\"BreadcrumbList\",\"@id\":\"https:\/\/visualiseringscenter.se\/en\/research-and-innovation\/partnerships\/#breadcrumb\",\"itemListElement\":[{\"@type\":\"ListItem\",\"position\":1,\"name\":\"Research and Innovation\",\"item\":\"https:\/\/visualiseringscenter.se\/en\/research-and-innovation\/\"},{\"@type\":\"ListItem\",\"position\":2,\"name\":\"Partnerships\"}]},{\"@type\":\"WebSite\",\"@id\":\"https:\/\/visualiseringscenter.se\/#website\",\"url\":\"https:\/\/visualiseringscenter.se\/\",\"name\":\"Visualiceringscenter C\",\"description\":\"En m\u00f6tesplats kring visualisering f\u00f6r forskning, n\u00e4ringsliv, allm\u00e4nhet och skola\",\"publisher\":{\"@id\":\"https:\/\/visualiseringscenter.se\/#organization\"},\"potentialAction\":[{\"@type\":\"SearchAction\",\"target\":{\"@type\":\"EntryPoint\",\"urlTemplate\":\"https:\/\/visualiseringscenter.se\/?s={search_term_string}\"},\"query-input\":{\"@type\":\"PropertyValueSpecification\",\"valueRequired\":true,\"valueName\":\"search_term_string\"}}],\"inLanguage\":\"en-US\"},{\"@type\":\"Organization\",\"@id\":\"https:\/\/visualiseringscenter.se\/#organization\",\"name\":\"Visualiseringscenter C\",\"url\":\"https:\/\/visualiseringscenter.se\/\",\"logo\":{\"@type\":\"ImageObject\",\"inLanguage\":\"en-US\",\"@id\":\"https:\/\/visualiseringscenter.se\/#\/schema\/logo\/image\/\",\"url\":\"https:\/\/visualiseringscenter.se\/wp-content\/uploads\/2024\/03\/logo_small.png\",\"contentUrl\":\"https:\/\/visualiseringscenter.se\/wp-content\/uploads\/2024\/03\/logo_small.png\",\"width\":713,\"height\":735,\"caption\":\"Visualiseringscenter C\"},\"image\":{\"@id\":\"https:\/\/visualiseringscenter.se\/#\/schema\/logo\/image\/\"}}]}<\/script>\n<!-- \/ Yoast SEO plugin. -->","yoast_head_json":{"title":"Partnerships | Visualiseringscenter C","description":"We are committed to high quality in everything we do at Visualiseringscenter C, from research to our Wisdome and our lab and learning environments.","robots":{"index":"index","follow":"follow","max-snippet":"max-snippet:-1","max-image-preview":"max-image-preview:large","max-video-preview":"max-video-preview:-1"},"canonical":"https:\/\/visualiseringscenter.se\/en\/research-and-innovation\/partnerships\/","og_locale":"en_US","og_type":"article","og_title":"Partnerships | Visualiseringscenter C","og_description":"We are committed to high quality in everything we do at Visualiseringscenter C, from research to our Wisdome and our lab and learning environments.","og_url":"https:\/\/visualiseringscenter.se\/en\/research-and-innovation\/partnerships\/","og_site_name":"Visualiseringscenter C","article_modified_time":"2024-06-25T12:54:30+00:00","og_image":[{"url":"https:\/\/visualiseringscenter.se\/wp-content\/uploads\/2020\/06\/1671626146429_2_2_OMC-1-1024x682.jpg","type":"","width":"","height":""}],"twitter_card":"summary_large_image","twitter_misc":{"Est. reading time":"1 minute"},"schema":{"@context":"https:\/\/schema.org","@graph":[{"@type":"WebPage","@id":"https:\/\/visualiseringscenter.se\/en\/research-and-innovation\/partnerships\/","url":"https:\/\/visualiseringscenter.se\/en\/research-and-innovation\/partnerships\/","name":"Partnerships | Visualiseringscenter C","isPartOf":{"@id":"https:\/\/visualiseringscenter.se\/#website"},"primaryImageOfPage":{"@id":"https:\/\/visualiseringscenter.se\/en\/research-and-innovation\/partnerships\/#primaryimage"},"image":{"@id":"https:\/\/visualiseringscenter.se\/en\/research-and-innovation\/partnerships\/#primaryimage"},"thumbnailUrl":"https:\/\/visualiseringscenter.se\/wp-content\/uploads\/2020\/06\/1671626146429_2_2_OMC-1-1024x682.jpg","datePublished":"2024-02-21T10:14:49+00:00","dateModified":"2024-06-25T12:54:30+00:00","description":"We are committed to high quality in everything we do at Visualiseringscenter C, from research to our Wisdome and our lab and learning environments.","breadcrumb":{"@id":"https:\/\/visualiseringscenter.se\/en\/research-and-innovation\/partnerships\/#breadcrumb"},"inLanguage":"en-US","potentialAction":[{"@type":"ReadAction","target":["https:\/\/visualiseringscenter.se\/en\/research-and-innovation\/partnerships\/"]}]},{"@type":"ImageObject","inLanguage":"en-US","@id":"https:\/\/visualiseringscenter.se\/en\/research-and-innovation\/partnerships\/#primaryimage","url":"https:\/\/visualiseringscenter.se\/wp-content\/uploads\/2020\/06\/1671626146429_2_2_OMC-1-1024x682.jpg","contentUrl":"https:\/\/visualiseringscenter.se\/wp-content\/uploads\/2020\/06\/1671626146429_2_2_OMC-1-1024x682.jpg"},{"@type":"BreadcrumbList","@id":"https:\/\/visualiseringscenter.se\/en\/research-and-innovation\/partnerships\/#breadcrumb","itemListElement":[{"@type":"ListItem","position":1,"name":"Research and Innovation","item":"https:\/\/visualiseringscenter.se\/en\/research-and-innovation\/"},{"@type":"ListItem","position":2,"name":"Partnerships"}]},{"@type":"WebSite","@id":"https:\/\/visualiseringscenter.se\/#website","url":"https:\/\/visualiseringscenter.se\/","name":"Visualiceringscenter C","description":"En m\u00f6tesplats kring visualisering f\u00f6r forskning, n\u00e4ringsliv, allm\u00e4nhet och skola","publisher":{"@id":"https:\/\/visualiseringscenter.se\/#organization"},"potentialAction":[{"@type":"SearchAction","target":{"@type":"EntryPoint","urlTemplate":"https:\/\/visualiseringscenter.se\/?s={search_term_string}"},"query-input":{"@type":"PropertyValueSpecification","valueRequired":true,"valueName":"search_term_string"}}],"inLanguage":"en-US"},{"@type":"Organization","@id":"https:\/\/visualiseringscenter.se\/#organization","name":"Visualiseringscenter C","url":"https:\/\/visualiseringscenter.se\/","logo":{"@type":"ImageObject","inLanguage":"en-US","@id":"https:\/\/visualiseringscenter.se\/#\/schema\/logo\/image\/","url":"https:\/\/visualiseringscenter.se\/wp-content\/uploads\/2024\/03\/logo_small.png","contentUrl":"https:\/\/visualiseringscenter.se\/wp-content\/uploads\/2024\/03\/logo_small.png","width":713,"height":735,"caption":"Visualiseringscenter C"},"image":{"@id":"https:\/\/visualiseringscenter.se\/#\/schema\/logo\/image\/"}}]}},"_links":{"self":[{"href":"https:\/\/visualiseringscenter.se\/en\/wp-json\/wp\/v2\/pages\/5498","targetHints":{"allow":["GET"]}}],"collection":[{"href":"https:\/\/visualiseringscenter.se\/en\/wp-json\/wp\/v2\/pages"}],"about":[{"href":"https:\/\/visualiseringscenter.se\/en\/wp-json\/wp\/v2\/types\/page"}],"author":[{"embeddable":true,"href":"https:\/\/visualiseringscenter.se\/en\/wp-json\/wp\/v2\/users\/1"}],"replies":[{"embeddable":true,"href":"https:\/\/visualiseringscenter.se\/en\/wp-json\/wp\/v2\/comments?post=5498"}],"version-history":[{"count":2,"href":"https:\/\/visualiseringscenter.se\/en\/wp-json\/wp\/v2\/pages\/5498\/revisions"}],"predecessor-version":[{"id":5694,"href":"https:\/\/visualiseringscenter.se\/en\/wp-json\/wp\/v2\/pages\/5498\/revisions\/5694"}],"up":[{"embeddable":true,"href":"https:\/\/visualiseringscenter.se\/en\/wp-json\/wp\/v2\/pages\/5414"}],"wp:attachment":[{"href":"https:\/\/visualiseringscenter.se\/en\/wp-json\/wp\/v2\/media?parent=5498"}],"curies":[{"name":"wp","href":"https:\/\/api.w.org\/{rel}","templated":true}]}}