
{"id":5500,"date":"2024-03-25T10:40:43","date_gmt":"2024-03-25T09:40:43","guid":{"rendered":"http:\/\/vicent.hamstage.hamrenmedia.se\/about-us\/terms-and-conditions\/"},"modified":"2025-03-06T17:08:11","modified_gmt":"2025-03-06T16:08:11","slug":"terms-and-conditions","status":"publish","type":"page","link":"https:\/\/visualiseringscenter.se\/en\/about-us\/terms-and-conditions\/","title":{"rendered":"Terms and Conditions"},"content":{"rendered":"\n<h1 class=\"wp-block-heading\"><strong>Terms and Conditions<\/strong><\/h1>\n\n<p><em>Last updated: 2024-05-21<\/em><\/p>\n\n<h3 class=\"wp-block-heading\"><strong>Biljettk\u00f6p<\/strong><\/h3>\n\n<p>Specify the number of tickets you want by selecting seats available in the auditorium. Then choose the type of ticket and fill in your details and payment information. Your purchase must be completed within 15 minutes.<\/p>\n\n<p>We accept payment with debit or credit cards with a CVC code. We do not accept cards without a CVC\/CV code. If you pay with a debit or credit card, the payment is processed through external payment gateways (Nets).<\/p>\n\n<p>We also offer the Swish payment service. If you are connected to Swish, you can make Swish payments directly from your bank account. You need to open the Swish app on your mobile device and approve the payment via your mobile BankID to complete the purchase.<\/p>\n\n<p>The payment method used for the purchase is charged immediately at the time of purchase. Finally, you will receive a confirmation that the purchase has been completed, and you will find your ticket in the confirmation email.<\/p>\n\n<p>Tickets can be purchased at regular prices or at child, student, and senior prices for performances where this is offered. Those who buy tickets at student and senior prices must be prepared to prove this upon request.<\/p>\n\n<h3 class=\"wp-block-heading\"><strong>Access to Tickets<\/strong><\/h3>\n\n<p>The ticket is sent to you via the email address you provided and confirmed at the time of booking. If you have not received the ticket, you may have mistakenly provided an incorrect email address (misspelling or similar). Also, some email providers may take longer to deliver the email. Check your spam folder as well to see if the email ended up there.<\/p>\n\n<h3 class=\"wp-block-heading\"><strong>Ticket Validity Period<\/strong><\/h3>\n\n<p>Your ticket is valid until the performance begins. You can also pick up your tickets at our reception up to 5 minutes before the performance starts.<\/p>\n\n<h3 class=\"wp-block-heading\"><strong>Refund\/Exchange<\/strong><\/h3>\n\n<p>Refunds for purchased tickets are only permitted in the following exceptional cases:<\/p>\n\n<ul class=\"wp-block-list\">\n<li>If a refund request is made in dialogue with staff and the reason is based on insufficient delivery quality, you as a customer have the option to get a refund. This is done on-site at the reception of Visualiseringscenter C.<\/li>\n\n\n\n<li>For special premieres and events, different rules for refunds may apply, which will be stated on the website if applicable.<\/li>\n<\/ul>\n\n<p>Ticket exchanges are done on-site at the reception of Visualiseringscenter C.<\/p>\n\n<p>Exchanges\/refunds of purchased tickets are only permitted if you can present a payment method along with the purchase confirmation or receipt no later than 15 minutes before the performance begins. Refunds of purchased tickets are not allowed after the performance starts.<\/p>\n\n<p>For refunds of tickets purchased with a payment card, a refund is only made to the same payment card from which the purchase was made. The amount will then be credited back to the payment card, or alternatively, a gift card with the equivalent amount will be issued.<\/p>\n\n<p>For refunds of tickets purchased via Swish, a refund of the originally debited purchase amount is made to your bank account. A refund requires an original Swish payment linked to the purchase for which the refund is intended. A refund is only made to the same mobile number from which the purchase was made.<\/p>\n\n<h3 class=\"wp-block-heading\"><strong>Annual Pass<\/strong><\/h3>\n\n<p>An annual pass at Visualiseringscenter C gives you the opportunity to see regular dome shows for free for a year. Additionally, the annual pass gives you a 10% discount on regular items in the store and restaurant &amp; caf\u00e9. Otherwise, the annual pass cannot be combined with other offers.<\/p>\n\n<p>The validity period for the annual pass is 12 months from activation.<\/p>\n\n<p>To redeem a ticket with your annual pass for a regular performance, you must present the annual pass at the reception of Visualiseringscenter C, where it will be checked for validity. The annual pass is personal and non-transferable.<\/p>\n\n<p>A lost annual pass can be replaced upon presentation of identification. A replacement fee of 45 SEK is charged for the new card.<\/p>\n\n<h3 class=\"wp-block-heading\"><strong>Your Personal Data<\/strong><\/h3>\n\n<p>Visualiseringscenter C is responsible for processing your personal data, which includes processing related to the delivery of the services and products you have requested and for communicating with you regarding your upcoming visit. Our processing of personal data is conducted in accordance with applicable data protection legislation.<\/p>\n\n<p>Vill du veta mer om hur vi behandlar dina personuppgifter kan du l\u00e4sa mer i v\u00e5r <a href=\"https:\/\/visualiseringscenter.se\/en\/about-us\/privacy-policy\/\">Integritetspolicy<\/a>.<\/p>\n\n<h3 class=\"wp-block-heading\"><strong>Visit to the Wisdome Norrk\u00f6ping Dome Theater<\/strong><\/h3>\n\n<p>You are obliged to follow the current rules and the instructions of our staff during your visit. If you violate these rules or act in a way that disturbs other guests, you may be asked to leave the performance.<\/p>\n\n<p>Please note that it is never allowed to take photographs or film inside the dome theater.<\/p>\n\n<p>Food and drinks are not allowed in the dome theater.<\/p>\n","protected":false},"excerpt":{"rendered":"<p>Terms and Conditions Last updated: 2024-05-21 Biljettk\u00f6p Specify the number of tickets you want by selecting seats available in the auditorium. Then choose the type of ticket and fill in your details and payment information. Your purchase must be completed within 15 minutes. We accept payment with debit or credit cards with a CVC code. [&hellip;]<\/p>\n","protected":false},"author":1,"featured_media":0,"parent":5492,"menu_order":0,"comment_status":"closed","ping_status":"closed","template":"","meta":{"_acf_changed":false,"footnotes":""},"class_list":["post-5500","page","type-page","status-publish","hentry"],"acf":[],"yoast_head":"<!-- This site is optimized with the Yoast SEO plugin v27.1.1 - https:\/\/yoast.com\/product\/yoast-seo-wordpress\/ -->\n<title>Terms and Conditions | Visualiseringscenter C<\/title>\n<meta name=\"description\" content=\"Terms of purchase for those who buy tickets for performances with us at Visualiseringscenter C. Welcome to us!\" \/>\n<meta name=\"robots\" content=\"index, follow, max-snippet:-1, max-image-preview:large, max-video-preview:-1\" \/>\n<link rel=\"canonical\" href=\"https:\/\/visualiseringscenter.se\/en\/about-us\/terms-and-conditions\/\" \/>\n<meta property=\"og:locale\" content=\"en_US\" \/>\n<meta property=\"og:type\" content=\"article\" \/>\n<meta property=\"og:title\" content=\"Terms and Conditions | Visualiseringscenter C\" \/>\n<meta property=\"og:description\" content=\"Terms of purchase for those who buy tickets for performances with us at Visualiseringscenter C. Welcome to us!\" \/>\n<meta property=\"og:url\" content=\"https:\/\/visualiseringscenter.se\/en\/about-us\/terms-and-conditions\/\" \/>\n<meta property=\"og:site_name\" content=\"Visualiseringscenter C\" \/>\n<meta property=\"article:modified_time\" content=\"2025-03-06T16:08:11+00:00\" \/>\n<meta property=\"og:image\" content=\"https:\/\/visualiseringscenter.se\/wp-content\/uploads\/2024\/05\/1671634167060_Visualiseringscenter_Domen-scaled.jpg\" \/>\n\t<meta property=\"og:image:width\" content=\"2560\" \/>\n\t<meta property=\"og:image:height\" content=\"1707\" \/>\n\t<meta property=\"og:image:type\" content=\"image\/jpeg\" \/>\n<meta name=\"twitter:card\" content=\"summary_large_image\" \/>\n<meta name=\"twitter:label1\" content=\"Est. reading time\" \/>\n\t<meta name=\"twitter:data1\" content=\"4 minutes\" \/>\n<script type=\"application\/ld+json\" class=\"yoast-schema-graph\">{\"@context\":\"https:\/\/schema.org\",\"@graph\":[{\"@type\":\"WebPage\",\"@id\":\"https:\/\/visualiseringscenter.se\/en\/about-us\/terms-and-conditions\/\",\"url\":\"https:\/\/visualiseringscenter.se\/en\/about-us\/terms-and-conditions\/\",\"name\":\"Terms and Conditions | Visualiseringscenter C\",\"isPartOf\":{\"@id\":\"https:\/\/visualiseringscenter.se\/#website\"},\"datePublished\":\"2024-03-25T09:40:43+00:00\",\"dateModified\":\"2025-03-06T16:08:11+00:00\",\"description\":\"Terms of purchase for those who buy tickets for performances with us at Visualiseringscenter C. Welcome to us!\",\"breadcrumb\":{\"@id\":\"https:\/\/visualiseringscenter.se\/en\/about-us\/terms-and-conditions\/#breadcrumb\"},\"inLanguage\":\"en-US\",\"potentialAction\":[{\"@type\":\"ReadAction\",\"target\":[\"https:\/\/visualiseringscenter.se\/en\/about-us\/terms-and-conditions\/\"]}]},{\"@type\":\"BreadcrumbList\",\"@id\":\"https:\/\/visualiseringscenter.se\/en\/about-us\/terms-and-conditions\/#breadcrumb\",\"itemListElement\":[{\"@type\":\"ListItem\",\"position\":1,\"name\":\"About Us\",\"item\":\"https:\/\/visualiseringscenter.se\/en\/about-us\/\"},{\"@type\":\"ListItem\",\"position\":2,\"name\":\"Terms and Conditions\"}]},{\"@type\":\"WebSite\",\"@id\":\"https:\/\/visualiseringscenter.se\/#website\",\"url\":\"https:\/\/visualiseringscenter.se\/\",\"name\":\"Visualiceringscenter C\",\"description\":\"En m\u00f6tesplats kring visualisering f\u00f6r forskning, n\u00e4ringsliv, allm\u00e4nhet och skola\",\"publisher\":{\"@id\":\"https:\/\/visualiseringscenter.se\/#organization\"},\"potentialAction\":[{\"@type\":\"SearchAction\",\"target\":{\"@type\":\"EntryPoint\",\"urlTemplate\":\"https:\/\/visualiseringscenter.se\/?s={search_term_string}\"},\"query-input\":{\"@type\":\"PropertyValueSpecification\",\"valueRequired\":true,\"valueName\":\"search_term_string\"}}],\"inLanguage\":\"en-US\"},{\"@type\":\"Organization\",\"@id\":\"https:\/\/visualiseringscenter.se\/#organization\",\"name\":\"Visualiseringscenter C\",\"url\":\"https:\/\/visualiseringscenter.se\/\",\"logo\":{\"@type\":\"ImageObject\",\"inLanguage\":\"en-US\",\"@id\":\"https:\/\/visualiseringscenter.se\/#\/schema\/logo\/image\/\",\"url\":\"https:\/\/visualiseringscenter.se\/wp-content\/uploads\/2024\/03\/logo_small.png\",\"contentUrl\":\"https:\/\/visualiseringscenter.se\/wp-content\/uploads\/2024\/03\/logo_small.png\",\"width\":713,\"height\":735,\"caption\":\"Visualiseringscenter C\"},\"image\":{\"@id\":\"https:\/\/visualiseringscenter.se\/#\/schema\/logo\/image\/\"}}]}<\/script>\n<!-- \/ Yoast SEO plugin. -->","yoast_head_json":{"title":"Terms and Conditions | Visualiseringscenter C","description":"Terms of purchase for those who buy tickets for performances with us at Visualiseringscenter C. Welcome to us!","robots":{"index":"index","follow":"follow","max-snippet":"max-snippet:-1","max-image-preview":"max-image-preview:large","max-video-preview":"max-video-preview:-1"},"canonical":"https:\/\/visualiseringscenter.se\/en\/about-us\/terms-and-conditions\/","og_locale":"en_US","og_type":"article","og_title":"Terms and Conditions | Visualiseringscenter C","og_description":"Terms of purchase for those who buy tickets for performances with us at Visualiseringscenter C. Welcome to us!","og_url":"https:\/\/visualiseringscenter.se\/en\/about-us\/terms-and-conditions\/","og_site_name":"Visualiseringscenter C","article_modified_time":"2025-03-06T16:08:11+00:00","og_image":[{"width":2560,"height":1707,"url":"https:\/\/visualiseringscenter.se\/wp-content\/uploads\/2024\/05\/1671634167060_Visualiseringscenter_Domen-scaled.jpg","type":"image\/jpeg"}],"twitter_card":"summary_large_image","twitter_misc":{"Est. reading time":"4 minutes"},"schema":{"@context":"https:\/\/schema.org","@graph":[{"@type":"WebPage","@id":"https:\/\/visualiseringscenter.se\/en\/about-us\/terms-and-conditions\/","url":"https:\/\/visualiseringscenter.se\/en\/about-us\/terms-and-conditions\/","name":"Terms and Conditions | Visualiseringscenter C","isPartOf":{"@id":"https:\/\/visualiseringscenter.se\/#website"},"datePublished":"2024-03-25T09:40:43+00:00","dateModified":"2025-03-06T16:08:11+00:00","description":"Terms of purchase for those who buy tickets for performances with us at Visualiseringscenter C. Welcome to us!","breadcrumb":{"@id":"https:\/\/visualiseringscenter.se\/en\/about-us\/terms-and-conditions\/#breadcrumb"},"inLanguage":"en-US","potentialAction":[{"@type":"ReadAction","target":["https:\/\/visualiseringscenter.se\/en\/about-us\/terms-and-conditions\/"]}]},{"@type":"BreadcrumbList","@id":"https:\/\/visualiseringscenter.se\/en\/about-us\/terms-and-conditions\/#breadcrumb","itemListElement":[{"@type":"ListItem","position":1,"name":"About Us","item":"https:\/\/visualiseringscenter.se\/en\/about-us\/"},{"@type":"ListItem","position":2,"name":"Terms and Conditions"}]},{"@type":"WebSite","@id":"https:\/\/visualiseringscenter.se\/#website","url":"https:\/\/visualiseringscenter.se\/","name":"Visualiceringscenter C","description":"En m\u00f6tesplats kring visualisering f\u00f6r forskning, n\u00e4ringsliv, allm\u00e4nhet och skola","publisher":{"@id":"https:\/\/visualiseringscenter.se\/#organization"},"potentialAction":[{"@type":"SearchAction","target":{"@type":"EntryPoint","urlTemplate":"https:\/\/visualiseringscenter.se\/?s={search_term_string}"},"query-input":{"@type":"PropertyValueSpecification","valueRequired":true,"valueName":"search_term_string"}}],"inLanguage":"en-US"},{"@type":"Organization","@id":"https:\/\/visualiseringscenter.se\/#organization","name":"Visualiseringscenter C","url":"https:\/\/visualiseringscenter.se\/","logo":{"@type":"ImageObject","inLanguage":"en-US","@id":"https:\/\/visualiseringscenter.se\/#\/schema\/logo\/image\/","url":"https:\/\/visualiseringscenter.se\/wp-content\/uploads\/2024\/03\/logo_small.png","contentUrl":"https:\/\/visualiseringscenter.se\/wp-content\/uploads\/2024\/03\/logo_small.png","width":713,"height":735,"caption":"Visualiseringscenter C"},"image":{"@id":"https:\/\/visualiseringscenter.se\/#\/schema\/logo\/image\/"}}]}},"_links":{"self":[{"href":"https:\/\/visualiseringscenter.se\/en\/wp-json\/wp\/v2\/pages\/5500","targetHints":{"allow":["GET"]}}],"collection":[{"href":"https:\/\/visualiseringscenter.se\/en\/wp-json\/wp\/v2\/pages"}],"about":[{"href":"https:\/\/visualiseringscenter.se\/en\/wp-json\/wp\/v2\/types\/page"}],"author":[{"embeddable":true,"href":"https:\/\/visualiseringscenter.se\/en\/wp-json\/wp\/v2\/users\/1"}],"replies":[{"embeddable":true,"href":"https:\/\/visualiseringscenter.se\/en\/wp-json\/wp\/v2\/comments?post=5500"}],"version-history":[{"count":3,"href":"https:\/\/visualiseringscenter.se\/en\/wp-json\/wp\/v2\/pages\/5500\/revisions"}],"predecessor-version":[{"id":10876,"href":"https:\/\/visualiseringscenter.se\/en\/wp-json\/wp\/v2\/pages\/5500\/revisions\/10876"}],"up":[{"embeddable":true,"href":"https:\/\/visualiseringscenter.se\/en\/wp-json\/wp\/v2\/pages\/5492"}],"wp:attachment":[{"href":"https:\/\/visualiseringscenter.se\/en\/wp-json\/wp\/v2\/media?parent=5500"}],"curies":[{"name":"wp","href":"https:\/\/api.w.org\/{rel}","templated":true}]}}