
{"id":5536,"date":"2024-03-25T10:40:02","date_gmt":"2024-03-25T09:40:02","guid":{"rendered":"https:\/\/visualiseringscenter.se\/about-us\/press-images-and-logos\/"},"modified":"2024-06-25T10:14:30","modified_gmt":"2024-06-25T08:14:30","slug":"press-images-and-logos","status":"publish","type":"page","link":"https:\/\/visualiseringscenter.se\/en\/about-us\/press-images-and-logos\/","title":{"rendered":"Press Images and Logos"},"content":{"rendered":"\n<div class=\"wp-block-media-text has-media-on-the-right is-stacked-on-mobile\"><div class=\"wp-block-media-text__content\">\n<h1 class=\"wp-block-heading\">Press Images and Logos<\/h1>\n\n\n\n<p class=\"is-style-ingress\">Here you will find press photos and logos from Visualiseringscenter C<\/p>\n<\/div><figure class=\"wp-block-media-text__media\"><img loading=\"lazy\" decoding=\"async\" width=\"1024\" height=\"682\" src=\"https:\/\/visualiseringscenter.se\/wp-content\/uploads\/2024\/04\/om_oss_jobba_hos_oss-1024x682.webp\" alt=\"\" class=\"wp-image-1188 size-full\" srcset=\"https:\/\/visualiseringscenter.se\/wp-content\/uploads\/2024\/04\/om_oss_jobba_hos_oss-1024x682.webp 1024w, https:\/\/visualiseringscenter.se\/wp-content\/uploads\/2024\/04\/om_oss_jobba_hos_oss-300x200.webp 300w, https:\/\/visualiseringscenter.se\/wp-content\/uploads\/2024\/04\/om_oss_jobba_hos_oss-768x512.webp 768w, https:\/\/visualiseringscenter.se\/wp-content\/uploads\/2024\/04\/om_oss_jobba_hos_oss-1536x1023.webp 1536w, https:\/\/visualiseringscenter.se\/wp-content\/uploads\/2024\/04\/om_oss_jobba_hos_oss-2048x1364.webp 2048w, https:\/\/visualiseringscenter.se\/wp-content\/uploads\/2024\/04\/om_oss_jobba_hos_oss-2000x1333.webp 2000w, https:\/\/visualiseringscenter.se\/wp-content\/uploads\/2024\/04\/om_oss_jobba_hos_oss-600x400.webp 600w\" sizes=\"auto, (max-width: 1024px) 100vw, 1024px\" \/><\/figure><\/div>\n\n<div class=\"wp-block-columns is-layout-flex wp-container-core-columns-is-layout-9d6595d7 wp-block-columns-is-layout-flex\">\n<div class=\"wp-block-column is-layout-flow wp-block-column-is-layout-flow\">\n<h2 class=\"wp-block-heading\">Logos<\/h2>\n\n\n\n<div class=\"wp-block-file\"><a id=\"wp-block-file--media-46275afa-010c-4107-9fc1-3de6922561a0\" href=\"https:\/\/visualiseringscenter.se\/wp-content\/uploads\/2024\/05\/visualiseringscenter_logo_eps.zip\">High resolution logos for print (EPS) [ZIP]<\/a><a href=\"https:\/\/visualiseringscenter.se\/wp-content\/uploads\/2024\/05\/visualiseringscenter_logo_eps.zip\" class=\"wp-block-file__button wp-element-button\" download=\"\" aria-describedby=\"wp-block-file--media-46275afa-010c-4107-9fc1-3de6922561a0\">Download<\/a><\/div>\n\n\n\n<div class=\"wp-block-file\"><a id=\"wp-block-file--media-d517fdb3-5f41-4f2a-bd82-8852c5ee2e3b\" href=\"https:\/\/visualiseringscenter.se\/wp-content\/uploads\/2024\/05\/visualiseringscenter_logo_png.zip\">High resolution logos for web (PNG) [ZIP]<\/a><a href=\"https:\/\/visualiseringscenter.se\/wp-content\/uploads\/2024\/05\/visualiseringscenter_logo_png.zip\" class=\"wp-block-file__button wp-element-button\" download=\"\" aria-describedby=\"wp-block-file--media-d517fdb3-5f41-4f2a-bd82-8852c5ee2e3b\">Download<\/a><\/div>\n<\/div>\n\n\n\n<div class=\"wp-block-column is-layout-flow wp-block-column-is-layout-flow\">\n<h2 class=\"wp-block-heading\">Press photos<\/h2>\n\n\n\n<div class=\"wp-block-file\"><a id=\"wp-block-file--media-eab1b5da-9789-4cc9-a37b-2ea48c9b4a44\" href=\"https:\/\/visualiseringscenter.se\/wp-content\/uploads\/2024\/05\/Visualiseringscenter_Press_photos.zip\">Visualiseringscenter_Press_photos<\/a><a href=\"https:\/\/visualiseringscenter.se\/wp-content\/uploads\/2024\/05\/Visualiseringscenter_Press_photos.zip\" class=\"wp-block-file__button wp-element-button\" download=\"\" aria-describedby=\"wp-block-file--media-eab1b5da-9789-4cc9-a37b-2ea48c9b4a44\">Download<\/a><\/div>\n<\/div>\n<\/div>\n<div class=\"contact-card-block\">\r\n  <div class=\"content-wrapper\">\r\n    <tag>\r\n      <span>\r\n      Contact      <\/span>\r\n    <\/tag>\r\n    <h3 class=\"card-heading\">Contact<\/h3>\r\n    <div class=\"contact-card-info\">\r\n              <h4>Amanda Lagerqvist<\/h4>\r\n                    <p>Marketing &#038; Communications Manager<\/p>\r\n                    <p><a href=\"amanda.lagerqvist@visualiseringscenter.se\">amanda.lagerqvist@visualiseringscenter.se<\/a><\/p>\r\n                <\/div>\r\n  <\/div>\r\n\r\n  <\/div>","protected":false},"excerpt":{"rendered":"<p>Press Images and Logos Here you will find press photos and logos from Visualiseringscenter C Logos Press photos<\/p>\n","protected":false},"author":1,"featured_media":0,"parent":5492,"menu_order":0,"comment_status":"closed","ping_status":"closed","template":"","meta":{"_acf_changed":false,"footnotes":""},"class_list":["post-5536","page","type-page","status-publish","hentry"],"acf":[],"yoast_head":"<!-- This site is optimized with the Yoast SEO plugin v27.1.1 - https:\/\/yoast.com\/product\/yoast-seo-wordpress\/ -->\n<title>Press Images and Logos | Visualiseringscenter C<\/title>\n<meta name=\"description\" content=\"Here you will find press images and logos from Visualiseringscenter C for both print and digital publications.\" \/>\n<meta name=\"robots\" content=\"index, follow, max-snippet:-1, max-image-preview:large, max-video-preview:-1\" \/>\n<link rel=\"canonical\" href=\"https:\/\/visualiseringscenter.se\/en\/about-us\/press-images-and-logos\/\" \/>\n<meta property=\"og:locale\" content=\"en_US\" \/>\n<meta property=\"og:type\" content=\"article\" \/>\n<meta property=\"og:title\" content=\"Press Images and Logos | Visualiseringscenter C\" \/>\n<meta property=\"og:description\" content=\"Here you will find press images and logos from Visualiseringscenter C for both print and digital publications.\" \/>\n<meta property=\"og:url\" content=\"https:\/\/visualiseringscenter.se\/en\/about-us\/press-images-and-logos\/\" \/>\n<meta property=\"og:site_name\" content=\"Visualiseringscenter C\" \/>\n<meta property=\"article:modified_time\" content=\"2024-06-25T08:14:30+00:00\" \/>\n<meta property=\"og:image\" content=\"https:\/\/visualiseringscenter.se\/wp-content\/uploads\/2024\/04\/om_oss_jobba_hos_oss-1024x682.webp\" \/>\n<meta name=\"twitter:card\" content=\"summary_large_image\" \/>\n<script type=\"application\/ld+json\" class=\"yoast-schema-graph\">{\"@context\":\"https:\/\/schema.org\",\"@graph\":[{\"@type\":\"WebPage\",\"@id\":\"https:\/\/visualiseringscenter.se\/en\/about-us\/press-images-and-logos\/\",\"url\":\"https:\/\/visualiseringscenter.se\/en\/about-us\/press-images-and-logos\/\",\"name\":\"Press Images and Logos | Visualiseringscenter C\",\"isPartOf\":{\"@id\":\"https:\/\/visualiseringscenter.se\/#website\"},\"primaryImageOfPage\":{\"@id\":\"https:\/\/visualiseringscenter.se\/en\/about-us\/press-images-and-logos\/#primaryimage\"},\"image\":{\"@id\":\"https:\/\/visualiseringscenter.se\/en\/about-us\/press-images-and-logos\/#primaryimage\"},\"thumbnailUrl\":\"https:\/\/visualiseringscenter.se\/wp-content\/uploads\/2024\/04\/om_oss_jobba_hos_oss-1024x682.webp\",\"datePublished\":\"2024-03-25T09:40:02+00:00\",\"dateModified\":\"2024-06-25T08:14:30+00:00\",\"description\":\"Here you will find press images and logos from Visualiseringscenter C for both print and digital publications.\",\"breadcrumb\":{\"@id\":\"https:\/\/visualiseringscenter.se\/en\/about-us\/press-images-and-logos\/#breadcrumb\"},\"inLanguage\":\"en-US\",\"potentialAction\":[{\"@type\":\"ReadAction\",\"target\":[\"https:\/\/visualiseringscenter.se\/en\/about-us\/press-images-and-logos\/\"]}]},{\"@type\":\"ImageObject\",\"inLanguage\":\"en-US\",\"@id\":\"https:\/\/visualiseringscenter.se\/en\/about-us\/press-images-and-logos\/#primaryimage\",\"url\":\"https:\/\/visualiseringscenter.se\/wp-content\/uploads\/2024\/04\/om_oss_jobba_hos_oss-1024x682.webp\",\"contentUrl\":\"https:\/\/visualiseringscenter.se\/wp-content\/uploads\/2024\/04\/om_oss_jobba_hos_oss-1024x682.webp\"},{\"@type\":\"BreadcrumbList\",\"@id\":\"https:\/\/visualiseringscenter.se\/en\/about-us\/press-images-and-logos\/#breadcrumb\",\"itemListElement\":[{\"@type\":\"ListItem\",\"position\":1,\"name\":\"About Us\",\"item\":\"https:\/\/visualiseringscenter.se\/en\/about-us\/\"},{\"@type\":\"ListItem\",\"position\":2,\"name\":\"Press Images and Logos\"}]},{\"@type\":\"WebSite\",\"@id\":\"https:\/\/visualiseringscenter.se\/#website\",\"url\":\"https:\/\/visualiseringscenter.se\/\",\"name\":\"Visualiceringscenter C\",\"description\":\"En m\u00f6tesplats kring visualisering f\u00f6r forskning, n\u00e4ringsliv, allm\u00e4nhet och skola\",\"publisher\":{\"@id\":\"https:\/\/visualiseringscenter.se\/#organization\"},\"potentialAction\":[{\"@type\":\"SearchAction\",\"target\":{\"@type\":\"EntryPoint\",\"urlTemplate\":\"https:\/\/visualiseringscenter.se\/?s={search_term_string}\"},\"query-input\":{\"@type\":\"PropertyValueSpecification\",\"valueRequired\":true,\"valueName\":\"search_term_string\"}}],\"inLanguage\":\"en-US\"},{\"@type\":\"Organization\",\"@id\":\"https:\/\/visualiseringscenter.se\/#organization\",\"name\":\"Visualiseringscenter C\",\"url\":\"https:\/\/visualiseringscenter.se\/\",\"logo\":{\"@type\":\"ImageObject\",\"inLanguage\":\"en-US\",\"@id\":\"https:\/\/visualiseringscenter.se\/#\/schema\/logo\/image\/\",\"url\":\"https:\/\/visualiseringscenter.se\/wp-content\/uploads\/2024\/03\/logo_small.png\",\"contentUrl\":\"https:\/\/visualiseringscenter.se\/wp-content\/uploads\/2024\/03\/logo_small.png\",\"width\":713,\"height\":735,\"caption\":\"Visualiseringscenter C\"},\"image\":{\"@id\":\"https:\/\/visualiseringscenter.se\/#\/schema\/logo\/image\/\"}}]}<\/script>\n<!-- \/ Yoast SEO plugin. -->","yoast_head_json":{"title":"Press Images and Logos | Visualiseringscenter C","description":"Here you will find press images and logos from Visualiseringscenter C for both print and digital publications.","robots":{"index":"index","follow":"follow","max-snippet":"max-snippet:-1","max-image-preview":"max-image-preview:large","max-video-preview":"max-video-preview:-1"},"canonical":"https:\/\/visualiseringscenter.se\/en\/about-us\/press-images-and-logos\/","og_locale":"en_US","og_type":"article","og_title":"Press Images and Logos | Visualiseringscenter C","og_description":"Here you will find press images and logos from Visualiseringscenter C for both print and digital publications.","og_url":"https:\/\/visualiseringscenter.se\/en\/about-us\/press-images-and-logos\/","og_site_name":"Visualiseringscenter C","article_modified_time":"2024-06-25T08:14:30+00:00","og_image":[{"url":"https:\/\/visualiseringscenter.se\/wp-content\/uploads\/2024\/04\/om_oss_jobba_hos_oss-1024x682.webp","type":"","width":"","height":""}],"twitter_card":"summary_large_image","schema":{"@context":"https:\/\/schema.org","@graph":[{"@type":"WebPage","@id":"https:\/\/visualiseringscenter.se\/en\/about-us\/press-images-and-logos\/","url":"https:\/\/visualiseringscenter.se\/en\/about-us\/press-images-and-logos\/","name":"Press Images and Logos | Visualiseringscenter C","isPartOf":{"@id":"https:\/\/visualiseringscenter.se\/#website"},"primaryImageOfPage":{"@id":"https:\/\/visualiseringscenter.se\/en\/about-us\/press-images-and-logos\/#primaryimage"},"image":{"@id":"https:\/\/visualiseringscenter.se\/en\/about-us\/press-images-and-logos\/#primaryimage"},"thumbnailUrl":"https:\/\/visualiseringscenter.se\/wp-content\/uploads\/2024\/04\/om_oss_jobba_hos_oss-1024x682.webp","datePublished":"2024-03-25T09:40:02+00:00","dateModified":"2024-06-25T08:14:30+00:00","description":"Here you will find press images and logos from Visualiseringscenter C for both print and digital publications.","breadcrumb":{"@id":"https:\/\/visualiseringscenter.se\/en\/about-us\/press-images-and-logos\/#breadcrumb"},"inLanguage":"en-US","potentialAction":[{"@type":"ReadAction","target":["https:\/\/visualiseringscenter.se\/en\/about-us\/press-images-and-logos\/"]}]},{"@type":"ImageObject","inLanguage":"en-US","@id":"https:\/\/visualiseringscenter.se\/en\/about-us\/press-images-and-logos\/#primaryimage","url":"https:\/\/visualiseringscenter.se\/wp-content\/uploads\/2024\/04\/om_oss_jobba_hos_oss-1024x682.webp","contentUrl":"https:\/\/visualiseringscenter.se\/wp-content\/uploads\/2024\/04\/om_oss_jobba_hos_oss-1024x682.webp"},{"@type":"BreadcrumbList","@id":"https:\/\/visualiseringscenter.se\/en\/about-us\/press-images-and-logos\/#breadcrumb","itemListElement":[{"@type":"ListItem","position":1,"name":"About Us","item":"https:\/\/visualiseringscenter.se\/en\/about-us\/"},{"@type":"ListItem","position":2,"name":"Press Images and Logos"}]},{"@type":"WebSite","@id":"https:\/\/visualiseringscenter.se\/#website","url":"https:\/\/visualiseringscenter.se\/","name":"Visualiceringscenter C","description":"En m\u00f6tesplats kring visualisering f\u00f6r forskning, n\u00e4ringsliv, allm\u00e4nhet och skola","publisher":{"@id":"https:\/\/visualiseringscenter.se\/#organization"},"potentialAction":[{"@type":"SearchAction","target":{"@type":"EntryPoint","urlTemplate":"https:\/\/visualiseringscenter.se\/?s={search_term_string}"},"query-input":{"@type":"PropertyValueSpecification","valueRequired":true,"valueName":"search_term_string"}}],"inLanguage":"en-US"},{"@type":"Organization","@id":"https:\/\/visualiseringscenter.se\/#organization","name":"Visualiseringscenter C","url":"https:\/\/visualiseringscenter.se\/","logo":{"@type":"ImageObject","inLanguage":"en-US","@id":"https:\/\/visualiseringscenter.se\/#\/schema\/logo\/image\/","url":"https:\/\/visualiseringscenter.se\/wp-content\/uploads\/2024\/03\/logo_small.png","contentUrl":"https:\/\/visualiseringscenter.se\/wp-content\/uploads\/2024\/03\/logo_small.png","width":713,"height":735,"caption":"Visualiseringscenter C"},"image":{"@id":"https:\/\/visualiseringscenter.se\/#\/schema\/logo\/image\/"}}]}},"_links":{"self":[{"href":"https:\/\/visualiseringscenter.se\/en\/wp-json\/wp\/v2\/pages\/5536","targetHints":{"allow":["GET"]}}],"collection":[{"href":"https:\/\/visualiseringscenter.se\/en\/wp-json\/wp\/v2\/pages"}],"about":[{"href":"https:\/\/visualiseringscenter.se\/en\/wp-json\/wp\/v2\/types\/page"}],"author":[{"embeddable":true,"href":"https:\/\/visualiseringscenter.se\/en\/wp-json\/wp\/v2\/users\/1"}],"replies":[{"embeddable":true,"href":"https:\/\/visualiseringscenter.se\/en\/wp-json\/wp\/v2\/comments?post=5536"}],"version-history":[{"count":1,"href":"https:\/\/visualiseringscenter.se\/en\/wp-json\/wp\/v2\/pages\/5536\/revisions"}],"predecessor-version":[{"id":5537,"href":"https:\/\/visualiseringscenter.se\/en\/wp-json\/wp\/v2\/pages\/5536\/revisions\/5537"}],"up":[{"embeddable":true,"href":"https:\/\/visualiseringscenter.se\/en\/wp-json\/wp\/v2\/pages\/5492"}],"wp:attachment":[{"href":"https:\/\/visualiseringscenter.se\/en\/wp-json\/wp\/v2\/media?parent=5536"}],"curies":[{"name":"wp","href":"https:\/\/api.w.org\/{rel}","templated":true}]}}