
{"id":9089,"date":"2024-11-25T15:03:59","date_gmt":"2024-11-25T14:03:59","guid":{"rendered":"https:\/\/visualiseringscenter.se\/?page_id=9089"},"modified":"2024-11-25T15:03:59","modified_gmt":"2024-11-25T14:03:59","slug":"play-virtual-reality-vr-3","status":"publish","type":"page","link":"https:\/\/visualiseringscenter.se\/en\/visit\/play-virtual-reality-vr-3\/","title":{"rendered":"Play Virtual Reality VR"},"content":{"rendered":"\n<div class=\"wp-block-animate-blocks-animate\" data-aos=\"fade-up\" data-aos-delay=\"100\" data-aos-duration=\"300\">\n<div class=\"wp-block-group is-style-default\"><div class=\"wp-block-group__inner-container is-layout-constrained wp-block-group-is-layout-constrained\">\n<div class=\"wp-block-columns is-layout-flex wp-container-core-columns-is-layout-9d6595d7 wp-block-columns-is-layout-flex\">\n<div class=\"wp-block-column is-layout-flow wp-block-column-is-layout-flow\" style=\"flex-basis:75%\">\n<h1 class=\"wp-block-heading\">Play Virtual Reality <em>VR<\/em><\/h1>\n\n\n\n<p>Play Virtual Reality and discover entertaining VR games at Visualization Center C!<\/p>\n\n\n\n<p>In our VR Arena, we offer you the opportunity to play Virtual Reality with modern technology and experience the special feeling of playful virtual reality. We use easy-to-use and adjustable VR equipment in the form of Meta Quest 2 with associated headset and hand controllers. The equipment is suitable for both old and young.<\/p>\n\n\n\n<p>Your game session in the VR arena is led under the guidance of a knowledgeable VR host who pedagogically and clearly goes through safety precautions, behavior and how the technology and individual games are handled. Our game sessions are suitable for both beginners and more experienced players. <\/p>\n\n\n\n<p>The games you want to play during your gaming session are selected on the spot from the range shown below. The playing time is allocated based on the number of games selected and your preferences.<\/p>\n\n\n\n<p><\/p>\n<\/div>\n\n\n\n<div class=\"wp-block-column is-style-border has-small-font-size is-layout-flow wp-block-column-is-layout-flow\" style=\"flex-basis:33%\">\n<h3 class=\"wp-block-heading\">Information<\/h3>\n\n\n\n<p><strong>Pris:<\/strong> 149kr<br\/><strong>Tid:<\/strong> 60min<br\/><strong>Rek maxantal:<\/strong> 3 personer (ni spelar en i taget)<br\/><strong>\u00c5ldersgr\u00e4ns:<\/strong> Du beh\u00f6ver vara minst 8 \u00e5r f\u00f6r att spela. Mellan 8-16 \u00e5r ansvarar f\u00f6r\u00e4lder\/medf\u00f6ljande vuxen f\u00f6r dig. Se ytterligare \u00e5ldersrekommendation f\u00f6r bokningsbara spel l\u00e4ngre ner p\u00e5 sidan.<\/p>\n\n\n\n<p><em>When you book a place, you will notice that there is 1 place per time. This place includes your whole party.<\/em><\/p>\n\n\n\n<div class=\"wp-block-buttons is-layout-flex wp-block-buttons-is-layout-flex\">\n<div class=\"wp-block-button\"><a class=\"wp-block-button__link wp-element-button\" href=\"https:\/\/visualiseringscenter.actorsmartbook.se\/default.aspx?category=16\">Book now<\/a><\/div>\n<\/div>\n<\/div>\n<\/div>\n<\/div><\/div>\n<\/div>\n\n<h2 class=\"wp-block-heading\"><\/h2>\n\n<div class=\"wp-block-animate-blocks-animate\" data-aos=\"fade-up\" data-aos-delay=\"200\" data-aos-duration=\"700\">\n<div class=\"wp-block-columns is-layout-flex wp-container-core-columns-is-layout-9d6595d7 wp-block-columns-is-layout-flex\">\n<div class=\"wp-block-column is-vertically-aligned-center is-layout-flow wp-block-column-is-layout-flow\" style=\"flex-basis:100%\">\n<div class=\"wp-block-group is-style-default\"><div class=\"wp-block-group__inner-container is-layout-constrained wp-block-group-is-layout-constrained\">\n<h2 class=\"wp-block-heading\">Our VR games<\/h2>\n<\/div><\/div>\n\n\n\n<div class=\"wp-block-columns is-layout-flex wp-container-core-columns-is-layout-9d6595d7 wp-block-columns-is-layout-flex\">\n<div class=\"wp-block-column is-layout-flow wp-block-column-is-layout-flow\" style=\"flex-basis:60%\">\n<h4 class=\"wp-block-heading\">Beat Saber<\/h4>\n\n\n\n<p>Ever dreamed of holding a lightsaber in your hand? Here you get two! The Beat Saber game combines music and lightsabers in a fantastic mix. Swing your swords in time to the music and don&#8217;t let any &#8220;blocks&#8221; or challenging obstacles reach all the way to you. The more blocks you hit, the better the music sounds and the higher your score. <\/p>\n\n\n\n<p>Ready, set, lightsaber! <\/p>\n<\/div>\n\n\n\n<div class=\"wp-block-column is-layout-flow wp-block-column-is-layout-flow\" style=\"flex-basis:40%\">\n<figure class=\"wp-block-embed is-type-video is-provider-youtube wp-block-embed-youtube wp-embed-aspect-16-9 wp-has-aspect-ratio\"><div class=\"wp-block-embed__wrapper\">\r\n<iframe loading=\"lazy\" title=\"Release Trailer | Beat Saber\" width=\"500\" height=\"281\" src=\"https:\/\/www.youtube.com\/embed\/vL39Sg2AqWg?feature=oembed\" frameborder=\"0\" allow=\"accelerometer; autoplay; clipboard-write; encrypted-media; gyroscope; picture-in-picture; web-share\" referrerpolicy=\"strict-origin-when-cross-origin\" allowfullscreen><\/iframe>\r\n<\/div><\/figure>\r\n<\/div>\n<\/div>\n\n\n\n<div class=\"wp-block-columns is-layout-flex wp-container-core-columns-is-layout-9d6595d7 wp-block-columns-is-layout-flex\">\n<div class=\"wp-block-column is-layout-flow wp-block-column-is-layout-flow\" style=\"flex-basis:40%\">\n<figure class=\"wp-block-embed is-type-video is-provider-youtube wp-block-embed-youtube wp-embed-aspect-16-9 wp-has-aspect-ratio\"><div class=\"wp-block-embed__wrapper\">\r\n<iframe loading=\"lazy\" title=\"Hand Physics Lab: Launch Trailer\" width=\"500\" height=\"281\" src=\"https:\/\/www.youtube.com\/embed\/w-w7omxJuOk?start=1&#038;feature=oembed\" frameborder=\"0\" allow=\"accelerometer; autoplay; clipboard-write; encrypted-media; gyroscope; picture-in-picture; web-share\" referrerpolicy=\"strict-origin-when-cross-origin\" allowfullscreen><\/iframe>\r\n<\/div><\/figure>\r\n<\/div>\n\n\n\n<div class=\"wp-block-column is-layout-flow wp-block-column-is-layout-flow\" style=\"flex-basis:60%\">\n<h4 class=\"wp-block-heading\">Hand Physics Lab<\/h4>\n\n\n\n<p>Imagine if you could greet yourself in virtual reality. The Hand Physics Lab game lets you meet yourself in the Metaverse. Using sensors in your VR headset, the technology recognizes the movements of your hands and fingers. The game then gives you the opportunity to solve exciting puzzles, construct, throw objects and much more. <\/p>\n\n\n\n<p>Let your creativity flow in the virtual world!<\/p>\n<\/div>\n<\/div>\n\n\n\n<div class=\"wp-block-columns is-layout-flex wp-container-core-columns-is-layout-9d6595d7 wp-block-columns-is-layout-flex\">\n<div class=\"wp-block-column is-layout-flow wp-block-column-is-layout-flow\" style=\"flex-basis:60%\">\n<h4 class=\"wp-block-heading\">Pistol Whip<\/h4>\n\n\n\n<p>Put your nerves and reflexes to the test! The excitement is at its peak as you move through a futuristic environment surrounded by enemies with their sights set on you. With a virtual weapon in each hand, you fight your way forward piece by piece with one goal in mind &#8211; to arrive without a scratch on your body.<\/p>\n\n\n\n<p>Pistol Whip is perfect for those who want VR action!<\/p>\n\n\n\n<p><strong>Recommended age limit:<\/strong> From 13 years<\/p>\n<\/div>\n\n\n\n<div class=\"wp-block-column is-layout-flow wp-block-column-is-layout-flow\" style=\"flex-basis:40%\">\n<figure class=\"wp-block-embed is-type-video is-provider-youtube wp-block-embed-youtube wp-embed-aspect-16-9 wp-has-aspect-ratio\"><div class=\"wp-block-embed__wrapper\">\r\n<iframe loading=\"lazy\" title=\"Pistol Whip - VR Launch Trailer | Oculus Quest, PC VR\" width=\"500\" height=\"281\" src=\"https:\/\/www.youtube.com\/embed\/KUwzpaReU5g?feature=oembed\" frameborder=\"0\" allow=\"accelerometer; autoplay; clipboard-write; encrypted-media; gyroscope; picture-in-picture; web-share\" referrerpolicy=\"strict-origin-when-cross-origin\" allowfullscreen><\/iframe>\r\n<\/div><\/figure>\r\n<\/div>\n<\/div>\n\n\n\n<div class=\"wp-block-columns is-layout-flex wp-container-core-columns-is-layout-9d6595d7 wp-block-columns-is-layout-flex\">\n<div class=\"wp-block-column is-layout-flow wp-block-column-is-layout-flow\" style=\"flex-basis:40%\">\n<figure class=\"wp-block-embed is-type-video is-provider-youtube wp-block-embed-youtube wp-embed-aspect-16-9 wp-has-aspect-ratio\"><div class=\"wp-block-embed__wrapper\">\r\n<iframe loading=\"lazy\" title=\"Smash Drums - Quest store launch trailer\" width=\"500\" height=\"281\" src=\"https:\/\/www.youtube.com\/embed\/I7Rz8ZkaYWM?feature=oembed\" frameborder=\"0\" allow=\"accelerometer; autoplay; clipboard-write; encrypted-media; gyroscope; picture-in-picture; web-share\" referrerpolicy=\"strict-origin-when-cross-origin\" allowfullscreen><\/iframe>\r\n<\/div><\/figure>\r\n<\/div>\n\n\n\n<div class=\"wp-block-column is-layout-flow wp-block-column-is-layout-flow\" style=\"flex-basis:60%\">\n<h4 class=\"wp-block-heading\">Smash Drums<\/h4>\n\n\n\n<p>Are you ready to rock? Bring out the hard rocker in you and get inspired in front of a mighty virtual drum kit! Beat and drum your way through challenging songs in search of high scores, glory and fame. The game features varying levels of difficulty and a wide range of inspiring songs to choose from.<\/p>\n\n\n\n<p>Let \u00b4s rock and Smash Drums!<\/p>\n\n\n\n<p><strong>Recommended age limit:<\/strong> From 10 years<\/p>\n<\/div>\n<\/div>\n\n\n\n<hr class=\"wp-block-separator has-alpha-channel-opacity\"\/>\n<\/div>\n<\/div>\n<\/div>\n\n<div class=\"wp-block-columns is-layout-flex wp-container-core-columns-is-layout-9d6595d7 wp-block-columns-is-layout-flex\">\n<div class=\"wp-block-column is-layout-flow wp-block-column-is-layout-flow\">\n<p><strong>Note:<\/strong> Our VR activities are adapted for a wide audience and the games available differ in character and recommendation according to PEGI (international standard for labeling content on film or in games). <a href=\"https:\/\/pegi.info\/sv\/what-do-the-labels-mean\" target=\"_blank\" rel=\"noopener\">You can read more about the PEGI standard here.<\/a> Feel free to contact us if you have any questions about our offer.<\/p>\n\n\n\n<p>We only allow sober participation in VR activities.<\/p>\n<\/div>\n<\/div>\n","protected":false},"excerpt":{"rendered":"<p>Note: Our VR activities are adapted for a wide audience and the games available differ in character and recommendation according to PEGI (international standard for labeling content on film or in games). You can read more about the PEGI standard here. Feel free to contact us if you have any questions about our offer. We [&hellip;]<\/p>\n","protected":false},"author":4,"featured_media":9394,"parent":5407,"menu_order":5,"comment_status":"closed","ping_status":"closed","template":"","meta":{"_acf_changed":false,"footnotes":""},"class_list":["post-9089","page","type-page","status-publish","has-post-thumbnail","hentry"],"acf":[],"yoast_head":"<!-- This site is optimized with the Yoast SEO plugin v27.1.1 - https:\/\/yoast.com\/product\/yoast-seo-wordpress\/ -->\n<title>Play Virtual Reality VR | Visualiseringscenter C<\/title>\n<meta name=\"description\" content=\"Play Virtual Reality and discover entertaining VR games at Visualiseringscenter C. Experience the thrill of virtual reality!\" \/>\n<meta name=\"robots\" content=\"index, follow, max-snippet:-1, max-image-preview:large, max-video-preview:-1\" \/>\n<link rel=\"canonical\" href=\"https:\/\/visualiseringscenter.se\/en\/visit\/play-virtual-reality-vr-3\/\" \/>\n<meta property=\"og:locale\" content=\"en_US\" \/>\n<meta property=\"og:type\" content=\"article\" \/>\n<meta property=\"og:title\" content=\"Play Virtual Reality VR | Visualiseringscenter C\" \/>\n<meta property=\"og:description\" content=\"Play Virtual Reality and discover entertaining VR games at Visualiseringscenter C. Experience the thrill of virtual reality!\" \/>\n<meta property=\"og:url\" content=\"https:\/\/visualiseringscenter.se\/en\/visit\/play-virtual-reality-vr-3\/\" \/>\n<meta property=\"og:site_name\" content=\"Visualiseringscenter C\" \/>\n<meta property=\"og:image\" content=\"https:\/\/visualiseringscenter.se\/wp-content\/uploads\/2024\/06\/visualiseringscenter_047_hifi_fotograf-ristenstrand_norrkoping-e1718285242171.jpg\" \/>\n\t<meta property=\"og:image:width\" content=\"1600\" \/>\n\t<meta property=\"og:image:height\" content=\"2400\" \/>\n\t<meta property=\"og:image:type\" content=\"image\/jpeg\" \/>\n<meta name=\"twitter:card\" content=\"summary_large_image\" \/>\n<meta name=\"twitter:label1\" content=\"Est. reading time\" \/>\n\t<meta name=\"twitter:data1\" content=\"3 minutes\" \/>\n<script type=\"application\/ld+json\" class=\"yoast-schema-graph\">{\"@context\":\"https:\/\/schema.org\",\"@graph\":[{\"@type\":\"WebPage\",\"@id\":\"https:\/\/visualiseringscenter.se\/en\/visit\/play-virtual-reality-vr-3\/\",\"url\":\"https:\/\/visualiseringscenter.se\/en\/visit\/play-virtual-reality-vr-3\/\",\"name\":\"Play Virtual Reality VR | Visualiseringscenter C\",\"isPartOf\":{\"@id\":\"https:\/\/visualiseringscenter.se\/#website\"},\"primaryImageOfPage\":{\"@id\":\"https:\/\/visualiseringscenter.se\/en\/visit\/play-virtual-reality-vr-3\/#primaryimage\"},\"image\":{\"@id\":\"https:\/\/visualiseringscenter.se\/en\/visit\/play-virtual-reality-vr-3\/#primaryimage\"},\"thumbnailUrl\":\"https:\/\/visualiseringscenter.se\/wp-content\/uploads\/2024\/11\/iStock-1324380506.jpg\",\"datePublished\":\"2024-11-25T14:03:59+00:00\",\"description\":\"Play Virtual Reality and discover entertaining VR games at Visualiseringscenter C. Experience the thrill of virtual reality!\",\"breadcrumb\":{\"@id\":\"https:\/\/visualiseringscenter.se\/en\/visit\/play-virtual-reality-vr-3\/#breadcrumb\"},\"inLanguage\":\"en-US\",\"potentialAction\":[{\"@type\":\"ReadAction\",\"target\":[\"https:\/\/visualiseringscenter.se\/en\/visit\/play-virtual-reality-vr-3\/\"]}]},{\"@type\":\"ImageObject\",\"inLanguage\":\"en-US\",\"@id\":\"https:\/\/visualiseringscenter.se\/en\/visit\/play-virtual-reality-vr-3\/#primaryimage\",\"url\":\"https:\/\/visualiseringscenter.se\/wp-content\/uploads\/2024\/11\/iStock-1324380506.jpg\",\"contentUrl\":\"https:\/\/visualiseringscenter.se\/wp-content\/uploads\/2024\/11\/iStock-1324380506.jpg\",\"width\":7952,\"height\":5304,\"caption\":\"People with VR grasses playing virtual reality game. Future digital technology and 3D virtual reality simulation modern futuristic lifestyle\"},{\"@type\":\"BreadcrumbList\",\"@id\":\"https:\/\/visualiseringscenter.se\/en\/visit\/play-virtual-reality-vr-3\/#breadcrumb\",\"itemListElement\":[{\"@type\":\"ListItem\",\"position\":1,\"name\":\"Visit\",\"item\":\"https:\/\/visualiseringscenter.se\/en\/visit\/\"},{\"@type\":\"ListItem\",\"position\":2,\"name\":\"Play Virtual Reality VR\"}]},{\"@type\":\"WebSite\",\"@id\":\"https:\/\/visualiseringscenter.se\/#website\",\"url\":\"https:\/\/visualiseringscenter.se\/\",\"name\":\"Visualiceringscenter C\",\"description\":\"En m\u00f6tesplats kring visualisering f\u00f6r forskning, n\u00e4ringsliv, allm\u00e4nhet och skola\",\"publisher\":{\"@id\":\"https:\/\/visualiseringscenter.se\/#organization\"},\"potentialAction\":[{\"@type\":\"SearchAction\",\"target\":{\"@type\":\"EntryPoint\",\"urlTemplate\":\"https:\/\/visualiseringscenter.se\/?s={search_term_string}\"},\"query-input\":{\"@type\":\"PropertyValueSpecification\",\"valueRequired\":true,\"valueName\":\"search_term_string\"}}],\"inLanguage\":\"en-US\"},{\"@type\":\"Organization\",\"@id\":\"https:\/\/visualiseringscenter.se\/#organization\",\"name\":\"Visualiseringscenter C\",\"url\":\"https:\/\/visualiseringscenter.se\/\",\"logo\":{\"@type\":\"ImageObject\",\"inLanguage\":\"en-US\",\"@id\":\"https:\/\/visualiseringscenter.se\/#\/schema\/logo\/image\/\",\"url\":\"https:\/\/visualiseringscenter.se\/wp-content\/uploads\/2024\/03\/logo_small.png\",\"contentUrl\":\"https:\/\/visualiseringscenter.se\/wp-content\/uploads\/2024\/03\/logo_small.png\",\"width\":713,\"height\":735,\"caption\":\"Visualiseringscenter C\"},\"image\":{\"@id\":\"https:\/\/visualiseringscenter.se\/#\/schema\/logo\/image\/\"}}]}<\/script>\n<!-- \/ Yoast SEO plugin. -->","yoast_head_json":{"title":"Play Virtual Reality VR | Visualiseringscenter C","description":"Play Virtual Reality and discover entertaining VR games at Visualiseringscenter C. Experience the thrill of virtual reality!","robots":{"index":"index","follow":"follow","max-snippet":"max-snippet:-1","max-image-preview":"max-image-preview:large","max-video-preview":"max-video-preview:-1"},"canonical":"https:\/\/visualiseringscenter.se\/en\/visit\/play-virtual-reality-vr-3\/","og_locale":"en_US","og_type":"article","og_title":"Play Virtual Reality VR | Visualiseringscenter C","og_description":"Play Virtual Reality and discover entertaining VR games at Visualiseringscenter C. Experience the thrill of virtual reality!","og_url":"https:\/\/visualiseringscenter.se\/en\/visit\/play-virtual-reality-vr-3\/","og_site_name":"Visualiseringscenter C","og_image":[{"width":1600,"height":2400,"url":"https:\/\/visualiseringscenter.se\/wp-content\/uploads\/2024\/06\/visualiseringscenter_047_hifi_fotograf-ristenstrand_norrkoping-e1718285242171.jpg","type":"image\/jpeg"}],"twitter_card":"summary_large_image","twitter_misc":{"Est. reading time":"3 minutes"},"schema":{"@context":"https:\/\/schema.org","@graph":[{"@type":"WebPage","@id":"https:\/\/visualiseringscenter.se\/en\/visit\/play-virtual-reality-vr-3\/","url":"https:\/\/visualiseringscenter.se\/en\/visit\/play-virtual-reality-vr-3\/","name":"Play Virtual Reality VR | Visualiseringscenter C","isPartOf":{"@id":"https:\/\/visualiseringscenter.se\/#website"},"primaryImageOfPage":{"@id":"https:\/\/visualiseringscenter.se\/en\/visit\/play-virtual-reality-vr-3\/#primaryimage"},"image":{"@id":"https:\/\/visualiseringscenter.se\/en\/visit\/play-virtual-reality-vr-3\/#primaryimage"},"thumbnailUrl":"https:\/\/visualiseringscenter.se\/wp-content\/uploads\/2024\/11\/iStock-1324380506.jpg","datePublished":"2024-11-25T14:03:59+00:00","description":"Play Virtual Reality and discover entertaining VR games at Visualiseringscenter C. Experience the thrill of virtual reality!","breadcrumb":{"@id":"https:\/\/visualiseringscenter.se\/en\/visit\/play-virtual-reality-vr-3\/#breadcrumb"},"inLanguage":"en-US","potentialAction":[{"@type":"ReadAction","target":["https:\/\/visualiseringscenter.se\/en\/visit\/play-virtual-reality-vr-3\/"]}]},{"@type":"ImageObject","inLanguage":"en-US","@id":"https:\/\/visualiseringscenter.se\/en\/visit\/play-virtual-reality-vr-3\/#primaryimage","url":"https:\/\/visualiseringscenter.se\/wp-content\/uploads\/2024\/11\/iStock-1324380506.jpg","contentUrl":"https:\/\/visualiseringscenter.se\/wp-content\/uploads\/2024\/11\/iStock-1324380506.jpg","width":7952,"height":5304,"caption":"People with VR grasses playing virtual reality game. Future digital technology and 3D virtual reality simulation modern futuristic lifestyle"},{"@type":"BreadcrumbList","@id":"https:\/\/visualiseringscenter.se\/en\/visit\/play-virtual-reality-vr-3\/#breadcrumb","itemListElement":[{"@type":"ListItem","position":1,"name":"Visit","item":"https:\/\/visualiseringscenter.se\/en\/visit\/"},{"@type":"ListItem","position":2,"name":"Play Virtual Reality VR"}]},{"@type":"WebSite","@id":"https:\/\/visualiseringscenter.se\/#website","url":"https:\/\/visualiseringscenter.se\/","name":"Visualiceringscenter C","description":"En m\u00f6tesplats kring visualisering f\u00f6r forskning, n\u00e4ringsliv, allm\u00e4nhet och skola","publisher":{"@id":"https:\/\/visualiseringscenter.se\/#organization"},"potentialAction":[{"@type":"SearchAction","target":{"@type":"EntryPoint","urlTemplate":"https:\/\/visualiseringscenter.se\/?s={search_term_string}"},"query-input":{"@type":"PropertyValueSpecification","valueRequired":true,"valueName":"search_term_string"}}],"inLanguage":"en-US"},{"@type":"Organization","@id":"https:\/\/visualiseringscenter.se\/#organization","name":"Visualiseringscenter C","url":"https:\/\/visualiseringscenter.se\/","logo":{"@type":"ImageObject","inLanguage":"en-US","@id":"https:\/\/visualiseringscenter.se\/#\/schema\/logo\/image\/","url":"https:\/\/visualiseringscenter.se\/wp-content\/uploads\/2024\/03\/logo_small.png","contentUrl":"https:\/\/visualiseringscenter.se\/wp-content\/uploads\/2024\/03\/logo_small.png","width":713,"height":735,"caption":"Visualiseringscenter C"},"image":{"@id":"https:\/\/visualiseringscenter.se\/#\/schema\/logo\/image\/"}}]}},"_links":{"self":[{"href":"https:\/\/visualiseringscenter.se\/en\/wp-json\/wp\/v2\/pages\/9089","targetHints":{"allow":["GET"]}}],"collection":[{"href":"https:\/\/visualiseringscenter.se\/en\/wp-json\/wp\/v2\/pages"}],"about":[{"href":"https:\/\/visualiseringscenter.se\/en\/wp-json\/wp\/v2\/types\/page"}],"author":[{"embeddable":true,"href":"https:\/\/visualiseringscenter.se\/en\/wp-json\/wp\/v2\/users\/4"}],"replies":[{"embeddable":true,"href":"https:\/\/visualiseringscenter.se\/en\/wp-json\/wp\/v2\/comments?post=9089"}],"version-history":[{"count":1,"href":"https:\/\/visualiseringscenter.se\/en\/wp-json\/wp\/v2\/pages\/9089\/revisions"}],"predecessor-version":[{"id":9090,"href":"https:\/\/visualiseringscenter.se\/en\/wp-json\/wp\/v2\/pages\/9089\/revisions\/9090"}],"up":[{"embeddable":true,"href":"https:\/\/visualiseringscenter.se\/en\/wp-json\/wp\/v2\/pages\/5407"}],"wp:featuredmedia":[{"embeddable":true,"href":"https:\/\/visualiseringscenter.se\/en\/wp-json\/wp\/v2\/media\/9394"}],"wp:attachment":[{"href":"https:\/\/visualiseringscenter.se\/en\/wp-json\/wp\/v2\/media?parent=9089"}],"curies":[{"name":"wp","href":"https:\/\/api.w.org\/{rel}","templated":true}]}}